{"id":389002,"date":"2025-09-02T10:41:42","date_gmt":"2025-09-02T10:41:42","guid":{"rendered":"https:\/\/glotomania.com\/p\/perlas-de-azucar-funcakes-plata-metalizado-2-mm-80-g-2\/"},"modified":"2026-03-23T12:12:08","modified_gmt":"2026-03-23T12:12:08","slug":"perlas-de-azucar-funcakes-plata-metalizado-2-mm-80-g-2","status":"publish","type":"product","link":"https:\/\/glotomania.com\/pt-pt\/p\/perlas-de-azucar-funcakes-plata-metalizado-2-mm-80-g-2\/","title":{"rendered":"P\u00c9rolas De A\u00c7\u00dacar Funcakes &#8211; Prata Met\u00c1lico (2 Mm) 80 G"},"content":{"rendered":"<p>\n<span style=\"font-size: 14px\">H&aacute; muitos acentos decorativos poss&iacute;veis com estas p&eacute;rolas de a&ccedil;&uacute;car, por exemplo, podem ser usadas como centro de uma flor ou como bordado sobre um bolo.&nbsp;<\/span><\/p>\n<p><span style=\"font-size: 14px\">Vem num pr&aacute;tico frasco dispensador.<\/span><\/p>\n<p><span style=\"font-size: 14px\"><strong>Tamanho<\/strong>: 2 mm de espessura.<\/span><\/p>\n","protected":false},"excerpt":{"rendered":"<p>P\u00e9rolas de a\u00e7\u00facar comest\u00edveis Funcakes, de cor prata e 2 mm de espessura.<\/p>\n","protected":false},"featured_media":37792,"comment_status":"open","ping_status":"closed","template":"","meta":{"_acf_changed":false,"_joinchat":[]},"pwb-brand":[],"product_brand":[],"product_cat":[2910,2979,2982,2907,2997,2920,2996,3001,1839,1840,1832,1901,1845,1888,1849,1866],"product_tag":[],"class_list":{"0":"post-389002","1":"product","2":"type-product","3":"status-publish","4":"has-post-thumbnail","6":"product_cat-casamentos-2","7":"product_cat-decoracoes-comestiveis-2","8":"product_cat-decoracoes-de-acucar","9":"product_cat-festas","10":"product_cat-halal","11":"product_cat-natal-2","12":"product_cat-produtos-vegetarianos","13":"product_cat-sem-e-171-2","14":"product_cat-decoracion-comestible","15":"product_cat-decoraciones-azucar-comestibles","16":"product_cat-diestas-especiales","17":"product_cat-dieta-halal","18":"product_cat-dieta-sin-e-171","19":"product_cat-bodas","20":"product_cat-fiestas","21":"product_cat-navidad","23":"first","24":"instock","25":"taxable","26":"shipping-taxable","27":"purchasable","28":"product-type-simple"},"acf":[],"df_price":4.75,"df_sale_price":"","df_regular_price":4.75,"df_image_link":"https:\/\/e622tfk5wxd.exactdn.com\/wp-content\/uploads\/2023\/07\/img_20510_5a2af95391c7bdb9cf2812a7bc650e18_1-300x300.png?strip=all","brands":[],"_links":{"self":[{"href":"https:\/\/glotomania.com\/pt-pt\/wp-json\/wp\/v2\/product\/389002","targetHints":{"allow":["GET"]}}],"collection":[{"href":"https:\/\/glotomania.com\/pt-pt\/wp-json\/wp\/v2\/product"}],"about":[{"href":"https:\/\/glotomania.com\/pt-pt\/wp-json\/wp\/v2\/types\/product"}],"replies":[{"embeddable":true,"href":"https:\/\/glotomania.com\/pt-pt\/wp-json\/wp\/v2\/comments?post=389002"}],"wp:featuredmedia":[{"embeddable":true,"href":"https:\/\/glotomania.com\/pt-pt\/wp-json\/wp\/v2\/media\/37792"}],"wp:attachment":[{"href":"https:\/\/glotomania.com\/pt-pt\/wp-json\/wp\/v2\/media?parent=389002"}],"wp:term":[{"taxonomy":"pwb-brand","embeddable":true,"href":"https:\/\/glotomania.com\/pt-pt\/wp-json\/wp\/v2\/pwb-brand?post=389002"},{"taxonomy":"product_brand","embeddable":true,"href":"https:\/\/glotomania.com\/pt-pt\/wp-json\/wp\/v2\/product_brand?post=389002"},{"taxonomy":"product_cat","embeddable":true,"href":"https:\/\/glotomania.com\/pt-pt\/wp-json\/wp\/v2\/product_cat?post=389002"},{"taxonomy":"product_tag","embeddable":true,"href":"https:\/\/glotomania.com\/pt-pt\/wp-json\/wp\/v2\/product_tag?post=389002"}],"curies":[{"name":"wp","href":"https:\/\/api.w.org\/{rel}","templated":true}]}}