{"id":389004,"date":"2025-09-02T10:41:43","date_gmt":"2025-09-02T10:41:43","guid":{"rendered":"https:\/\/glotomania.com\/p\/perlas-de-azucar-funcakes-oro-metalizado-4-mm-80-g-2\/"},"modified":"2026-04-22T13:13:00","modified_gmt":"2026-04-22T13:13:00","slug":"perlas-de-azucar-funcakes-oro-metalizado-4-mm-80-g-2","status":"publish","type":"product","link":"https:\/\/glotomania.com\/pt-pt\/p\/perlas-de-azucar-funcakes-oro-metalizado-4-mm-80-g-2\/","title":{"rendered":"P\u00c9rolas De A\u00c7\u00dacar Funcakes &#8211; Ouro Met\u00c1lico (4 Mm) 80 G"},"content":{"rendered":"<p>\n<span style=\"color:#000000\"><span style=\"font-size: 14px\">H&aacute; muitos acentos decorativos poss&iacute;veis com estas p&eacute;rolas de a&ccedil;&uacute;car, por exemplo, podem ser usadas como centro de uma flor ou como bordado sobre um bolo.&nbsp;<\/span><\/span><\/p>\n<p><span style=\"color:#000000\"><span style=\"font-size: 14px\">Vem num pr&aacute;tico frasco dispensador.<\/span><\/span><\/p>\n<p><span style=\"color:#000000\"><span style=\"font-size: 14px\"><strong>Tamanho<\/strong>: 4 mm de espessura.<\/span><\/span><\/p>\n<p>&nbsp;<\/p>\n","protected":false},"excerpt":{"rendered":"<p>P\u00e9rolas de a\u00e7\u00facar comest\u00edveis Funcakes, de cor ouro e 2 mm de espessura.<\/p>\n","protected":false},"featured_media":350471,"comment_status":"open","ping_status":"closed","template":"","meta":{"_acf_changed":false},"pwb-brand":[],"product_brand":[],"product_cat":[2910,2979,2982,2907,2920,2996,2924,3001,1852,1839,1840,1832,1845,1888,1849,1866],"product_tag":[],"class_list":{"0":"post-389004","1":"product","2":"type-product","3":"status-publish","4":"has-post-thumbnail","6":"product_cat-casamentos-2","7":"product_cat-decoracoes-comestiveis-2","8":"product_cat-decoracoes-de-acucar","9":"product_cat-festas","10":"product_cat-natal-2","11":"product_cat-produtos-vegetarianos","12":"product_cat-sao-valentim-2","13":"product_cat-sem-e-171-2","14":"product_cat-san-valentin","15":"product_cat-decoracion-comestible","16":"product_cat-decoraciones-azucar-comestibles","17":"product_cat-diestas-especiales","18":"product_cat-dieta-sin-e-171","19":"product_cat-bodas","20":"product_cat-fiestas","21":"product_cat-navidad","23":"first","24":"instock","25":"taxable","26":"shipping-taxable","27":"purchasable","28":"product-type-simple"},"acf":[],"df_price":4.95,"df_sale_price":"","df_regular_price":4.95,"df_image_link":"https:\/\/glotomania.com\/wp-content\/uploads\/2025\/11\/img_20514_0c19703a92b730bdb18c65009324382a_1-20-300x300.jpg","brands":[],"_links":{"self":[{"href":"https:\/\/glotomania.com\/pt-pt\/wp-json\/wp\/v2\/product\/389004","targetHints":{"allow":["GET"]}}],"collection":[{"href":"https:\/\/glotomania.com\/pt-pt\/wp-json\/wp\/v2\/product"}],"about":[{"href":"https:\/\/glotomania.com\/pt-pt\/wp-json\/wp\/v2\/types\/product"}],"replies":[{"embeddable":true,"href":"https:\/\/glotomania.com\/pt-pt\/wp-json\/wp\/v2\/comments?post=389004"}],"wp:featuredmedia":[{"embeddable":true,"href":"https:\/\/glotomania.com\/pt-pt\/wp-json\/wp\/v2\/media\/350471"}],"wp:attachment":[{"href":"https:\/\/glotomania.com\/pt-pt\/wp-json\/wp\/v2\/media?parent=389004"}],"wp:term":[{"taxonomy":"pwb-brand","embeddable":true,"href":"https:\/\/glotomania.com\/pt-pt\/wp-json\/wp\/v2\/pwb-brand?post=389004"},{"taxonomy":"product_brand","embeddable":true,"href":"https:\/\/glotomania.com\/pt-pt\/wp-json\/wp\/v2\/product_brand?post=389004"},{"taxonomy":"product_cat","embeddable":true,"href":"https:\/\/glotomania.com\/pt-pt\/wp-json\/wp\/v2\/product_cat?post=389004"},{"taxonomy":"product_tag","embeddable":true,"href":"https:\/\/glotomania.com\/pt-pt\/wp-json\/wp\/v2\/product_tag?post=389004"}],"curies":[{"name":"wp","href":"https:\/\/api.w.org\/{rel}","templated":true}]}}