{"id":389006,"date":"2025-09-02T10:41:44","date_gmt":"2025-09-02T10:41:44","guid":{"rendered":"https:\/\/glotomania.com\/p\/set-herramientas-para-corte-y-modelado-wilton-2\/"},"modified":"2026-03-20T05:00:08","modified_gmt":"2026-03-20T05:00:08","slug":"set-herramientas-para-corte-y-modelado-wilton-2","status":"publish","type":"product","link":"https:\/\/glotomania.com\/pt-pt\/p\/set-herramientas-para-corte-y-modelado-wilton-2\/","title":{"rendered":"Conjunto De Ferramentas De Corte E Modelagem &#8211; Wilton"},"content":{"rendered":"<p>&nbsp;<\/p>\n<p><span style=\"font-size:14px\">O conjunto inclui 3 ferramentas de corte e modela&ccedil;&atilde;o feitas de pl&aacute;stico seguro para os alimentos.&nbsp;<\/span><\/p>\n<ul>\n<li><span style=\"font-size:14px\">A ferramenta de <strong>bola<\/strong>: tem uma bola grande numa extremidade e uma bola pequena na outra, ideal para moldar as extremidades de p&eacute;talas e fitas de flores.<\/span><\/li>\n<li><span style=\"font-size:14px\">Utilizar as <strong>rodas rotativas <\/strong>para imprimir detalhes pontilhados ou tracejados na massa.<\/span><\/li>\n<li><span style=\"font-size:14px\">A ferramenta de <strong>faca<\/strong>: tem uma l&acirc;mina numa extremidade e um espig&atilde;o pontiagudo na outra. Utilize a ponta da faca para cortar e aparar pequenas decora&ccedil;&otilde;es, enquanto a ponta da agulha pode ser utilizada para padr&otilde;es individuais de pontos ou para soltar bolhas de ar no fondant.<\/span><\/li>\n<\/ul>\n<p><span style=\"font-size:14px\">Antes da primeira e ap&oacute;s cada utiliza&ccedil;&atilde;o, lavar &agrave; m&atilde;o com &aacute;gua morna com sab&atilde;o. Enxaguar e secar bem ao ar.<\/span><\/p>\n","protected":false},"excerpt":{"rendered":"<p>O trabalho com massas ser\u00e1 agora mais f\u00e1cil gra\u00e7as ao conjunto de ferramentas de fondant e pasta de goma de Wilton.<\/p>\n","protected":false},"featured_media":348098,"comment_status":"open","ping_status":"closed","template":"","meta":{"_acf_changed":false},"pwb-brand":[],"product_brand":[],"product_cat":[3106,3124,3087,1820,1823,1767],"product_tag":[],"class_list":{"0":"post-389006","1":"product","2":"type-product","3":"status-publish","4":"has-post-thumbnail","6":"product_cat-basicos-de-pastelaria","7":"product_cat-ferramentas-de-corte-e-modelacao-2","8":"product_cat-ordem-e-armazenamento","9":"product_cat-basicos","10":"product_cat-herramientas-corte-y-modelado","11":"product_cat-utensilios","13":"first","14":"instock","15":"taxable","16":"shipping-taxable","17":"purchasable","18":"product-type-simple"},"acf":[],"df_price":9.39,"df_sale_price":"","df_regular_price":9.39,"df_image_link":"https:\/\/glotomania.com\/wp-content\/uploads\/2025\/11\/img_20519_dff3225528b7f3151268f78ae9ab8185_1-27-300x300.jpg","brands":[],"_links":{"self":[{"href":"https:\/\/glotomania.com\/pt-pt\/wp-json\/wp\/v2\/product\/389006","targetHints":{"allow":["GET"]}}],"collection":[{"href":"https:\/\/glotomania.com\/pt-pt\/wp-json\/wp\/v2\/product"}],"about":[{"href":"https:\/\/glotomania.com\/pt-pt\/wp-json\/wp\/v2\/types\/product"}],"replies":[{"embeddable":true,"href":"https:\/\/glotomania.com\/pt-pt\/wp-json\/wp\/v2\/comments?post=389006"}],"wp:featuredmedia":[{"embeddable":true,"href":"https:\/\/glotomania.com\/pt-pt\/wp-json\/wp\/v2\/media\/348098"}],"wp:attachment":[{"href":"https:\/\/glotomania.com\/pt-pt\/wp-json\/wp\/v2\/media?parent=389006"}],"wp:term":[{"taxonomy":"pwb-brand","embeddable":true,"href":"https:\/\/glotomania.com\/pt-pt\/wp-json\/wp\/v2\/pwb-brand?post=389006"},{"taxonomy":"product_brand","embeddable":true,"href":"https:\/\/glotomania.com\/pt-pt\/wp-json\/wp\/v2\/product_brand?post=389006"},{"taxonomy":"product_cat","embeddable":true,"href":"https:\/\/glotomania.com\/pt-pt\/wp-json\/wp\/v2\/product_cat?post=389006"},{"taxonomy":"product_tag","embeddable":true,"href":"https:\/\/glotomania.com\/pt-pt\/wp-json\/wp\/v2\/product_tag?post=389006"}],"curies":[{"name":"wp","href":"https:\/\/api.w.org\/{rel}","templated":true}]}}