{"id":389011,"date":"2025-09-02T10:41:48","date_gmt":"2025-09-02T10:41:48","guid":{"rendered":"https:\/\/glotomania.com\/p\/colorante-en-pasta-sugarflair-white-extra-blanco-extra-42-g-2\/"},"modified":"2026-04-28T19:42:48","modified_gmt":"2026-04-28T19:42:48","slug":"colorante-en-pasta-sugarflair-white-extra-blanco-extra-42-g-2","status":"publish","type":"product","link":"https:\/\/glotomania.com\/pt-pt\/p\/colorante-en-pasta-sugarflair-white-extra-blanco-extra-42-g-2\/","title":{"rendered":"Corante Em Pasta Sugarflair &#8211; White Extra \/ Branco Extra 42 G"},"content":{"rendered":"<p>&nbsp;<\/p>\n<p><strong><span style=\"font-size:14px\">M&eacute;todo de utiliza&ccedil;&atilde;o:<\/span><\/strong><\/p>\n<p><span style=\"font-size:14px\">Aplicar a cor em pequenas quantidades na massa com um palito limpo ou similar, depois amassar bem at&eacute; que a massa esteja totalmente colorida.&nbsp;<\/span><\/p>\n<p><em><strong><span style=\"font-size:14px\">Adequado para todos os alimentos &agrave; base de &aacute;gua.<\/span><\/strong><\/em><\/p>\n","protected":false},"excerpt":{"rendered":"<p>Com os corantes Extra Sugarflair conseguir\u00e1 tons muito intensos para as suas cria\u00e7\u00f5es.<\/p>\n","protected":false},"featured_media":350476,"comment_status":"open","ping_status":"closed","template":"","meta":{"_acf_changed":false},"pwb-brand":[],"product_brand":[],"product_cat":[2953,2959,2996,3001,3004,1835,1836,1832,1845,1833],"product_tag":[],"class_list":{"0":"post-389011","1":"product","2":"type-product","3":"status-publish","4":"has-post-thumbnail","6":"product_cat-corantes-e-pinturas","7":"product_cat-corantes-em-pasta-2","8":"product_cat-produtos-vegetarianos","9":"product_cat-sem-e-171-2","10":"product_cat-sem-gluten-2","11":"product_cat-colorantes","12":"product_cat-colorantes-pasta","13":"product_cat-diestas-especiales","14":"product_cat-dieta-sin-e-171","15":"product_cat-dieta-sin-gluten","17":"first","18":"instock","19":"taxable","20":"shipping-taxable","21":"purchasable","22":"product-type-simple"},"acf":[],"df_price":9.55,"df_sale_price":"","df_regular_price":9.55,"df_image_link":"https:\/\/glotomania.com\/wp-content\/uploads\/2025\/11\/img_20527_86487e2a25095ac847778e2ee6fbd064_1-35-300x300.jpg","brands":[],"_links":{"self":[{"href":"https:\/\/glotomania.com\/pt-pt\/wp-json\/wp\/v2\/product\/389011","targetHints":{"allow":["GET"]}}],"collection":[{"href":"https:\/\/glotomania.com\/pt-pt\/wp-json\/wp\/v2\/product"}],"about":[{"href":"https:\/\/glotomania.com\/pt-pt\/wp-json\/wp\/v2\/types\/product"}],"replies":[{"embeddable":true,"href":"https:\/\/glotomania.com\/pt-pt\/wp-json\/wp\/v2\/comments?post=389011"}],"wp:featuredmedia":[{"embeddable":true,"href":"https:\/\/glotomania.com\/pt-pt\/wp-json\/wp\/v2\/media\/350476"}],"wp:attachment":[{"href":"https:\/\/glotomania.com\/pt-pt\/wp-json\/wp\/v2\/media?parent=389011"}],"wp:term":[{"taxonomy":"pwb-brand","embeddable":true,"href":"https:\/\/glotomania.com\/pt-pt\/wp-json\/wp\/v2\/pwb-brand?post=389011"},{"taxonomy":"product_brand","embeddable":true,"href":"https:\/\/glotomania.com\/pt-pt\/wp-json\/wp\/v2\/product_brand?post=389011"},{"taxonomy":"product_cat","embeddable":true,"href":"https:\/\/glotomania.com\/pt-pt\/wp-json\/wp\/v2\/product_cat?post=389011"},{"taxonomy":"product_tag","embeddable":true,"href":"https:\/\/glotomania.com\/pt-pt\/wp-json\/wp\/v2\/product_tag?post=389011"}],"curies":[{"name":"wp","href":"https:\/\/api.w.org\/{rel}","templated":true}]}}