{"id":389013,"date":"2025-09-02T10:41:49","date_gmt":"2025-09-02T10:41:49","guid":{"rendered":"https:\/\/glotomania.com\/p\/cortador-para-galletas-patisse-ancla-2\/"},"modified":"2026-03-10T18:20:24","modified_gmt":"2026-03-10T18:20:24","slug":"cortador-para-galletas-patisse-ancla-2","status":"publish","type":"product","link":"https:\/\/glotomania.com\/pt-pt\/p\/cortador-para-galletas-patisse-ancla-2\/","title":{"rendered":"Cortador De Biscoitos Patisse &#8211; \u00c2ncora"},"content":{"rendered":"<p>&nbsp;<\/p>\n<p><span style=\"font-size:14px\">Fabricado em<strong> a&ccedil;o inoxid&aacute;vel <\/strong>de alta qualidade, seguro para alimentos.<\/span><\/p>\n<p><span style=\"font-size:14px\"><strong>Dimens&otilde;es aproximadas: <\/strong>10 cm.<\/span><\/p>\n","protected":false},"excerpt":{"rendered":"<p>Cortador Patisse em a\u00e7o inoxid\u00e1vel com um bonito e original desenho de \u00e2ncora, perfeito para as nossas decora\u00e7\u00f5es mais rom\u00e2nticas!<\/p>\n","protected":false},"featured_media":348114,"comment_status":"open","ping_status":"closed","template":"","meta":{"_acf_changed":false},"pwb-brand":[],"product_brand":[],"product_cat":[2908,2910,2911,3199,2907,3087,2924,1852,1788,1888,1862,1885,1849,1767],"product_tag":[],"class_list":{"0":"post-389013","1":"product","2":"type-product","3":"status-publish","4":"has-post-thumbnail","6":"product_cat-batizados","7":"product_cat-casamentos-2","8":"product_cat-comunhoes","9":"product_cat-cortadores-de-metal","10":"product_cat-festas","11":"product_cat-ordem-e-armazenamento","12":"product_cat-sao-valentim-2","13":"product_cat-san-valentin","14":"product_cat-cortadores-de-cobre","15":"product_cat-bodas","16":"product_cat-comuniones","17":"product_cat-bautizos","18":"product_cat-fiestas","19":"product_cat-utensilios","21":"first","22":"instock","23":"taxable","24":"shipping-taxable","25":"purchasable","26":"product-type-simple"},"acf":[],"df_price":5.25,"df_sale_price":"","df_regular_price":5.25,"df_image_link":"https:\/\/glotomania.com\/wp-content\/uploads\/2025\/11\/img_20536_54657c6c5523738fb70a549d7bd2a50f_1-41-300x300.jpg","brands":[],"_links":{"self":[{"href":"https:\/\/glotomania.com\/pt-pt\/wp-json\/wp\/v2\/product\/389013","targetHints":{"allow":["GET"]}}],"collection":[{"href":"https:\/\/glotomania.com\/pt-pt\/wp-json\/wp\/v2\/product"}],"about":[{"href":"https:\/\/glotomania.com\/pt-pt\/wp-json\/wp\/v2\/types\/product"}],"replies":[{"embeddable":true,"href":"https:\/\/glotomania.com\/pt-pt\/wp-json\/wp\/v2\/comments?post=389013"}],"wp:featuredmedia":[{"embeddable":true,"href":"https:\/\/glotomania.com\/pt-pt\/wp-json\/wp\/v2\/media\/348114"}],"wp:attachment":[{"href":"https:\/\/glotomania.com\/pt-pt\/wp-json\/wp\/v2\/media?parent=389013"}],"wp:term":[{"taxonomy":"pwb-brand","embeddable":true,"href":"https:\/\/glotomania.com\/pt-pt\/wp-json\/wp\/v2\/pwb-brand?post=389013"},{"taxonomy":"product_brand","embeddable":true,"href":"https:\/\/glotomania.com\/pt-pt\/wp-json\/wp\/v2\/product_brand?post=389013"},{"taxonomy":"product_cat","embeddable":true,"href":"https:\/\/glotomania.com\/pt-pt\/wp-json\/wp\/v2\/product_cat?post=389013"},{"taxonomy":"product_tag","embeddable":true,"href":"https:\/\/glotomania.com\/pt-pt\/wp-json\/wp\/v2\/product_tag?post=389013"}],"curies":[{"name":"wp","href":"https:\/\/api.w.org\/{rel}","templated":true}]}}