{"id":389016,"date":"2025-09-02T10:41:51","date_gmt":"2025-09-02T10:41:51","guid":{"rendered":"https:\/\/glotomania.com\/p\/cortador-metalico-para-galletas-diente-2\/"},"modified":"2026-05-14T01:38:27","modified_gmt":"2026-05-14T01:38:27","slug":"cortador-metalico-para-galletas-diente-2","status":"publish","type":"product","link":"https:\/\/glotomania.com\/pt-pt\/p\/cortador-metalico-para-galletas-diente-2\/","title":{"rendered":"Cortador De Biscoitos De Metal &#8211; Dente"},"content":{"rendered":"<p>&nbsp;<\/p>\n<p><span style=\"font-size: 14px\">Feitos de metal de alta qualidade, seguros para alimentos, f&aacute;ceis de limpar.&nbsp;<\/span><br style=\"font-size: 14px\" \/><br \/>\n<strong style=\"font-size: 14px\">Medidas:<\/strong><span style=\"font-size: 14px\">&nbsp;<\/span><span class=\"mw-page-title-main\" style=\"font-size: 14px\">6 x 3,5<\/span><span style=\"font-size: 14px\">&nbsp;cm.<\/span><\/p>\n","protected":false},"excerpt":{"rendered":"<p>Cortador de metal em forma de dente, perfeito para as nossas cria\u00e7\u00f5es tem\u00e1ticas de fada dos dentes!<\/p>\n","protected":false},"featured_media":155113,"comment_status":"open","ping_status":"closed","template":"","meta":{"_acf_changed":false},"pwb-brand":[],"product_brand":[],"product_cat":[1788,3199,2907,3087,1849,1767],"product_tag":[],"class_list":{"0":"post-389016","1":"product","2":"type-product","3":"status-publish","4":"has-post-thumbnail","6":"product_cat-cortadores-de-cobre","7":"product_cat-cortadores-de-metal","8":"product_cat-festas","9":"product_cat-ordem-e-armazenamento","10":"product_cat-fiestas","11":"product_cat-utensilios","13":"first","14":"instock","15":"taxable","16":"shipping-taxable","17":"purchasable","18":"product-type-simple"},"acf":[],"df_price":2.72,"df_sale_price":1.9,"df_regular_price":2.72,"df_image_link":"https:\/\/glotomania.com\/wp-content\/uploads\/2025\/09\/img_20539_8d3f9efd02bca502dc5aa9ee95528513_1-300x300.png","brands":[],"_links":{"self":[{"href":"https:\/\/glotomania.com\/pt-pt\/wp-json\/wp\/v2\/product\/389016","targetHints":{"allow":["GET"]}}],"collection":[{"href":"https:\/\/glotomania.com\/pt-pt\/wp-json\/wp\/v2\/product"}],"about":[{"href":"https:\/\/glotomania.com\/pt-pt\/wp-json\/wp\/v2\/types\/product"}],"replies":[{"embeddable":true,"href":"https:\/\/glotomania.com\/pt-pt\/wp-json\/wp\/v2\/comments?post=389016"}],"wp:featuredmedia":[{"embeddable":true,"href":"https:\/\/glotomania.com\/pt-pt\/wp-json\/wp\/v2\/media\/155113"}],"wp:attachment":[{"href":"https:\/\/glotomania.com\/pt-pt\/wp-json\/wp\/v2\/media?parent=389016"}],"wp:term":[{"taxonomy":"pwb-brand","embeddable":true,"href":"https:\/\/glotomania.com\/pt-pt\/wp-json\/wp\/v2\/pwb-brand?post=389016"},{"taxonomy":"product_brand","embeddable":true,"href":"https:\/\/glotomania.com\/pt-pt\/wp-json\/wp\/v2\/product_brand?post=389016"},{"taxonomy":"product_cat","embeddable":true,"href":"https:\/\/glotomania.com\/pt-pt\/wp-json\/wp\/v2\/product_cat?post=389016"},{"taxonomy":"product_tag","embeddable":true,"href":"https:\/\/glotomania.com\/pt-pt\/wp-json\/wp\/v2\/product_tag?post=389016"}],"curies":[{"name":"wp","href":"https:\/\/api.w.org\/{rel}","templated":true}]}}