{"id":389028,"date":"2025-09-02T10:42:13","date_gmt":"2025-09-02T10:42:13","guid":{"rendered":"https:\/\/glotomania.com\/p\/molde-silicona-katy-sue-cuerdas-y-nudos-ropes-and-knots-2\/"},"modified":"2026-03-17T11:18:33","modified_gmt":"2026-03-17T11:18:33","slug":"molde-silicona-katy-sue-cuerdas-y-nudos-ropes-and-knots-2","status":"publish","type":"product","link":"https:\/\/glotomania.com\/pt-pt\/p\/molde-silicona-katy-sue-cuerdas-y-nudos-ropes-and-knots-2\/","title":{"rendered":"Molde De Silicone Katy Sue &#8211; Cordas E N\u00d3s \/ &#8220;ropes And Knots&#8221;."},"content":{"rendered":"<p>&nbsp;<\/p>\n<p><span style=\"font-size:14px\">O desenho do molde <strong>Cordas e N&oacute;s<\/strong> inclui at&eacute; o mais pequeno detalhe para obter resultados perfeitos.&nbsp;<\/span><\/p>\n<p><span style=\"font-size:14px\">Pode ser utilizado com: fondant, pasta de modelar, pasta de flores, chocolate, ma&ccedil;ap&atilde;o, caramelo e rebu&ccedil;ados&#8230; Tamb&eacute;m pode ser utilizado para<strong> projectos art&iacute;sticos<\/strong> (com porcelana fria, massa salgada, barro, etc.).&nbsp;<\/span><\/p>\n<p><span style=\"font-size:14px\"><u><strong>Aten&ccedil;&atilde;o<\/strong><\/u>: <em>&eacute; prefer&iacute;vel utilizar o molde para trabalhos alimentares ou para trabalhos art&iacute;sticos, e n&atilde;o para ambos.<\/em><\/span><\/p>\n<p><span style=\"font-size:14px\"><u><strong>Instru&ccedil;&otilde;es de utiliza&ccedil;&atilde;o:&nbsp;<\/strong><\/u><\/span><\/p>\n<ul>\n<li>Lavar e secar o molde antes de o utilizar.<\/li>\n<li><span style=\"font-size:14px\">Polvilhar o molde com um pouco de farinha de milho para que a massa possa ser facilmente retirada.<\/span><\/li>\n<li><span style=\"font-size:14px\">Encher o molde com fondant (sem o encher completamente).&nbsp;<\/span><\/li>\n<li><span style=\"font-size:14px\">Retire o excesso de fondant at&eacute; conseguir ver o contorno do desenho.&nbsp;<\/span><\/li>\n<li><span style=\"font-size:14px\">Vire o molde e puxe a figura com cuidado.&nbsp;<\/span><\/li>\n<\/ul>\n<p><span style=\"font-size:14px\">O molde &eacute; feito de <strong>silicone <\/strong>de alta qualidade e seguro para alimentos. Resiste a temperaturas elevadas no forno (200 &deg;C) e pode ser lavado na m&aacute;quina de lavar loi&ccedil;a.<\/span><\/p>\n<p><span style=\"font-size:14px\"><strong>Dimens&otilde;es aproximadas:<\/strong> entre 1 e 18 cm.<\/span><\/p>\n<p><em><span style=\"font-size:14px\">Os moldes Katy Sue s&atilde;o feitos de silicone seguro para alimentos e s&atilde;o fabricados na sua pr&oacute;pria f&aacute;brica no Reino Unido. Os desenhos s&atilde;o esculpidos &agrave; m&atilde;o e ganharam muitos pr&eacute;mios nos EUA e no Reino Unido. Os direitos de autor s&atilde;o da Katy Sue Designs Ltd &copy;.<\/span><\/em><\/p>\n","protected":false},"excerpt":{"rendered":"<p>Molde de silicone de alta qualidade da Katy Sue, concebido para criar um padr\u00e3o din\u00e2mico cont\u00ednuo de cordas e n\u00f3s.<\/p>\n","protected":false},"featured_media":350501,"comment_status":"open","ping_status":"closed","template":"","meta":{"_acf_changed":false},"pwb-brand":[],"product_brand":[],"product_cat":[1852,2911,2907,3214,1801,1810,3222,3087,1862,1849,2924,1767],"product_tag":[],"class_list":{"0":"post-389028","1":"product","2":"type-product","3":"status-publish","4":"has-post-thumbnail","6":"product_cat-san-valentin","7":"product_cat-comunhoes","8":"product_cat-festas","9":"product_cat-moldes-de-pastelaria","10":"product_cat-moldes","11":"product_cat-moldes-silicona","12":"product_cat-moldes-de-silicone","13":"product_cat-ordem-e-armazenamento","14":"product_cat-comuniones","15":"product_cat-fiestas","16":"product_cat-sao-valentim-2","17":"product_cat-utensilios","19":"first","20":"instock","21":"taxable","22":"shipping-taxable","23":"purchasable","24":"product-type-simple"},"acf":[],"df_price":17.94,"df_sale_price":"","df_regular_price":17.94,"df_image_link":"https:\/\/glotomania.com\/wp-content\/uploads\/2025\/11\/img_20927_b9e9293e7fd099544153bda590a28ff0_1-37-300x300.jpg","brands":[],"_links":{"self":[{"href":"https:\/\/glotomania.com\/pt-pt\/wp-json\/wp\/v2\/product\/389028","targetHints":{"allow":["GET"]}}],"collection":[{"href":"https:\/\/glotomania.com\/pt-pt\/wp-json\/wp\/v2\/product"}],"about":[{"href":"https:\/\/glotomania.com\/pt-pt\/wp-json\/wp\/v2\/types\/product"}],"replies":[{"embeddable":true,"href":"https:\/\/glotomania.com\/pt-pt\/wp-json\/wp\/v2\/comments?post=389028"}],"wp:featuredmedia":[{"embeddable":true,"href":"https:\/\/glotomania.com\/pt-pt\/wp-json\/wp\/v2\/media\/350501"}],"wp:attachment":[{"href":"https:\/\/glotomania.com\/pt-pt\/wp-json\/wp\/v2\/media?parent=389028"}],"wp:term":[{"taxonomy":"pwb-brand","embeddable":true,"href":"https:\/\/glotomania.com\/pt-pt\/wp-json\/wp\/v2\/pwb-brand?post=389028"},{"taxonomy":"product_brand","embeddable":true,"href":"https:\/\/glotomania.com\/pt-pt\/wp-json\/wp\/v2\/product_brand?post=389028"},{"taxonomy":"product_cat","embeddable":true,"href":"https:\/\/glotomania.com\/pt-pt\/wp-json\/wp\/v2\/product_cat?post=389028"},{"taxonomy":"product_tag","embeddable":true,"href":"https:\/\/glotomania.com\/pt-pt\/wp-json\/wp\/v2\/product_tag?post=389028"}],"curies":[{"name":"wp","href":"https:\/\/api.w.org\/{rel}","templated":true}]}}