{"id":389037,"date":"2025-09-02T10:42:19","date_gmt":"2025-09-02T10:42:19","guid":{"rendered":"https:\/\/glotomania.com\/p\/caja-para-turron-tipo-tunel-base-kraft-tapa-transparente-20-cm-2\/"},"modified":"2026-03-10T18:21:21","modified_gmt":"2026-03-10T18:21:21","slug":"caja-para-turron-tipo-tunel-base-kraft-tapa-transparente-20-cm-2","status":"publish","type":"product","link":"https:\/\/glotomania.com\/pt-pt\/p\/caja-para-turron-tipo-tunel-base-kraft-tapa-transparente-20-cm-2\/","title":{"rendered":"Caixa Para Nougat Tipo T\u00danel (base Kraft + Tampa Transparente) &#8211; 20 Cm"},"content":{"rendered":"<p>&nbsp;<\/p>\n<p><span style=\"font-size:14px\"><span style=\"color:#000000\">Fabricada com uma base de cart&atilde;o kraft resistente, oferece uma estrutura s&oacute;lida que protege o conte&uacute;do durante o transporte e o armazenamento. A tampa transparente de pl&aacute;stico permite exibir o produto de forma atraente, permitindo que os clientes apreciem a qualidade e os detalhes do nougat sem necessidade de abrir a caixa.<\/span><\/span><\/p>\n<p><span style=\"font-size:14px\"><span style=\"color:#000000\">O seu design tipo t&uacute;nel proporciona um acesso f&aacute;cil para retirar o nougat, mantendo a integridade e a apresenta&ccedil;&atilde;o do mesmo.<\/span><\/span><\/p>\n<p><span style=\"font-size:14px\"><span style=\"color:#000000\"><strong>Dimens&otilde;es aproximadas: <\/strong><u>Base <\/u>20,5 x 4,5 x 3 cm &#8211; <u>Tampa<\/u> 20,6 x 4,7 x 2,5 cm.<\/span><\/span><\/p>\n","protected":false},"excerpt":{"rendered":"<p>A caixa para turr\u00f3n tipo t\u00fanel \u00e9 a op\u00e7\u00e3o perfeita para apresentar e conservar os seus deliciosos turrones de forma elegante e segura.<\/p>\n","protected":false},"featured_media":143201,"comment_status":"open","ping_status":"closed","template":"","meta":{"_acf_changed":false},"pwb-brand":[],"product_brand":[],"product_cat":[3158,3182,2920,3087,1782,1984,1866,1767],"product_tag":[],"class_list":{"0":"post-389037","1":"product","2":"type-product","3":"status-publish","4":"has-post-thumbnail","6":"product_cat-caixas-de-pastelaria","7":"product_cat-caixas-para-nougat-2","8":"product_cat-natal-2","9":"product_cat-ordem-e-armazenamento","10":"product_cat-cajas","11":"product_cat-cajas-turron","12":"product_cat-navidad","13":"product_cat-utensilios","15":"first","16":"instock","17":"taxable","18":"shipping-taxable","19":"purchasable","20":"product-type-simple"},"acf":[],"df_price":1.25,"df_sale_price":"","df_regular_price":1.25,"df_image_link":"https:\/\/glotomania.com\/wp-content\/uploads\/2025\/09\/img_27188_84a63cbbc3a83cc66f0a640173dc3fc9_1-300x300.jpg","brands":[],"_links":{"self":[{"href":"https:\/\/glotomania.com\/pt-pt\/wp-json\/wp\/v2\/product\/389037","targetHints":{"allow":["GET"]}}],"collection":[{"href":"https:\/\/glotomania.com\/pt-pt\/wp-json\/wp\/v2\/product"}],"about":[{"href":"https:\/\/glotomania.com\/pt-pt\/wp-json\/wp\/v2\/types\/product"}],"replies":[{"embeddable":true,"href":"https:\/\/glotomania.com\/pt-pt\/wp-json\/wp\/v2\/comments?post=389037"}],"wp:featuredmedia":[{"embeddable":true,"href":"https:\/\/glotomania.com\/pt-pt\/wp-json\/wp\/v2\/media\/143201"}],"wp:attachment":[{"href":"https:\/\/glotomania.com\/pt-pt\/wp-json\/wp\/v2\/media?parent=389037"}],"wp:term":[{"taxonomy":"pwb-brand","embeddable":true,"href":"https:\/\/glotomania.com\/pt-pt\/wp-json\/wp\/v2\/pwb-brand?post=389037"},{"taxonomy":"product_brand","embeddable":true,"href":"https:\/\/glotomania.com\/pt-pt\/wp-json\/wp\/v2\/product_brand?post=389037"},{"taxonomy":"product_cat","embeddable":true,"href":"https:\/\/glotomania.com\/pt-pt\/wp-json\/wp\/v2\/product_cat?post=389037"},{"taxonomy":"product_tag","embeddable":true,"href":"https:\/\/glotomania.com\/pt-pt\/wp-json\/wp\/v2\/product_tag?post=389037"}],"curies":[{"name":"wp","href":"https:\/\/api.w.org\/{rel}","templated":true}]}}