{"id":389043,"date":"2025-09-02T10:42:26","date_gmt":"2025-09-02T10:42:26","guid":{"rendered":"https:\/\/glotomania.com\/p\/acido-citrico-funcakes-80-g-2\/"},"modified":"2026-04-14T18:09:18","modified_gmt":"2026-04-14T18:09:18","slug":"acido-citrico-funcakes-80-g-2","status":"publish","type":"product","link":"https:\/\/glotomania.com\/pt-pt\/p\/acido-citrico-funcakes-80-g-2\/","title":{"rendered":"\u00c1cido C\u00cdtrico Funcakes &#8211; 80 G"},"content":{"rendered":"<p>&nbsp;<\/p>\n<p><span style=\"font-size:14px\">O &aacute;cido c&iacute;trico em p&oacute; &eacute; perfeito como <strong>conservante natural <\/strong>e como<strong> acidulante de bebidas<\/strong>. Especificamente no sector da confeitaria, utiliz&aacute;-lo-emos para obter uma<u> cobertura real menos doce<\/u>.<\/span><\/p>\n","protected":false},"excerpt":{"rendered":"<p>P\u00f3 de \u00e1cido c\u00edtrico Funcakes, um ingrediente essencial na nossa cozinha.<\/p>\n","protected":false},"featured_media":344845,"comment_status":"open","ping_status":"closed","template":"","meta":{"_acf_changed":false},"pwb-brand":[],"product_brand":[],"product_cat":[3018,3034,2996,3001,1832,1844,1845,1961],"product_tag":[],"class_list":{"0":"post-389043","1":"product","2":"type-product","3":"status-publish","4":"has-post-thumbnail","6":"product_cat-ingredientes-de-pastelaria-2","7":"product_cat-ingredientes-tecnicos-2","8":"product_cat-produtos-vegetarianos","9":"product_cat-sem-e-171-2","10":"product_cat-diestas-especiales","11":"product_cat-ingredientes-reposteria","12":"product_cat-dieta-sin-e-171","13":"product_cat-ingredientes-tecnicos","15":"first","16":"instock","17":"taxable","18":"shipping-taxable","19":"purchasable","20":"product-type-simple"},"acf":[],"df_price":3.15,"df_sale_price":"","df_regular_price":3.15,"df_image_link":"https:\/\/glotomania.com\/wp-content\/uploads\/2025\/11\/img_21172_6ecae58a8880b22881ceca0df24994b5_1-27-300x300.jpg","brands":[],"_links":{"self":[{"href":"https:\/\/glotomania.com\/pt-pt\/wp-json\/wp\/v2\/product\/389043","targetHints":{"allow":["GET"]}}],"collection":[{"href":"https:\/\/glotomania.com\/pt-pt\/wp-json\/wp\/v2\/product"}],"about":[{"href":"https:\/\/glotomania.com\/pt-pt\/wp-json\/wp\/v2\/types\/product"}],"replies":[{"embeddable":true,"href":"https:\/\/glotomania.com\/pt-pt\/wp-json\/wp\/v2\/comments?post=389043"}],"wp:featuredmedia":[{"embeddable":true,"href":"https:\/\/glotomania.com\/pt-pt\/wp-json\/wp\/v2\/media\/344845"}],"wp:attachment":[{"href":"https:\/\/glotomania.com\/pt-pt\/wp-json\/wp\/v2\/media?parent=389043"}],"wp:term":[{"taxonomy":"pwb-brand","embeddable":true,"href":"https:\/\/glotomania.com\/pt-pt\/wp-json\/wp\/v2\/pwb-brand?post=389043"},{"taxonomy":"product_brand","embeddable":true,"href":"https:\/\/glotomania.com\/pt-pt\/wp-json\/wp\/v2\/product_brand?post=389043"},{"taxonomy":"product_cat","embeddable":true,"href":"https:\/\/glotomania.com\/pt-pt\/wp-json\/wp\/v2\/product_cat?post=389043"},{"taxonomy":"product_tag","embeddable":true,"href":"https:\/\/glotomania.com\/pt-pt\/wp-json\/wp\/v2\/product_tag?post=389043"}],"curies":[{"name":"wp","href":"https:\/\/api.w.org\/{rel}","templated":true}]}}