{"id":389044,"date":"2025-09-02T10:42:26","date_gmt":"2025-09-02T10:42:26","guid":{"rendered":"https:\/\/glotomania.com\/p\/agar-agar-funcakes-50-g-2\/"},"modified":"2026-04-23T11:33:26","modified_gmt":"2026-04-23T11:33:26","slug":"agar-agar-funcakes-50-g-2","status":"publish","type":"product","link":"https:\/\/glotomania.com\/pt-pt\/p\/agar-agar-funcakes-50-g-2\/","title":{"rendered":"\u00c1gar-\u00c1gar Funcakes &#8211; 50 G"},"content":{"rendered":"<p>&nbsp;<\/p>\n<p><span style=\"font-size:14px\">Incolor e sem sabor. N&atilde;o cont&eacute;m ingredientes de origem animal na sua composi&ccedil;&atilde;o, o que aumenta o seu poder gelificante.<\/span><\/p>\n<p><strong><span style=\"font-size:14px\">Utiliza&ccedil;&atilde;o recomendada:<\/span><\/strong><\/p>\n<ul>\n<li><span style=\"font-size:14px\">Utilizado como substituto da gelatina, a receita deve ser ajustada.<\/span><\/li>\n<li><span style=\"font-size:14px\">O &aacute;gar-&aacute;gar solidifica &agrave; temperatura ambiente.<\/span><\/li>\n<li><span style=\"font-size:14px\">Conservar sempre os preparados no frigor&iacute;fico.<\/span><\/li>\n<\/ul>\n","protected":false},"excerpt":{"rendered":"<p>\u00c1gar \u00c1gar Funcakes \u00e9 um aglutinante vegetal, um ingrediente muito vers\u00e1til, utilizado como substituto da gelatina.<\/p>\n","protected":false},"featured_media":341182,"comment_status":"open","ping_status":"closed","template":"","meta":{"_acf_changed":false},"pwb-brand":[],"product_brand":[],"product_cat":[2997,3018,2996,3001,1832,1901,1844,1845],"product_tag":[],"class_list":{"0":"post-389044","1":"product","2":"type-product","3":"status-publish","4":"has-post-thumbnail","6":"product_cat-halal","7":"product_cat-ingredientes-de-pastelaria-2","8":"product_cat-produtos-vegetarianos","9":"product_cat-sem-e-171-2","10":"product_cat-diestas-especiales","11":"product_cat-dieta-halal","12":"product_cat-ingredientes-reposteria","13":"product_cat-dieta-sin-e-171","15":"first","16":"instock","17":"taxable","18":"shipping-taxable","19":"purchasable","20":"product-type-simple"},"acf":[],"df_price":4.75,"df_sale_price":"","df_regular_price":4.75,"df_image_link":"https:\/\/glotomania.com\/wp-content\/uploads\/2025\/11\/img_21173_7181a180a00a7334ce302fd8fda037be_1-33-300x300.jpg","brands":[],"_links":{"self":[{"href":"https:\/\/glotomania.com\/pt-pt\/wp-json\/wp\/v2\/product\/389044","targetHints":{"allow":["GET"]}}],"collection":[{"href":"https:\/\/glotomania.com\/pt-pt\/wp-json\/wp\/v2\/product"}],"about":[{"href":"https:\/\/glotomania.com\/pt-pt\/wp-json\/wp\/v2\/types\/product"}],"replies":[{"embeddable":true,"href":"https:\/\/glotomania.com\/pt-pt\/wp-json\/wp\/v2\/comments?post=389044"}],"wp:featuredmedia":[{"embeddable":true,"href":"https:\/\/glotomania.com\/pt-pt\/wp-json\/wp\/v2\/media\/341182"}],"wp:attachment":[{"href":"https:\/\/glotomania.com\/pt-pt\/wp-json\/wp\/v2\/media?parent=389044"}],"wp:term":[{"taxonomy":"pwb-brand","embeddable":true,"href":"https:\/\/glotomania.com\/pt-pt\/wp-json\/wp\/v2\/pwb-brand?post=389044"},{"taxonomy":"product_brand","embeddable":true,"href":"https:\/\/glotomania.com\/pt-pt\/wp-json\/wp\/v2\/product_brand?post=389044"},{"taxonomy":"product_cat","embeddable":true,"href":"https:\/\/glotomania.com\/pt-pt\/wp-json\/wp\/v2\/product_cat?post=389044"},{"taxonomy":"product_tag","embeddable":true,"href":"https:\/\/glotomania.com\/pt-pt\/wp-json\/wp\/v2\/product_tag?post=389044"}],"curies":[{"name":"wp","href":"https:\/\/api.w.org\/{rel}","templated":true}]}}