{"id":389045,"date":"2025-09-02T10:42:27","date_gmt":"2025-09-02T10:42:27","guid":{"rendered":"https:\/\/glotomania.com\/p\/fideos-de-azucar-funcakes-colores-pastel-80-g-2\/"},"modified":"2026-04-15T13:56:46","modified_gmt":"2026-04-15T13:56:46","slug":"fideos-de-azucar-funcakes-colores-pastel-80-g-2","status":"publish","type":"product","link":"https:\/\/glotomania.com\/pt-pt\/p\/fideos-de-azucar-funcakes-colores-pastel-80-g-2\/","title":{"rendered":"Granulados De A\u00c7ucar Funcakes &#8211; Cores Pastel (80 G)"},"content":{"rendered":"<p>&nbsp;<\/p>\n<p><span style=\"font-size:14px\">Inclui as seguintes cores pastel: verde, rosa, lil&aacute;s, amarelo e azul.<\/span><\/p>\n","protected":false},"excerpt":{"rendered":"<p>Mistura de granulados de a\u00e7ucar Funcakes, ideal para decorar as nossas cria\u00e7\u00f5es em tons pastel.<\/p>\n","protected":false},"featured_media":37719,"comment_status":"open","ping_status":"closed","template":"","meta":{"_acf_changed":false},"pwb-brand":[],"product_brand":[],"product_cat":[2979,2982,2979,2982,2996,2907,3001,2921,2996,2907,2921,3001],"product_tag":[],"class_list":{"0":"post-389045","1":"product","2":"type-product","3":"status-publish","4":"has-post-thumbnail","6":"product_cat-decoracoes-comestiveis-2","7":"product_cat-decoracoes-de-acucar","10":"product_cat-produtos-vegetarianos","11":"product_cat-festas","12":"product_cat-sem-e-171-2","13":"product_cat-pascoa","19":"first","20":"instock","21":"taxable","22":"shipping-taxable","23":"purchasable","24":"product-type-simple"},"acf":[],"df_price":2.5,"df_sale_price":"","df_regular_price":2.5,"df_image_link":"https:\/\/glotomania.com\/wp-content\/uploads\/2023\/07\/img_21207_2826f675bcd7c966198a6262387a743d_1-300x300.png","brands":[],"_links":{"self":[{"href":"https:\/\/glotomania.com\/pt-pt\/wp-json\/wp\/v2\/product\/389045","targetHints":{"allow":["GET"]}}],"collection":[{"href":"https:\/\/glotomania.com\/pt-pt\/wp-json\/wp\/v2\/product"}],"about":[{"href":"https:\/\/glotomania.com\/pt-pt\/wp-json\/wp\/v2\/types\/product"}],"replies":[{"embeddable":true,"href":"https:\/\/glotomania.com\/pt-pt\/wp-json\/wp\/v2\/comments?post=389045"}],"wp:featuredmedia":[{"embeddable":true,"href":"https:\/\/glotomania.com\/pt-pt\/wp-json\/wp\/v2\/media\/37719"}],"wp:attachment":[{"href":"https:\/\/glotomania.com\/pt-pt\/wp-json\/wp\/v2\/media?parent=389045"}],"wp:term":[{"taxonomy":"pwb-brand","embeddable":true,"href":"https:\/\/glotomania.com\/pt-pt\/wp-json\/wp\/v2\/pwb-brand?post=389045"},{"taxonomy":"product_brand","embeddable":true,"href":"https:\/\/glotomania.com\/pt-pt\/wp-json\/wp\/v2\/product_brand?post=389045"},{"taxonomy":"product_cat","embeddable":true,"href":"https:\/\/glotomania.com\/pt-pt\/wp-json\/wp\/v2\/product_cat?post=389045"},{"taxonomy":"product_tag","embeddable":true,"href":"https:\/\/glotomania.com\/pt-pt\/wp-json\/wp\/v2\/product_tag?post=389045"}],"curies":[{"name":"wp","href":"https:\/\/api.w.org\/{rel}","templated":true}]}}