{"id":389068,"date":"2025-09-02T10:42:36","date_gmt":"2025-09-02T10:42:36","guid":{"rendered":"https:\/\/glotomania.com\/p\/goma-xantana-funcakes-50-g-2\/"},"modified":"2026-05-02T04:01:57","modified_gmt":"2026-05-02T04:01:57","slug":"goma-xantana-funcakes-50-g-2","status":"publish","type":"product","link":"https:\/\/glotomania.com\/pt-pt\/p\/goma-xantana-funcakes-50-g-2\/","title":{"rendered":"Goma Xantana Funcakes &#8211; 50 G"},"content":{"rendered":"<p>&nbsp;<\/p>\n<ul>\n<li><span style=\"font-size:14px\">Para fazer a <strong>cola comest&iacute;vel:<\/strong> misturar 1\/4 de colher de ch&aacute; de p&oacute; de goma com 4 colheres de ch&aacute; de &aacute;gua, demorar&aacute; cerca de 10-20 minutos a dissolver-se. A cola fica com uma cor muito clara.&nbsp;<\/span><\/li>\n<li><span style=\"font-size:14px\">Para fazer uma<strong> pasta de a&ccedil;&uacute;car r&aacute;pida: <\/strong>Misture 1 colher de ch&aacute; de goma em p&oacute; com 100 g de cobertura real. Deixar repousar durante 1 hora antes de utilizar.&nbsp;<\/span><\/li>\n<li><span style=\"font-size:14px\">Para fazer uma <strong>pasta de goma r&aacute;pida: <\/strong>Misture 5 g de goma em p&oacute; com 250 g de fondant e deixe repousar durante 25-30 minutos antes de utilizar.<\/span><\/li>\n<\/ul>\n","protected":false},"excerpt":{"rendered":"<p>Goma xantana Funcakes, ideal para utilizar como espessante, tamb\u00e9m para fazer cola comest\u00edvel, pasta de a\u00e7\u00facar e pasta de goma.<\/p>\n","protected":false},"featured_media":42980,"comment_status":"open","ping_status":"closed","template":"","meta":{"_acf_changed":false},"pwb-brand":[],"product_brand":[],"product_cat":[1832,3032,1960,2997,3018,1901,1844,1845,2996,3001],"product_tag":[],"class_list":{"0":"post-389068","1":"product","2":"type-product","3":"status-publish","4":"has-post-thumbnail","6":"product_cat-diestas-especiales","7":"product_cat-gomas-e-texturizantes-2","8":"product_cat-gomas-y-texturizantes","9":"product_cat-halal","10":"product_cat-ingredientes-de-pastelaria-2","11":"product_cat-dieta-halal","12":"product_cat-ingredientes-reposteria","13":"product_cat-dieta-sin-e-171","14":"product_cat-produtos-vegetarianos","15":"product_cat-sem-e-171-2","17":"first","18":"instock","19":"taxable","20":"shipping-taxable","21":"purchasable","22":"product-type-simple"},"acf":[],"df_price":4.5,"df_sale_price":"","df_regular_price":4.5,"df_image_link":"https:\/\/glotomania.com\/wp-content\/uploads\/2023\/07\/img_21265_763b050bafd1709f8ef9dc7f650ca7ac_1-300x300.png","brands":[],"_links":{"self":[{"href":"https:\/\/glotomania.com\/pt-pt\/wp-json\/wp\/v2\/product\/389068","targetHints":{"allow":["GET"]}}],"collection":[{"href":"https:\/\/glotomania.com\/pt-pt\/wp-json\/wp\/v2\/product"}],"about":[{"href":"https:\/\/glotomania.com\/pt-pt\/wp-json\/wp\/v2\/types\/product"}],"replies":[{"embeddable":true,"href":"https:\/\/glotomania.com\/pt-pt\/wp-json\/wp\/v2\/comments?post=389068"}],"wp:featuredmedia":[{"embeddable":true,"href":"https:\/\/glotomania.com\/pt-pt\/wp-json\/wp\/v2\/media\/42980"}],"wp:attachment":[{"href":"https:\/\/glotomania.com\/pt-pt\/wp-json\/wp\/v2\/media?parent=389068"}],"wp:term":[{"taxonomy":"pwb-brand","embeddable":true,"href":"https:\/\/glotomania.com\/pt-pt\/wp-json\/wp\/v2\/pwb-brand?post=389068"},{"taxonomy":"product_brand","embeddable":true,"href":"https:\/\/glotomania.com\/pt-pt\/wp-json\/wp\/v2\/product_brand?post=389068"},{"taxonomy":"product_cat","embeddable":true,"href":"https:\/\/glotomania.com\/pt-pt\/wp-json\/wp\/v2\/product_cat?post=389068"},{"taxonomy":"product_tag","embeddable":true,"href":"https:\/\/glotomania.com\/pt-pt\/wp-json\/wp\/v2\/product_tag?post=389068"}],"curies":[{"name":"wp","href":"https:\/\/api.w.org\/{rel}","templated":true}]}}