{"id":389069,"date":"2025-09-02T10:42:36","date_gmt":"2025-09-02T10:42:36","guid":{"rendered":"https:\/\/glotomania.com\/p\/jarabe-de-glucosa-funcakes-375-g-2\/"},"modified":"2026-05-15T09:06:48","modified_gmt":"2026-05-15T09:06:48","slug":"jarabe-de-glucosa-funcakes-375-g-2","status":"publish","type":"product","link":"https:\/\/glotomania.com\/pt-pt\/p\/jarabe-de-glucosa-funcakes-375-g-2\/","title":{"rendered":"Xarope De Glucose Funcakes &#8211; 375 G"},"content":{"rendered":"<p>&nbsp;<\/p>\n<p><span style=\"font-size:14px\">Ideal para modelar chocolate, glac&ecirc; real, pasta de goma e fondant, entre outros.<\/span><\/p>\n<p><span style=\"font-size:14px\">O <strong>&deg;Baume (B&egrave;)<\/strong> do xarope de glucose FunCakes &eacute;: 46,1&deg;B&egrave;.<\/span><\/p>\n<p><em><span style=\"font-size:14px\">&deg;Baume (B&egrave;): medida de concentra&ccedil;&atilde;o de certas solu&ccedil;&otilde;es, como xaropes e &aacute;cidos.<\/span><\/em><\/p>\n","protected":false},"excerpt":{"rendered":"<p>Xarope de glucose FunCakes, ideal para evitar a cristaliza\u00e7\u00e3o do a\u00e7\u00facar e para lhe dar mais elasticidade.<\/p>\n","protected":false},"featured_media":37721,"comment_status":"open","ping_status":"closed","template":"","meta":{"_acf_changed":false},"pwb-brand":[],"product_brand":[],"product_cat":[1832,3018,1844,1845,3034,1961,2996,3001],"product_tag":[],"class_list":{"0":"post-389069","1":"product","2":"type-product","3":"status-publish","4":"has-post-thumbnail","6":"product_cat-diestas-especiales","7":"product_cat-ingredientes-de-pastelaria-2","8":"product_cat-ingredientes-reposteria","9":"product_cat-dieta-sin-e-171","10":"product_cat-ingredientes-tecnicos-2","11":"product_cat-ingredientes-tecnicos","12":"product_cat-produtos-vegetarianos","13":"product_cat-sem-e-171-2","15":"first","16":"instock","17":"taxable","18":"shipping-taxable","19":"purchasable","20":"product-type-simple"},"acf":[],"df_price":4.85,"df_sale_price":"","df_regular_price":4.85,"df_image_link":"https:\/\/glotomania.com\/wp-content\/uploads\/2023\/07\/img_21266_cdd63f9a8734dcafb0836e33b3ca3af1_1-300x300.png","brands":[],"_links":{"self":[{"href":"https:\/\/glotomania.com\/pt-pt\/wp-json\/wp\/v2\/product\/389069","targetHints":{"allow":["GET"]}}],"collection":[{"href":"https:\/\/glotomania.com\/pt-pt\/wp-json\/wp\/v2\/product"}],"about":[{"href":"https:\/\/glotomania.com\/pt-pt\/wp-json\/wp\/v2\/types\/product"}],"replies":[{"embeddable":true,"href":"https:\/\/glotomania.com\/pt-pt\/wp-json\/wp\/v2\/comments?post=389069"}],"wp:featuredmedia":[{"embeddable":true,"href":"https:\/\/glotomania.com\/pt-pt\/wp-json\/wp\/v2\/media\/37721"}],"wp:attachment":[{"href":"https:\/\/glotomania.com\/pt-pt\/wp-json\/wp\/v2\/media?parent=389069"}],"wp:term":[{"taxonomy":"pwb-brand","embeddable":true,"href":"https:\/\/glotomania.com\/pt-pt\/wp-json\/wp\/v2\/pwb-brand?post=389069"},{"taxonomy":"product_brand","embeddable":true,"href":"https:\/\/glotomania.com\/pt-pt\/wp-json\/wp\/v2\/product_brand?post=389069"},{"taxonomy":"product_cat","embeddable":true,"href":"https:\/\/glotomania.com\/pt-pt\/wp-json\/wp\/v2\/product_cat?post=389069"},{"taxonomy":"product_tag","embeddable":true,"href":"https:\/\/glotomania.com\/pt-pt\/wp-json\/wp\/v2\/product_tag?post=389069"}],"curies":[{"name":"wp","href":"https:\/\/api.w.org\/{rel}","templated":true}]}}