{"id":389072,"date":"2025-09-02T10:42:38","date_gmt":"2025-09-02T10:42:38","guid":{"rendered":"https:\/\/glotomania.com\/p\/mazapan-funcakes-natural-14-250-g-2\/"},"modified":"2026-04-23T10:41:58","modified_gmt":"2026-04-23T10:41:58","slug":"mazapan-funcakes-natural-14-250-g-2","status":"publish","type":"product","link":"https:\/\/glotomania.com\/pt-pt\/p\/mazapan-funcakes-natural-14-250-g-2\/","title":{"rendered":"Ma\u00c7ap\u00c3o Funcakes &#8211; Natural (1:4) 250 G"},"content":{"rendered":"<p>&nbsp;<\/p>\n<p><span style=\"font-size: 14px\">Fondant de am&ecirc;ndoa FunCakes, tamb&eacute;m conhecido como&nbsp;<strong>ma&ccedil;ap&atilde;o&nbsp;<\/strong>(n&atilde;o confundir com o doce t&iacute;pico de Natal espanhol).<\/span><\/p>\n<p><span style=\"font-size: 14px\"><strong>Sugest&atilde;o:<\/strong>&nbsp;para cobrir um bolo redondo ou um bolo com cerca de 24-26 cm, ou uma forma quadrada com cerca de 20&#215;20 cm, precisar&aacute; de cerca de 500 g de fondant de am&ecirc;ndoa.&nbsp;<\/span><\/p>\n<ul>\n<li><span style=\"font-size: 14px\">Antes de utilizar, amasse bem e espalhe uma camada fina de a&ccedil;&uacute;car em p&oacute;.<\/span><\/li>\n<li><span style=\"font-size: 14px\">Se desejar tornar a cor mais clara, pode misturar o fondant de am&ecirc;ndoa colorido com o branco. As cores tamb&eacute;m podem ser misturadas umas com as outras.<\/span><\/li>\n<\/ul>\n<p><u><strong><span style=\"font-size: 14px\"><span>Propor&ccedil;oes<\/span><\/span><\/strong><\/u><strong><span style=\"font-size: 14px\"><span>:<\/span><\/span><\/strong><\/p>\n<table align=\"center\" border=\"1\" cellpadding=\"1\" cellspacing=\"1\" style=\"width: 500px\">\n<tbody>\n<tr>\n<td style=\"text-align: center\"><span><span style=\"font-size: 14px\">50% a&ccedil;ucar- 50% am&ecirc;ndoas<\/span><\/span><\/td>\n<td style=\"text-align: center\"><span><span style=\"font-size: 14px\">1:1<\/span><\/span><\/td>\n<\/tr>\n<tr>\n<td style=\"text-align: center\"><span><span style=\"font-size: 14px\"><span>67%&nbsp;<\/span><\/span><\/span>a&ccedil;ucar<span><span style=\"font-size: 14px\"><span>&#8211; 33%&nbsp;<\/span><\/span><\/span>am&ecirc;ndoas<\/td>\n<td style=\"text-align: center\"><span><span style=\"font-size: 14px\">1:2<\/span><\/span><\/td>\n<\/tr>\n<tr>\n<td style=\"text-align: center\"><span><span style=\"font-size: 14px\"><span>75%&nbsp;<\/span><\/span><\/span>a&ccedil;ucar<span><span style=\"font-size: 14px\"><span>&#8211; 25%&nbsp;<\/span><\/span><\/span>am&ecirc;ndoas<\/td>\n<td style=\"text-align: center\"><span><span style=\"font-size: 14px\">1:3<\/span><\/span><\/td>\n<\/tr>\n<tr>\n<td style=\"text-align: center\"><strong><span><span style=\"font-size: 14px\"><span>80%&nbsp;<\/span><\/span><\/span>a&ccedil;ucar<span><span style=\"font-size: 14px\"><span>&#8211; 20% <\/span><\/span><\/span><span style=\"font-size: 14px;text-align: center\">am&ecirc;ndoas<\/span><\/strong><\/td>\n<td style=\"text-align: center\"><strong><span><span style=\"font-size: 14px\">1:4<\/span><\/span><\/strong><\/td>\n<\/tr>\n<\/tbody>\n<\/table>\n<p>&nbsp;<\/p>\n","protected":false},"excerpt":{"rendered":"<p>Deliciosa pasta de am\u00eandoa da Funcakes, perfeita para enrolar e cobrir bolos, gra\u00e7as \u00e0 sua suavidade e flexibilidade.<\/p>\n","protected":false},"featured_media":348218,"comment_status":"open","ping_status":"closed","template":"","meta":{"_acf_changed":false},"pwb-brand":[],"product_brand":[],"product_cat":[3044,1832,2997,1901,1902,1845,1833,2999,1933,3040,1906,2996,3001,3004],"product_tag":[],"class_list":{"0":"post-389072","1":"product","2":"type-product","3":"status-publish","4":"has-post-thumbnail","6":"product_cat-massapao-para-pastelaria-2","7":"product_cat-diestas-especiales","8":"product_cat-halal","9":"product_cat-dieta-halal","10":"product_cat-dieta-kosher","11":"product_cat-dieta-sin-e-171","12":"product_cat-dieta-sin-gluten","13":"product_cat-kosher-2","14":"product_cat-pasta-almendras","15":"product_cat-pasta-de-modelar-the-sugar-paste","16":"product_cat-pasta-modelado","17":"product_cat-produtos-vegetarianos","18":"product_cat-sem-e-171-2","19":"product_cat-sem-gluten-2","21":"first","22":"instock","23":"taxable","24":"shipping-taxable","25":"purchasable","26":"product-type-simple"},"acf":[],"df_price":3.95,"df_sale_price":"","df_regular_price":3.95,"df_image_link":"https:\/\/glotomania.com\/wp-content\/uploads\/2025\/11\/img_21274_1fffa4e14d6bfcf730d7a74901842e9f_1-28-300x300.jpg","brands":[],"_links":{"self":[{"href":"https:\/\/glotomania.com\/pt-pt\/wp-json\/wp\/v2\/product\/389072","targetHints":{"allow":["GET"]}}],"collection":[{"href":"https:\/\/glotomania.com\/pt-pt\/wp-json\/wp\/v2\/product"}],"about":[{"href":"https:\/\/glotomania.com\/pt-pt\/wp-json\/wp\/v2\/types\/product"}],"replies":[{"embeddable":true,"href":"https:\/\/glotomania.com\/pt-pt\/wp-json\/wp\/v2\/comments?post=389072"}],"wp:featuredmedia":[{"embeddable":true,"href":"https:\/\/glotomania.com\/pt-pt\/wp-json\/wp\/v2\/media\/348218"}],"wp:attachment":[{"href":"https:\/\/glotomania.com\/pt-pt\/wp-json\/wp\/v2\/media?parent=389072"}],"wp:term":[{"taxonomy":"pwb-brand","embeddable":true,"href":"https:\/\/glotomania.com\/pt-pt\/wp-json\/wp\/v2\/pwb-brand?post=389072"},{"taxonomy":"product_brand","embeddable":true,"href":"https:\/\/glotomania.com\/pt-pt\/wp-json\/wp\/v2\/product_brand?post=389072"},{"taxonomy":"product_cat","embeddable":true,"href":"https:\/\/glotomania.com\/pt-pt\/wp-json\/wp\/v2\/product_cat?post=389072"},{"taxonomy":"product_tag","embeddable":true,"href":"https:\/\/glotomania.com\/pt-pt\/wp-json\/wp\/v2\/product_tag?post=389072"}],"curies":[{"name":"wp","href":"https:\/\/api.w.org\/{rel}","templated":true}]}}