{"id":389088,"date":"2025-09-02T10:42:48","date_gmt":"2025-09-02T10:42:48","guid":{"rendered":"https:\/\/glotomania.com\/p\/sprinkles-funcakes-futbol-180-g-2\/"},"modified":"2026-03-10T20:04:07","modified_gmt":"2026-03-10T20:04:07","slug":"sprinkles-funcakes-futbol-180-g-2","status":"publish","type":"product","link":"https:\/\/glotomania.com\/pt-pt\/p\/sprinkles-funcakes-futbol-180-g-2\/","title":{"rendered":"Sprinkles Funcakes &#8211; Futebol 180 G"},"content":{"rendered":"<p>&nbsp;<\/p>\n<p><span style=\"font-size:14px\">Inclui formas de tenis pretos, massa branca e verde, p&eacute;rolas brancas.<\/span><\/p>\n","protected":false},"excerpt":{"rendered":"<p>Mistura de decora\u00e7\u00f5es comest\u00edveis Funcakes, ideal para decorar as nossas cria\u00e7\u00f5es em tons de branco, verde, preto e dourado.<\/p>\n","protected":false},"featured_media":344875,"comment_status":"open","ping_status":"closed","template":"","meta":{"_acf_changed":false},"pwb-brand":[],"product_brand":[],"product_cat":[2911,1839,1840,2979,2982,2916,1832,2907,1845,2996,1862,1951,1849,3001],"product_tag":[],"class_list":{"0":"post-389088","1":"product","2":"type-product","3":"status-publish","4":"has-post-thumbnail","6":"product_cat-comunhoes","7":"product_cat-decoracion-comestible","8":"product_cat-decoraciones-azucar-comestibles","9":"product_cat-decoracoes-comestiveis-2","10":"product_cat-decoracoes-de-acucar","11":"product_cat-dia-dos-pais-2","12":"product_cat-diestas-especiales","13":"product_cat-festas","14":"product_cat-dieta-sin-e-171","15":"product_cat-produtos-vegetarianos","16":"product_cat-comuniones","17":"product_cat-dia-del-padre","18":"product_cat-fiestas","19":"product_cat-sem-e-171-2","21":"first","22":"instock","23":"taxable","24":"shipping-taxable","25":"purchasable","26":"product-type-simple"},"acf":[],"df_price":7.1,"df_sale_price":"","df_regular_price":7.1,"df_image_link":"https:\/\/glotomania.com\/wp-content\/uploads\/2025\/11\/img_21308_966b1bc2808418f7808d1bae1e3042f7_1-27-300x300.jpg","brands":[],"_links":{"self":[{"href":"https:\/\/glotomania.com\/pt-pt\/wp-json\/wp\/v2\/product\/389088","targetHints":{"allow":["GET"]}}],"collection":[{"href":"https:\/\/glotomania.com\/pt-pt\/wp-json\/wp\/v2\/product"}],"about":[{"href":"https:\/\/glotomania.com\/pt-pt\/wp-json\/wp\/v2\/types\/product"}],"replies":[{"embeddable":true,"href":"https:\/\/glotomania.com\/pt-pt\/wp-json\/wp\/v2\/comments?post=389088"}],"wp:featuredmedia":[{"embeddable":true,"href":"https:\/\/glotomania.com\/pt-pt\/wp-json\/wp\/v2\/media\/344875"}],"wp:attachment":[{"href":"https:\/\/glotomania.com\/pt-pt\/wp-json\/wp\/v2\/media?parent=389088"}],"wp:term":[{"taxonomy":"pwb-brand","embeddable":true,"href":"https:\/\/glotomania.com\/pt-pt\/wp-json\/wp\/v2\/pwb-brand?post=389088"},{"taxonomy":"product_brand","embeddable":true,"href":"https:\/\/glotomania.com\/pt-pt\/wp-json\/wp\/v2\/product_brand?post=389088"},{"taxonomy":"product_cat","embeddable":true,"href":"https:\/\/glotomania.com\/pt-pt\/wp-json\/wp\/v2\/product_cat?post=389088"},{"taxonomy":"product_tag","embeddable":true,"href":"https:\/\/glotomania.com\/pt-pt\/wp-json\/wp\/v2\/product_tag?post=389088"}],"curies":[{"name":"wp","href":"https:\/\/api.w.org\/{rel}","templated":true}]}}