{"id":389091,"date":"2025-09-02T10:42:50","date_gmt":"2025-09-02T10:42:50","guid":{"rendered":"https:\/\/glotomania.com\/p\/sprinkles-funcakes-sugar-dots-love-80-g-2\/"},"modified":"2026-03-10T20:04:12","modified_gmt":"2026-03-10T20:04:12","slug":"sprinkles-funcakes-sugar-dots-love-80-g-2","status":"publish","type":"product","link":"https:\/\/glotomania.com\/pt-pt\/p\/sprinkles-funcakes-sugar-dots-love-80-g-2\/","title":{"rendered":"Sprinkles Funcakes &#8221; Sugar Dots&#8221; &#8211; Love (80 G)"},"content":{"rendered":"<p>\n<span style=\"font-size:14px\">Pequenas bolas de a&ccedil;&uacute;car cor-de-rosa, vermelhas e brancas.<\/span><\/p>\n<p><span style=\"font-size:14px\">Devido aos corantes alimentares naturais, as cores deste produto podem variar e recomenda-se que n&atilde;o seja exposto &agrave; luz solar direta.<\/span><\/p>\n","protected":false},"excerpt":{"rendered":"<p>Decora\u00e7\u00f5es comest\u00edveis Funcakes, ideais para decorar as nossas cria\u00e7\u00f5es nos dias mais especiais.<\/p>\n","protected":false},"featured_media":341165,"comment_status":"open","ping_status":"closed","template":"","meta":{"_acf_changed":false},"pwb-brand":[],"product_brand":[],"product_cat":[1852,1839,1840,2979,2982,1832,2907,1845,2996,1849,2924,3001],"product_tag":[],"class_list":{"0":"post-389091","1":"product","2":"type-product","3":"status-publish","4":"has-post-thumbnail","6":"product_cat-san-valentin","7":"product_cat-decoracion-comestible","8":"product_cat-decoraciones-azucar-comestibles","9":"product_cat-decoracoes-comestiveis-2","10":"product_cat-decoracoes-de-acucar","11":"product_cat-diestas-especiales","12":"product_cat-festas","13":"product_cat-dieta-sin-e-171","14":"product_cat-produtos-vegetarianos","15":"product_cat-fiestas","16":"product_cat-sao-valentim-2","17":"product_cat-sem-e-171-2","19":"first","20":"instock","21":"taxable","22":"shipping-taxable","23":"purchasable","24":"product-type-simple"},"acf":[],"df_price":2.72,"df_sale_price":"","df_regular_price":2.72,"df_image_link":"https:\/\/glotomania.com\/wp-content\/uploads\/2025\/11\/img_21314_307195e7f6ccf7d3244896e82afc03c9_1-29-300x300.jpg","brands":[],"_links":{"self":[{"href":"https:\/\/glotomania.com\/pt-pt\/wp-json\/wp\/v2\/product\/389091","targetHints":{"allow":["GET"]}}],"collection":[{"href":"https:\/\/glotomania.com\/pt-pt\/wp-json\/wp\/v2\/product"}],"about":[{"href":"https:\/\/glotomania.com\/pt-pt\/wp-json\/wp\/v2\/types\/product"}],"replies":[{"embeddable":true,"href":"https:\/\/glotomania.com\/pt-pt\/wp-json\/wp\/v2\/comments?post=389091"}],"wp:featuredmedia":[{"embeddable":true,"href":"https:\/\/glotomania.com\/pt-pt\/wp-json\/wp\/v2\/media\/341165"}],"wp:attachment":[{"href":"https:\/\/glotomania.com\/pt-pt\/wp-json\/wp\/v2\/media?parent=389091"}],"wp:term":[{"taxonomy":"pwb-brand","embeddable":true,"href":"https:\/\/glotomania.com\/pt-pt\/wp-json\/wp\/v2\/pwb-brand?post=389091"},{"taxonomy":"product_brand","embeddable":true,"href":"https:\/\/glotomania.com\/pt-pt\/wp-json\/wp\/v2\/product_brand?post=389091"},{"taxonomy":"product_cat","embeddable":true,"href":"https:\/\/glotomania.com\/pt-pt\/wp-json\/wp\/v2\/product_cat?post=389091"},{"taxonomy":"product_tag","embeddable":true,"href":"https:\/\/glotomania.com\/pt-pt\/wp-json\/wp\/v2\/product_tag?post=389091"}],"curies":[{"name":"wp","href":"https:\/\/api.w.org\/{rel}","templated":true}]}}