{"id":389092,"date":"2025-09-02T10:42:50","date_gmt":"2025-09-02T10:42:50","guid":{"rendered":"https:\/\/glotomania.com\/p\/gomas-para-cerrar-mangas-pasteleras-wilton-2\/"},"modified":"2026-03-10T20:04:13","modified_gmt":"2026-03-10T20:04:13","slug":"gomas-para-cerrar-mangas-pasteleras-wilton-2","status":"publish","type":"product","link":"https:\/\/glotomania.com\/pt-pt\/p\/gomas-para-cerrar-mangas-pasteleras-wilton-2\/","title":{"rendered":"El\u00c1sticos Para Fechar Sacos De Pasteleiro &#8211; Wilton"},"content":{"rendered":"","protected":false},"excerpt":{"rendered":"<p>Inclui 12 la\u00e7os pr\u00e1ticos para fechar (temporariamente) os nossos sacos de pasteleiro e evitar que o conte\u00fado seque.<\/p>\n","protected":false},"featured_media":341166,"comment_status":"open","ping_status":"closed","template":"","meta":{"_acf_changed":false},"pwb-brand":[],"product_brand":[],"product_cat":[3106,1820,1883,3087,3126,1767],"product_tag":[],"class_list":{"0":"post-389092","1":"product","2":"type-product","3":"status-publish","4":"has-post-thumbnail","6":"product_cat-basicos-de-pastelaria","7":"product_cat-basicos","8":"product_cat-mangas-pasteleras","9":"product_cat-ordem-e-armazenamento","10":"product_cat-sacos-de-pasteleiro-e-acessorios-2","11":"product_cat-utensilios","13":"first","14":"instock","15":"taxable","16":"shipping-taxable","17":"purchasable","18":"product-type-simple"},"acf":[],"df_price":3.85,"df_sale_price":"","df_regular_price":3.85,"df_image_link":"https:\/\/glotomania.com\/wp-content\/uploads\/2025\/11\/img_21316_7ccfd161c9b2833c88d24085df86e0e5_1-23-300x300.jpg","brands":[],"_links":{"self":[{"href":"https:\/\/glotomania.com\/pt-pt\/wp-json\/wp\/v2\/product\/389092","targetHints":{"allow":["GET"]}}],"collection":[{"href":"https:\/\/glotomania.com\/pt-pt\/wp-json\/wp\/v2\/product"}],"about":[{"href":"https:\/\/glotomania.com\/pt-pt\/wp-json\/wp\/v2\/types\/product"}],"replies":[{"embeddable":true,"href":"https:\/\/glotomania.com\/pt-pt\/wp-json\/wp\/v2\/comments?post=389092"}],"wp:featuredmedia":[{"embeddable":true,"href":"https:\/\/glotomania.com\/pt-pt\/wp-json\/wp\/v2\/media\/341166"}],"wp:attachment":[{"href":"https:\/\/glotomania.com\/pt-pt\/wp-json\/wp\/v2\/media?parent=389092"}],"wp:term":[{"taxonomy":"pwb-brand","embeddable":true,"href":"https:\/\/glotomania.com\/pt-pt\/wp-json\/wp\/v2\/pwb-brand?post=389092"},{"taxonomy":"product_brand","embeddable":true,"href":"https:\/\/glotomania.com\/pt-pt\/wp-json\/wp\/v2\/product_brand?post=389092"},{"taxonomy":"product_cat","embeddable":true,"href":"https:\/\/glotomania.com\/pt-pt\/wp-json\/wp\/v2\/product_cat?post=389092"},{"taxonomy":"product_tag","embeddable":true,"href":"https:\/\/glotomania.com\/pt-pt\/wp-json\/wp\/v2\/product_tag?post=389092"}],"curies":[{"name":"wp","href":"https:\/\/api.w.org\/{rel}","templated":true}]}}