{"id":389096,"date":"2025-09-02T10:42:54","date_gmt":"2025-09-02T10:42:54","guid":{"rendered":"https:\/\/glotomania.com\/p\/velas-scrapcooking-unicornios-2\/"},"modified":"2026-04-25T00:33:09","modified_gmt":"2026-04-25T00:33:09","slug":"velas-scrapcooking-unicornios-2","status":"publish","type":"product","link":"https:\/\/glotomania.com\/pt-pt\/p\/velas-scrapcooking-unicornios-2\/","title":{"rendered":"Velas Scrapcooking &#8211; Unic\u00d3rnios"},"content":{"rendered":"<p>&nbsp;<\/p>\n<p><span style=\"font-size:14px\">Inclui os seguintes desenhos: 2 unic&oacute;rnios (corpo inteiro), 2 unic&oacute;rnios (perfil), 1 estrela, 1 cora&ccedil;&atilde;o, 1 arco-&iacute;ris e 1 nuvem.<\/span><\/p>\n<p><span style=\"font-size:14px\">Feito de cera de parafina, com pau de madeira de qualidade alimentar.<\/span><\/p>\n<p><span style=\"font-size:14px\"><strong>Dimens&otilde;es aprox.<\/strong>: 7 cm (H).<\/span><\/p>\n<p><em><span style=\"font-size:14px\">Este produto n&atilde;o est&aacute; dispon&iacute;vel para a B&eacute;lgica, Fran&ccedil;a e Su&iacute;&ccedil;a.<\/span><\/em><\/p>\n","protected":false},"excerpt":{"rendered":"<p>Inclui 8 velas Scrapcooking com tema de unic\u00f3rnio, ideais para dar um toque especial \u00e0s suas cria\u00e7\u00f5es.<\/p>\n","protected":false},"featured_media":350523,"comment_status":"open","ping_status":"closed","template":"","meta":{"_acf_changed":false},"pwb-brand":[],"product_brand":[],"product_cat":[3200,2907,3087,3211,3209,1792,1849,1767,1796,1795],"product_tag":[],"class_list":{"0":"post-389096","1":"product","2":"type-product","3":"status-publish","4":"has-post-thumbnail","6":"product_cat-decoracoes-nao-comestiveis","7":"product_cat-festas","8":"product_cat-ordem-e-armazenamento","9":"product_cat-velas-originais","10":"product_cat-velas-para-bolos","11":"product_cat-decoracion-no-comestible","12":"product_cat-fiestas","13":"product_cat-utensilios","14":"product_cat-velas-originales","15":"product_cat-velas","17":"first","18":"instock","19":"taxable","20":"shipping-taxable","21":"purchasable","22":"product-type-simple"},"acf":[],"df_price":5.95,"df_sale_price":4.16,"df_regular_price":5.95,"df_image_link":"https:\/\/glotomania.com\/wp-content\/uploads\/2025\/11\/img_21330_843c8e1720ff36b06233b2117d864efe_1-28-300x300.jpg","brands":[],"_links":{"self":[{"href":"https:\/\/glotomania.com\/pt-pt\/wp-json\/wp\/v2\/product\/389096","targetHints":{"allow":["GET"]}}],"collection":[{"href":"https:\/\/glotomania.com\/pt-pt\/wp-json\/wp\/v2\/product"}],"about":[{"href":"https:\/\/glotomania.com\/pt-pt\/wp-json\/wp\/v2\/types\/product"}],"replies":[{"embeddable":true,"href":"https:\/\/glotomania.com\/pt-pt\/wp-json\/wp\/v2\/comments?post=389096"}],"wp:featuredmedia":[{"embeddable":true,"href":"https:\/\/glotomania.com\/pt-pt\/wp-json\/wp\/v2\/media\/350523"}],"wp:attachment":[{"href":"https:\/\/glotomania.com\/pt-pt\/wp-json\/wp\/v2\/media?parent=389096"}],"wp:term":[{"taxonomy":"pwb-brand","embeddable":true,"href":"https:\/\/glotomania.com\/pt-pt\/wp-json\/wp\/v2\/pwb-brand?post=389096"},{"taxonomy":"product_brand","embeddable":true,"href":"https:\/\/glotomania.com\/pt-pt\/wp-json\/wp\/v2\/product_brand?post=389096"},{"taxonomy":"product_cat","embeddable":true,"href":"https:\/\/glotomania.com\/pt-pt\/wp-json\/wp\/v2\/product_cat?post=389096"},{"taxonomy":"product_tag","embeddable":true,"href":"https:\/\/glotomania.com\/pt-pt\/wp-json\/wp\/v2\/product_tag?post=389096"}],"curies":[{"name":"wp","href":"https:\/\/api.w.org\/{rel}","templated":true}]}}