{"id":389113,"date":"2025-09-02T10:43:06","date_gmt":"2025-09-02T10:43:06","guid":{"rendered":"https:\/\/glotomania.com\/p\/cortador-para-galletas-patisse-conejo-2\/"},"modified":"2026-04-29T00:22:11","modified_gmt":"2026-04-29T00:22:11","slug":"cortador-para-galletas-patisse-conejo-2","status":"publish","type":"product","link":"https:\/\/glotomania.com\/pt-pt\/p\/cortador-para-galletas-patisse-conejo-2\/","title":{"rendered":"Cortador De Biscuit Patisse &#8211; Coelho"},"content":{"rendered":"<p>&nbsp;<\/p>\n<p><span style=\"font-size:14px\">Fabricado em <strong>a&ccedil;o inoxid&aacute;vel<\/strong> de alta qualidade, adequado para uso alimentar.<\/span><\/p>\n<p><span style=\"font-size:14px\"><strong>Dimens&otilde;es aprox.: <\/strong>8 cm.<\/span><\/p>\n","protected":false},"excerpt":{"rendered":"<p>Cortador em a\u00e7o inoxid\u00e1vel Patisse com um bonito e original desenho de lebre, perfeito para a P\u00e1scoa!<\/p>\n","protected":false},"featured_media":348292,"comment_status":"open","ping_status":"closed","template":"","meta":{"_acf_changed":false},"pwb-brand":[],"product_brand":[],"product_cat":[3199,2907,3087,2921,1788,1849,1858,1767],"product_tag":[],"class_list":{"0":"post-389113","1":"product","2":"type-product","3":"status-publish","4":"has-post-thumbnail","6":"product_cat-cortadores-de-metal","7":"product_cat-festas","8":"product_cat-ordem-e-armazenamento","9":"product_cat-pascoa","10":"product_cat-cortadores-de-cobre","11":"product_cat-fiestas","12":"product_cat-pascua","13":"product_cat-utensilios","15":"first","16":"instock","17":"taxable","18":"shipping-taxable","19":"purchasable","20":"product-type-simple"},"acf":[],"df_price":2.17,"df_sale_price":1.51,"df_regular_price":2.17,"df_image_link":"https:\/\/glotomania.com\/wp-content\/uploads\/2025\/11\/img_21369_7091b0b5dc796259d7034d0fdc2379d1_1-33-300x300.jpg","brands":[],"_links":{"self":[{"href":"https:\/\/glotomania.com\/pt-pt\/wp-json\/wp\/v2\/product\/389113","targetHints":{"allow":["GET"]}}],"collection":[{"href":"https:\/\/glotomania.com\/pt-pt\/wp-json\/wp\/v2\/product"}],"about":[{"href":"https:\/\/glotomania.com\/pt-pt\/wp-json\/wp\/v2\/types\/product"}],"replies":[{"embeddable":true,"href":"https:\/\/glotomania.com\/pt-pt\/wp-json\/wp\/v2\/comments?post=389113"}],"wp:featuredmedia":[{"embeddable":true,"href":"https:\/\/glotomania.com\/pt-pt\/wp-json\/wp\/v2\/media\/348292"}],"wp:attachment":[{"href":"https:\/\/glotomania.com\/pt-pt\/wp-json\/wp\/v2\/media?parent=389113"}],"wp:term":[{"taxonomy":"pwb-brand","embeddable":true,"href":"https:\/\/glotomania.com\/pt-pt\/wp-json\/wp\/v2\/pwb-brand?post=389113"},{"taxonomy":"product_brand","embeddable":true,"href":"https:\/\/glotomania.com\/pt-pt\/wp-json\/wp\/v2\/product_brand?post=389113"},{"taxonomy":"product_cat","embeddable":true,"href":"https:\/\/glotomania.com\/pt-pt\/wp-json\/wp\/v2\/product_cat?post=389113"},{"taxonomy":"product_tag","embeddable":true,"href":"https:\/\/glotomania.com\/pt-pt\/wp-json\/wp\/v2\/product_tag?post=389113"}],"curies":[{"name":"wp","href":"https:\/\/api.w.org\/{rel}","templated":true}]}}