{"id":389114,"date":"2025-09-02T10:43:09","date_gmt":"2025-09-02T10:43:09","guid":{"rendered":"https:\/\/glotomania.com\/p\/cortador-para-galletas-patisse-conejo-sentado-2\/"},"modified":"2026-04-29T00:22:12","modified_gmt":"2026-04-29T00:22:12","slug":"cortador-para-galletas-patisse-conejo-sentado-2","status":"publish","type":"product","link":"https:\/\/glotomania.com\/pt-pt\/p\/cortador-para-galletas-patisse-conejo-sentado-2\/","title":{"rendered":"Cortador De Biscuit Patisse &#8211; Coelho Sentado"},"content":{"rendered":"<p>&nbsp;<\/p>\n<p><span style=\"font-size:14px\">Feito de <strong>a&ccedil;o inoxid&aacute;ve<\/strong>l de alta qualidade, adequado para uso alimentar.<\/span><\/p>\n<p><span style=\"font-size:14px\"><strong>Dimens&otilde;es aprox.:<\/strong> 8 cm.<\/span><\/p>\n","protected":false},"excerpt":{"rendered":"<p>Cortador em a\u00e7o inoxid\u00e1vel Patisse com um bonito e original desenho de um coelhinho, perfeito para a P\u00e1scoa!<\/p>\n","protected":false},"featured_media":348277,"comment_status":"open","ping_status":"closed","template":"","meta":{"_acf_changed":false},"pwb-brand":[],"product_brand":[],"product_cat":[1788,3199,2907,3087,2921,1849,1858,1767],"product_tag":[],"class_list":{"0":"post-389114","1":"product","2":"type-product","3":"status-publish","4":"has-post-thumbnail","6":"product_cat-cortadores-de-cobre","7":"product_cat-cortadores-de-metal","8":"product_cat-festas","9":"product_cat-ordem-e-armazenamento","10":"product_cat-pascoa","11":"product_cat-fiestas","12":"product_cat-pascua","13":"product_cat-utensilios","15":"first","16":"instock","17":"taxable","18":"shipping-taxable","19":"purchasable","20":"product-type-simple"},"acf":[],"df_price":2.17,"df_sale_price":1.51,"df_regular_price":2.17,"df_image_link":"https:\/\/glotomania.com\/wp-content\/uploads\/2025\/11\/img_21370_465dcdbe265fcd4fbe2f13a2f14e83fa_1-22-300x300.jpg","brands":[],"_links":{"self":[{"href":"https:\/\/glotomania.com\/pt-pt\/wp-json\/wp\/v2\/product\/389114","targetHints":{"allow":["GET"]}}],"collection":[{"href":"https:\/\/glotomania.com\/pt-pt\/wp-json\/wp\/v2\/product"}],"about":[{"href":"https:\/\/glotomania.com\/pt-pt\/wp-json\/wp\/v2\/types\/product"}],"replies":[{"embeddable":true,"href":"https:\/\/glotomania.com\/pt-pt\/wp-json\/wp\/v2\/comments?post=389114"}],"wp:featuredmedia":[{"embeddable":true,"href":"https:\/\/glotomania.com\/pt-pt\/wp-json\/wp\/v2\/media\/348277"}],"wp:attachment":[{"href":"https:\/\/glotomania.com\/pt-pt\/wp-json\/wp\/v2\/media?parent=389114"}],"wp:term":[{"taxonomy":"pwb-brand","embeddable":true,"href":"https:\/\/glotomania.com\/pt-pt\/wp-json\/wp\/v2\/pwb-brand?post=389114"},{"taxonomy":"product_brand","embeddable":true,"href":"https:\/\/glotomania.com\/pt-pt\/wp-json\/wp\/v2\/product_brand?post=389114"},{"taxonomy":"product_cat","embeddable":true,"href":"https:\/\/glotomania.com\/pt-pt\/wp-json\/wp\/v2\/product_cat?post=389114"},{"taxonomy":"product_tag","embeddable":true,"href":"https:\/\/glotomania.com\/pt-pt\/wp-json\/wp\/v2\/product_tag?post=389114"}],"curies":[{"name":"wp","href":"https:\/\/api.w.org\/{rel}","templated":true}]}}