{"id":389121,"date":"2025-09-02T10:43:12","date_gmt":"2025-09-02T10:43:12","guid":{"rendered":"https:\/\/glotomania.com\/p\/molde-desmontable-para-panettone-patisse-12-cm-2\/"},"modified":"2026-03-10T20:05:02","modified_gmt":"2026-03-10T20:05:02","slug":"molde-desmontable-para-panettone-patisse-12-cm-2","status":"publish","type":"product","link":"https:\/\/glotomania.com\/pt-pt\/p\/molde-desmontable-para-panettone-patisse-12-cm-2\/","title":{"rendered":"Molde Desmont\u00c1vel Para Panettone &#8211; Patisse (12 Cm)"},"content":{"rendered":"<p>&nbsp;<\/p>\n<p><span style=\"font-size:14px\">Feito de metal de alta qualidade, adequado para uso alimentar. N&atilde;o pode ser lavado na m&aacute;quina de lavar lou&ccedil;a, recomenda-se a lavagem &agrave; m&atilde;o.<\/span><\/p>\n<p><span style=\"font-size:14px\"><u>Temperatura m&aacute;xima do forno <\/u>230 &ordm;C.<\/span><\/p>\n<p><span style=\"font-size:14px\"><strong>Dimens&otilde;es aproximadas:<\/strong> &Oslash; 12 cm &#8211; Altura 12 cm.<\/span><\/p>\n","protected":false},"excerpt":{"rendered":"<p>Forma met\u00e1lica amov\u00edvel Patisse, com altura extra gra\u00e7as ao seu rebordo longo, ideal para panetones, bolos, quiches,&#8230;<\/p>\n","protected":false},"featured_media":344919,"comment_status":"open","ping_status":"closed","template":"","meta":{"_acf_changed":false},"pwb-brand":[],"product_brand":[],"product_cat":[2907,3217,1802,3214,1801,1804,2920,3087,1849,1866,1767],"product_tag":[],"class_list":{"0":"post-389121","1":"product","2":"type-product","3":"status-publish","4":"has-post-thumbnail","6":"product_cat-festas","7":"product_cat-moldes-de-formas-especiais","8":"product_cat-moldes-metal","9":"product_cat-moldes-de-pastelaria","10":"product_cat-moldes","11":"product_cat-moldes-redondos","12":"product_cat-natal-2","13":"product_cat-ordem-e-armazenamento","14":"product_cat-fiestas","15":"product_cat-navidad","16":"product_cat-utensilios","18":"first","19":"instock","20":"taxable","21":"shipping-taxable","22":"purchasable","23":"product-type-simple"},"acf":[],"df_price":8.65,"df_sale_price":"","df_regular_price":8.65,"df_image_link":"https:\/\/glotomania.com\/wp-content\/uploads\/2025\/11\/img_21377_639675796bc86fae2d2169d7379d3983_1-35-300x300.jpg","brands":[],"_links":{"self":[{"href":"https:\/\/glotomania.com\/pt-pt\/wp-json\/wp\/v2\/product\/389121","targetHints":{"allow":["GET"]}}],"collection":[{"href":"https:\/\/glotomania.com\/pt-pt\/wp-json\/wp\/v2\/product"}],"about":[{"href":"https:\/\/glotomania.com\/pt-pt\/wp-json\/wp\/v2\/types\/product"}],"replies":[{"embeddable":true,"href":"https:\/\/glotomania.com\/pt-pt\/wp-json\/wp\/v2\/comments?post=389121"}],"wp:featuredmedia":[{"embeddable":true,"href":"https:\/\/glotomania.com\/pt-pt\/wp-json\/wp\/v2\/media\/344919"}],"wp:attachment":[{"href":"https:\/\/glotomania.com\/pt-pt\/wp-json\/wp\/v2\/media?parent=389121"}],"wp:term":[{"taxonomy":"pwb-brand","embeddable":true,"href":"https:\/\/glotomania.com\/pt-pt\/wp-json\/wp\/v2\/pwb-brand?post=389121"},{"taxonomy":"product_brand","embeddable":true,"href":"https:\/\/glotomania.com\/pt-pt\/wp-json\/wp\/v2\/product_brand?post=389121"},{"taxonomy":"product_cat","embeddable":true,"href":"https:\/\/glotomania.com\/pt-pt\/wp-json\/wp\/v2\/product_cat?post=389121"},{"taxonomy":"product_tag","embeddable":true,"href":"https:\/\/glotomania.com\/pt-pt\/wp-json\/wp\/v2\/product_tag?post=389121"}],"curies":[{"name":"wp","href":"https:\/\/api.w.org\/{rel}","templated":true}]}}