{"id":389127,"date":"2025-09-02T10:43:15","date_gmt":"2025-09-02T10:43:15","guid":{"rendered":"https:\/\/glotomania.com\/p\/molde-desmontable-redondo-patisse-o-22-cm-h-65-cm-2\/"},"modified":"2026-03-26T17:37:15","modified_gmt":"2026-03-26T17:37:15","slug":"molde-desmontable-redondo-patisse-o-22-cm-h-65-cm-2","status":"publish","type":"product","link":"https:\/\/glotomania.com\/pt-pt\/p\/molde-desmontable-redondo-patisse-o-22-cm-h-65-cm-2\/","title":{"rendered":"Molde Desmont\u00c1vel Redondo Patisse &#8211; \u00d8 22 Cm \/ H 6,5 Cm"},"content":{"rendered":"<p>&nbsp;<\/p>\n<p><span style=\"font-size:14px\">Ideal para cheesecakes, p&atilde;o de l&oacute;, tartes,&#8230; e muito mais! Feito de <strong>metal de alta qualidade<\/strong>, de qualidade alimentar, com revestimento antiaderente, n&atilde;o pode ser lavado na m&aacute;quina de lavar lou&ccedil;a, recomenda-se a lavagem &agrave; m&atilde;o.<\/span><\/p>\n<p><span style=\"font-size:14px\"><u>Temperatura m&aacute;xima do forno<\/u> 190 &ordm;C (tempo prolongado) &#8211; <u>temperatura m&aacute;xima <\/u>250 &ordm;C (tempo curto).<\/span><\/p>\n<p><span style=\"font-size:14px\"><strong>Dimens&otilde;es aproximadas<\/strong>: &Oslash; 22 cm &#8211; Altura 6,5 cm.<\/span><\/p>\n","protected":false},"excerpt":{"rendered":"<p>Forma met\u00e1lica amov\u00edvel Patisse, ideal para bolos, p\u00e3o de l\u00f3, cheesecakes, cheesecakes,&#8230;<\/p>\n","protected":false},"featured_media":350541,"comment_status":"open","ping_status":"closed","template":"","meta":{"_acf_changed":false},"pwb-brand":[],"product_brand":[],"product_cat":[3217,1802,3214,1801,1804,3087,1767],"product_tag":[],"class_list":{"0":"post-389127","1":"product","2":"type-product","3":"status-publish","4":"has-post-thumbnail","6":"product_cat-moldes-de-formas-especiais","7":"product_cat-moldes-metal","8":"product_cat-moldes-de-pastelaria","9":"product_cat-moldes","10":"product_cat-moldes-redondos","11":"product_cat-ordem-e-armazenamento","12":"product_cat-utensilios","14":"first","15":"instock","16":"taxable","17":"shipping-taxable","18":"purchasable","19":"product-type-simple"},"acf":[],"df_price":9.95,"df_sale_price":"","df_regular_price":9.95,"df_image_link":"https:\/\/glotomania.com\/wp-content\/uploads\/2025\/11\/img_21383_4d24bf17628a98a52cc9fc895fa3867a_1-31-300x300.jpg","brands":[],"_links":{"self":[{"href":"https:\/\/glotomania.com\/pt-pt\/wp-json\/wp\/v2\/product\/389127","targetHints":{"allow":["GET"]}}],"collection":[{"href":"https:\/\/glotomania.com\/pt-pt\/wp-json\/wp\/v2\/product"}],"about":[{"href":"https:\/\/glotomania.com\/pt-pt\/wp-json\/wp\/v2\/types\/product"}],"replies":[{"embeddable":true,"href":"https:\/\/glotomania.com\/pt-pt\/wp-json\/wp\/v2\/comments?post=389127"}],"wp:featuredmedia":[{"embeddable":true,"href":"https:\/\/glotomania.com\/pt-pt\/wp-json\/wp\/v2\/media\/350541"}],"wp:attachment":[{"href":"https:\/\/glotomania.com\/pt-pt\/wp-json\/wp\/v2\/media?parent=389127"}],"wp:term":[{"taxonomy":"pwb-brand","embeddable":true,"href":"https:\/\/glotomania.com\/pt-pt\/wp-json\/wp\/v2\/pwb-brand?post=389127"},{"taxonomy":"product_brand","embeddable":true,"href":"https:\/\/glotomania.com\/pt-pt\/wp-json\/wp\/v2\/product_brand?post=389127"},{"taxonomy":"product_cat","embeddable":true,"href":"https:\/\/glotomania.com\/pt-pt\/wp-json\/wp\/v2\/product_cat?post=389127"},{"taxonomy":"product_tag","embeddable":true,"href":"https:\/\/glotomania.com\/pt-pt\/wp-json\/wp\/v2\/product_tag?post=389127"}],"curies":[{"name":"wp","href":"https:\/\/api.w.org\/{rel}","templated":true}]}}