{"id":389130,"date":"2025-09-02T10:43:16","date_gmt":"2025-09-02T10:43:16","guid":{"rendered":"https:\/\/glotomania.com\/p\/rodillo-con-anillas-patisse-20-cm-2\/"},"modified":"2026-03-10T20:05:16","modified_gmt":"2026-03-10T20:05:16","slug":"rodillo-con-anillas-patisse-20-cm-2","status":"publish","type":"product","link":"https:\/\/glotomania.com\/pt-pt\/p\/rodillo-con-anillas-patisse-20-cm-2\/","title":{"rendered":"Rolo De Massa Patisse Com Argolas &#8211; 20 Cm"},"content":{"rendered":"<p>&nbsp;<\/p>\n<p><span style=\"font-size:14px\">De <strong>pl&aacute;stico antiaderente<\/strong>, adequado para uso alimentar.<\/span><\/p>\n<p><span style=\"font-size:14px\"><strong>Medidas aprox.: <\/strong>20 cm.<\/span><\/p>\n<p><span style=\"font-size:14px\"><em>4 an&eacute;is de nivelamento inclu&iacute;dos.<\/em><\/span><\/p>\n","protected":false},"excerpt":{"rendered":"<p>Rolo de massa Patisse com an\u00e9is deslizantes, ideal para estender o nosso fondant at\u00e9 \u00e0 espessura perfeita.<\/p>\n","protected":false},"featured_media":155294,"comment_status":"open","ping_status":"closed","template":"","meta":{"_acf_changed":false},"pwb-brand":[],"product_brand":[],"product_cat":[3106,3087,3139,1820,1827,1767],"product_tag":[],"class_list":{"0":"post-389130","1":"product","2":"type-product","3":"status-publish","4":"has-post-thumbnail","6":"product_cat-basicos-de-pastelaria","7":"product_cat-ordem-e-armazenamento","8":"product_cat-rolos-de-massa-e-acessorios-2","9":"product_cat-basicos","10":"product_cat-rodillos","11":"product_cat-utensilios","13":"first","14":"instock","15":"taxable","16":"shipping-taxable","17":"purchasable","18":"product-type-simple"},"acf":[],"df_price":6.5,"df_sale_price":"","df_regular_price":6.5,"df_image_link":"https:\/\/glotomania.com\/wp-content\/uploads\/2025\/09\/img_21389_d4cb1981d8dd30c02bd5b430d8b99cb9_1-300x300.png","brands":[],"_links":{"self":[{"href":"https:\/\/glotomania.com\/pt-pt\/wp-json\/wp\/v2\/product\/389130","targetHints":{"allow":["GET"]}}],"collection":[{"href":"https:\/\/glotomania.com\/pt-pt\/wp-json\/wp\/v2\/product"}],"about":[{"href":"https:\/\/glotomania.com\/pt-pt\/wp-json\/wp\/v2\/types\/product"}],"replies":[{"embeddable":true,"href":"https:\/\/glotomania.com\/pt-pt\/wp-json\/wp\/v2\/comments?post=389130"}],"wp:featuredmedia":[{"embeddable":true,"href":"https:\/\/glotomania.com\/pt-pt\/wp-json\/wp\/v2\/media\/155294"}],"wp:attachment":[{"href":"https:\/\/glotomania.com\/pt-pt\/wp-json\/wp\/v2\/media?parent=389130"}],"wp:term":[{"taxonomy":"pwb-brand","embeddable":true,"href":"https:\/\/glotomania.com\/pt-pt\/wp-json\/wp\/v2\/pwb-brand?post=389130"},{"taxonomy":"product_brand","embeddable":true,"href":"https:\/\/glotomania.com\/pt-pt\/wp-json\/wp\/v2\/product_brand?post=389130"},{"taxonomy":"product_cat","embeddable":true,"href":"https:\/\/glotomania.com\/pt-pt\/wp-json\/wp\/v2\/product_cat?post=389130"},{"taxonomy":"product_tag","embeddable":true,"href":"https:\/\/glotomania.com\/pt-pt\/wp-json\/wp\/v2\/product_tag?post=389130"}],"curies":[{"name":"wp","href":"https:\/\/api.w.org\/{rel}","templated":true}]}}