{"id":389133,"date":"2025-09-02T10:43:17","date_gmt":"2025-09-02T10:43:17","guid":{"rendered":"https:\/\/glotomania.com\/p\/molde-desmontable-redondo-silver-top-patisse-o-24-cm-h-65-cm-2\/"},"modified":"2026-04-07T17:28:59","modified_gmt":"2026-04-07T17:28:59","slug":"molde-desmontable-redondo-silver-top-patisse-o-24-cm-h-65-cm-2","status":"publish","type":"product","link":"https:\/\/glotomania.com\/pt-pt\/p\/molde-desmontable-redondo-silver-top-patisse-o-24-cm-h-65-cm-2\/","title":{"rendered":"Molde Desmontavle Redondo &#8220;silver-top&#8221; Patisse &#8211; \u00d8 24 Cm \/ H 6,5 Cm"},"content":{"rendered":"<p>&nbsp;<\/p>\n<p><span style=\"font-size:14px\">Ideal para cheesecakes, p&atilde;o de l&oacute;, tartes,&#8230; e muito mais!<\/span><\/p>\n<p><span style=\"font-size:14px\"><strong>Feito de metal de alta qualidade,<\/strong> seguro para alimentos, com revestimento antiaderente, n&atilde;o pode ser lavado na m&aacute;quina de lavar lou&ccedil;a, recomenda-se a lavagem &agrave; m&atilde;o, <u>temperatura m&aacute;xima do forno<\/u> 190&deg;C (tempo longo) &#8211;<u> temperatura m&aacute;xima do forno<\/u> 250&deg;C (tempo curto)<\/span><\/p>\n<p><span style=\"font-size:14px\"><strong>Dimens&otilde;es aproximadas:<\/strong> &Oslash; 24 cm &#8211; Altura 6,5 cm.<\/span><\/p>\n","protected":false},"excerpt":{"rendered":"<p>Forma met\u00e1lica amov\u00edvel Patisse, ideal para bolos, p\u00e3o de l\u00f3, cheesecakes,&#8230;<\/p>\n","protected":false},"featured_media":350542,"comment_status":"open","ping_status":"closed","template":"","meta":{"_acf_changed":false},"pwb-brand":[],"product_brand":[],"product_cat":[3217,1802,3214,1801,1804,3087,1767],"product_tag":[],"class_list":{"0":"post-389133","1":"product","2":"type-product","3":"status-publish","4":"has-post-thumbnail","6":"product_cat-moldes-de-formas-especiais","7":"product_cat-moldes-metal","8":"product_cat-moldes-de-pastelaria","9":"product_cat-moldes","10":"product_cat-moldes-redondos","11":"product_cat-ordem-e-armazenamento","12":"product_cat-utensilios","14":"first","15":"instock","16":"taxable","17":"shipping-taxable","18":"purchasable","19":"product-type-simple"},"acf":[],"df_price":15.95,"df_sale_price":"","df_regular_price":15.95,"df_image_link":"https:\/\/glotomania.com\/wp-content\/uploads\/2025\/11\/img_21424_22e6b977588784080c8614577c3f9fc7_1-34-300x300.jpg","brands":[],"_links":{"self":[{"href":"https:\/\/glotomania.com\/pt-pt\/wp-json\/wp\/v2\/product\/389133","targetHints":{"allow":["GET"]}}],"collection":[{"href":"https:\/\/glotomania.com\/pt-pt\/wp-json\/wp\/v2\/product"}],"about":[{"href":"https:\/\/glotomania.com\/pt-pt\/wp-json\/wp\/v2\/types\/product"}],"replies":[{"embeddable":true,"href":"https:\/\/glotomania.com\/pt-pt\/wp-json\/wp\/v2\/comments?post=389133"}],"wp:featuredmedia":[{"embeddable":true,"href":"https:\/\/glotomania.com\/pt-pt\/wp-json\/wp\/v2\/media\/350542"}],"wp:attachment":[{"href":"https:\/\/glotomania.com\/pt-pt\/wp-json\/wp\/v2\/media?parent=389133"}],"wp:term":[{"taxonomy":"pwb-brand","embeddable":true,"href":"https:\/\/glotomania.com\/pt-pt\/wp-json\/wp\/v2\/pwb-brand?post=389133"},{"taxonomy":"product_brand","embeddable":true,"href":"https:\/\/glotomania.com\/pt-pt\/wp-json\/wp\/v2\/product_brand?post=389133"},{"taxonomy":"product_cat","embeddable":true,"href":"https:\/\/glotomania.com\/pt-pt\/wp-json\/wp\/v2\/product_cat?post=389133"},{"taxonomy":"product_tag","embeddable":true,"href":"https:\/\/glotomania.com\/pt-pt\/wp-json\/wp\/v2\/product_tag?post=389133"}],"curies":[{"name":"wp","href":"https:\/\/api.w.org\/{rel}","templated":true}]}}