{"id":389134,"date":"2025-09-02T10:43:17","date_gmt":"2025-09-02T10:43:17","guid":{"rendered":"https:\/\/glotomania.com\/p\/molde-de-acero-redondo-patisse-18-cm-2\/"},"modified":"2026-04-13T09:08:19","modified_gmt":"2026-04-13T09:08:19","slug":"molde-de-acero-redondo-patisse-18-cm-2","status":"publish","type":"product","link":"https:\/\/glotomania.com\/pt-pt\/p\/molde-de-acero-redondo-patisse-18-cm-2\/","title":{"rendered":"Molde Redondo Em A\u00c7o Patisse &#8211; 18 Cm"},"content":{"rendered":"<p>&nbsp;<\/p>\n<p><span style=\"font-size:14px\">Prepare belos bolos e tartes redondos com esta forma redonda de cer&acirc;mica Patisse.<\/span><\/p>\n<p><span style=\"font-size:14px\">Perfeita para cozer e gratinar a altas temperaturas e com um tempo de cozedura mais longo. Fabricada em <strong>a&ccedil;o de alta qualidade<\/strong> com 0,5 mm de espessura e <strong>revestimento duplo<\/strong> em cer&acirc;mica antiaderente.<\/span><\/p>\n<p><span style=\"font-size:14px\"><u>Temperatura m&aacute;xima do forno <\/u>230 &ordm;C.<\/span><\/p>\n<p><span style=\"font-size:14px\"><strong>Dimens&otilde;es aproximadas:<\/strong> &Oslash; 18 cm &#8211; Altura 9 cm.<\/span><\/p>\n","protected":false},"excerpt":{"rendered":"<p>Forma em a\u00e7o amov\u00edvel Patisse, com revestimento cer\u00e2mico antiaderente duplo, com base extra grande, perfeita para bolos, p\u00e3o de l\u00f3, cheesecakes,&#8230;<\/p>\n","protected":false},"featured_media":341320,"comment_status":"open","ping_status":"closed","template":"","meta":{"_acf_changed":false},"pwb-brand":[],"product_brand":[],"product_cat":[3217,3214,3087,1802,1801,1804,1767],"product_tag":[],"class_list":{"0":"post-389134","1":"product","2":"type-product","3":"status-publish","4":"has-post-thumbnail","6":"product_cat-moldes-de-formas-especiais","7":"product_cat-moldes-de-pastelaria","8":"product_cat-ordem-e-armazenamento","9":"product_cat-moldes-metal","10":"product_cat-moldes","11":"product_cat-moldes-redondos","12":"product_cat-utensilios","14":"first","15":"instock","16":"taxable","17":"shipping-taxable","18":"purchasable","19":"product-type-simple"},"acf":[],"df_price":14.39,"df_sale_price":"","df_regular_price":14.39,"df_image_link":"https:\/\/glotomania.com\/wp-content\/uploads\/2025\/11\/img_21426_9864bbe872600f5cf980abebe75bc759_1-19-300x300.jpg","brands":[],"_links":{"self":[{"href":"https:\/\/glotomania.com\/pt-pt\/wp-json\/wp\/v2\/product\/389134","targetHints":{"allow":["GET"]}}],"collection":[{"href":"https:\/\/glotomania.com\/pt-pt\/wp-json\/wp\/v2\/product"}],"about":[{"href":"https:\/\/glotomania.com\/pt-pt\/wp-json\/wp\/v2\/types\/product"}],"replies":[{"embeddable":true,"href":"https:\/\/glotomania.com\/pt-pt\/wp-json\/wp\/v2\/comments?post=389134"}],"wp:featuredmedia":[{"embeddable":true,"href":"https:\/\/glotomania.com\/pt-pt\/wp-json\/wp\/v2\/media\/341320"}],"wp:attachment":[{"href":"https:\/\/glotomania.com\/pt-pt\/wp-json\/wp\/v2\/media?parent=389134"}],"wp:term":[{"taxonomy":"pwb-brand","embeddable":true,"href":"https:\/\/glotomania.com\/pt-pt\/wp-json\/wp\/v2\/pwb-brand?post=389134"},{"taxonomy":"product_brand","embeddable":true,"href":"https:\/\/glotomania.com\/pt-pt\/wp-json\/wp\/v2\/product_brand?post=389134"},{"taxonomy":"product_cat","embeddable":true,"href":"https:\/\/glotomania.com\/pt-pt\/wp-json\/wp\/v2\/product_cat?post=389134"},{"taxonomy":"product_tag","embeddable":true,"href":"https:\/\/glotomania.com\/pt-pt\/wp-json\/wp\/v2\/product_tag?post=389134"}],"curies":[{"name":"wp","href":"https:\/\/api.w.org\/{rel}","templated":true}]}}