{"id":389149,"date":"2025-09-02T10:43:26","date_gmt":"2025-09-02T10:43:26","guid":{"rendered":"https:\/\/glotomania.com\/p\/velas-cumpleanos-partydeco-doradas-125-cm-2\/"},"modified":"2026-04-15T13:36:51","modified_gmt":"2026-04-15T13:36:51","slug":"velas-cumpleanos-partydeco-doradas-125-cm-2","status":"publish","type":"product","link":"https:\/\/glotomania.com\/pt-pt\/p\/velas-cumpleanos-partydeco-doradas-125-cm-2\/","title":{"rendered":"Velas De Anivers\u00c1rio Partydeco &#8211; Douradas (12,5 Cm)"},"content":{"rendered":"<p>\n<span style=\"font-size:14px\">Vela feita de parafina.<\/span><\/p>\n<p><span style=\"font-size:14px\"><strong>Medidas aproximadas: <\/strong>Altura 12,5 cm.<\/span><\/p>\n<p><em><span style=\"font-size:14px\">Inclui 12 velas e 12 suportes.<\/span><\/em><\/p>\n","protected":false},"excerpt":{"rendered":"<p>12 velas decorativas douradas da Partydeco, perfeitas para dar um toque de brilho \u00e0s nossas elabora\u00e7\u00f5es.<\/p>\n","protected":false},"featured_media":348314,"comment_status":"open","ping_status":"closed","template":"","meta":{"_acf_changed":false},"pwb-brand":[],"product_brand":[],"product_cat":[3200,2907,3087,3211,3209,1792,1849,1767,1796,1795],"product_tag":[],"class_list":{"0":"post-389149","1":"product","2":"type-product","3":"status-publish","4":"has-post-thumbnail","6":"product_cat-decoracoes-nao-comestiveis","7":"product_cat-festas","8":"product_cat-ordem-e-armazenamento","9":"product_cat-velas-originais","10":"product_cat-velas-para-bolos","11":"product_cat-decoracion-no-comestible","12":"product_cat-fiestas","13":"product_cat-utensilios","14":"product_cat-velas-originales","15":"product_cat-velas","17":"first","18":"instock","19":"taxable","20":"shipping-taxable","21":"purchasable","22":"product-type-simple"},"acf":[],"df_price":3.25,"df_sale_price":"","df_regular_price":3.25,"df_image_link":"https:\/\/glotomania.com\/wp-content\/uploads\/2025\/11\/img_21460_3b89331fcd058ae7b4e39f80561d01f6_1-32-300x300.jpg","brands":[],"_links":{"self":[{"href":"https:\/\/glotomania.com\/pt-pt\/wp-json\/wp\/v2\/product\/389149","targetHints":{"allow":["GET"]}}],"collection":[{"href":"https:\/\/glotomania.com\/pt-pt\/wp-json\/wp\/v2\/product"}],"about":[{"href":"https:\/\/glotomania.com\/pt-pt\/wp-json\/wp\/v2\/types\/product"}],"replies":[{"embeddable":true,"href":"https:\/\/glotomania.com\/pt-pt\/wp-json\/wp\/v2\/comments?post=389149"}],"wp:featuredmedia":[{"embeddable":true,"href":"https:\/\/glotomania.com\/pt-pt\/wp-json\/wp\/v2\/media\/348314"}],"wp:attachment":[{"href":"https:\/\/glotomania.com\/pt-pt\/wp-json\/wp\/v2\/media?parent=389149"}],"wp:term":[{"taxonomy":"pwb-brand","embeddable":true,"href":"https:\/\/glotomania.com\/pt-pt\/wp-json\/wp\/v2\/pwb-brand?post=389149"},{"taxonomy":"product_brand","embeddable":true,"href":"https:\/\/glotomania.com\/pt-pt\/wp-json\/wp\/v2\/product_brand?post=389149"},{"taxonomy":"product_cat","embeddable":true,"href":"https:\/\/glotomania.com\/pt-pt\/wp-json\/wp\/v2\/product_cat?post=389149"},{"taxonomy":"product_tag","embeddable":true,"href":"https:\/\/glotomania.com\/pt-pt\/wp-json\/wp\/v2\/product_tag?post=389149"}],"curies":[{"name":"wp","href":"https:\/\/api.w.org\/{rel}","templated":true}]}}