{"id":389152,"date":"2025-09-02T10:43:28","date_gmt":"2025-09-02T10:43:28","guid":{"rendered":"https:\/\/glotomania.com\/p\/capsulas-cupcake-house-of-marie-primavera-chevron-2\/"},"modified":"2026-04-27T00:19:52","modified_gmt":"2026-04-27T00:19:52","slug":"capsulas-cupcake-house-of-marie-primavera-chevron-2","status":"publish","type":"product","link":"https:\/\/glotomania.com\/pt-pt\/p\/capsulas-cupcake-house-of-marie-primavera-chevron-2\/","title":{"rendered":"C\u00c1psulas Cupcake &#8220;house Of Marie&#8221; &#8211; Primavera (chevron)"},"content":{"rendered":"<p>&nbsp;<\/p>\n<p><span style=\"font-size:14px\">Este conjunto cont&eacute;m formas de cozer com um desenho para qualquer ocasi&atilde;o.<\/p>\n<p>Fabricado em papel de alta qualidade, seguro para o forno.<\/p>\n<p><strong>Dimens&otilde;es aproximadas:<\/strong> &Oslash; 5 cm.<\/span><\/p>\n","protected":false},"excerpt":{"rendered":"<p>Incluye 50 c\u00e1psulas de House of Marie, con divertido dise\u00f1o de colores, son perfectas para cupcakes, muffins y mucho m\u00e1s.<\/p>\n","protected":false},"featured_media":350553,"comment_status":"open","ping_status":"closed","template":"","meta":{"_acf_changed":false},"pwb-brand":[],"product_brand":[],"product_cat":[3191,2009,2010,3193,2907,3087,2921,1849,1858,1767],"product_tag":[],"class_list":{"0":"post-389152","1":"product","2":"type-product","3":"status-publish","4":"has-post-thumbnail","6":"product_cat-capacillos-de-papel-2","7":"product_cat-capsulas","8":"product_cat-capsulas-cupcakes","9":"product_cat-capsulas-para-cupcakes-2","10":"product_cat-festas","11":"product_cat-ordem-e-armazenamento","12":"product_cat-pascoa","13":"product_cat-fiestas","14":"product_cat-pascua","15":"product_cat-utensilios","17":"first","18":"instock","19":"taxable","20":"shipping-taxable","21":"purchasable","22":"product-type-simple"},"acf":[],"df_price":2.75,"df_sale_price":1.92,"df_regular_price":2.75,"df_image_link":"https:\/\/glotomania.com\/wp-content\/uploads\/2025\/11\/img_21469_aef3ca0f591bee2c977e565bab8cecc9_1-29-300x300.jpg","brands":[],"_links":{"self":[{"href":"https:\/\/glotomania.com\/pt-pt\/wp-json\/wp\/v2\/product\/389152","targetHints":{"allow":["GET"]}}],"collection":[{"href":"https:\/\/glotomania.com\/pt-pt\/wp-json\/wp\/v2\/product"}],"about":[{"href":"https:\/\/glotomania.com\/pt-pt\/wp-json\/wp\/v2\/types\/product"}],"replies":[{"embeddable":true,"href":"https:\/\/glotomania.com\/pt-pt\/wp-json\/wp\/v2\/comments?post=389152"}],"wp:featuredmedia":[{"embeddable":true,"href":"https:\/\/glotomania.com\/pt-pt\/wp-json\/wp\/v2\/media\/350553"}],"wp:attachment":[{"href":"https:\/\/glotomania.com\/pt-pt\/wp-json\/wp\/v2\/media?parent=389152"}],"wp:term":[{"taxonomy":"pwb-brand","embeddable":true,"href":"https:\/\/glotomania.com\/pt-pt\/wp-json\/wp\/v2\/pwb-brand?post=389152"},{"taxonomy":"product_brand","embeddable":true,"href":"https:\/\/glotomania.com\/pt-pt\/wp-json\/wp\/v2\/product_brand?post=389152"},{"taxonomy":"product_cat","embeddable":true,"href":"https:\/\/glotomania.com\/pt-pt\/wp-json\/wp\/v2\/product_cat?post=389152"},{"taxonomy":"product_tag","embeddable":true,"href":"https:\/\/glotomania.com\/pt-pt\/wp-json\/wp\/v2\/product_tag?post=389152"}],"curies":[{"name":"wp","href":"https:\/\/api.w.org\/{rel}","templated":true}]}}