{"id":389239,"date":"2025-09-02T10:44:08","date_gmt":"2025-09-02T10:44:08","guid":{"rendered":"https:\/\/glotomania.com\/p\/stand-para-tartas-blanco-wilton-3-niveles-2\/"},"modified":"2026-03-10T20:08:29","modified_gmt":"2026-03-10T20:08:29","slug":"stand-para-tartas-blanco-wilton-3-niveles-2","status":"publish","type":"product","link":"https:\/\/glotomania.com\/pt-pt\/p\/stand-para-tartas-blanco-wilton-3-niveles-2\/","title":{"rendered":"Suporte Para Bolos Branco Wilton &#8211; 3 N\u00cdveis"},"content":{"rendered":"<p>&nbsp;<\/p>\n<p><span style=\"font-size:14px\">Fabricado em pl&aacute;stico resistente. Recomenda-se a lavagem &agrave; m&atilde;o, n&atilde;o pode ser lavado na m&aacute;quina de lavar lou&ccedil;a.<\/span><\/p>\n<p><span style=\"font-size:14px\"><strong>Dimens&otilde;es aproximadas:<\/strong> &Oslash; 25 &#8211; 30 &#8211; 35 cm \/ Altura 17,5 cm.<\/span><\/p>\n","protected":false},"excerpt":{"rendered":"<p>Fant\u00e1stico suporte de apresenta\u00e7\u00e3o branco da Wilton, com capacidade para 3 bolos, perfeito para qualquer celebra\u00e7\u00e3o e mesas de doces.<\/p>\n","protected":false},"featured_media":155433,"comment_status":"open","ping_status":"closed","template":"","meta":{"_acf_changed":false},"pwb-brand":[],"product_brand":[],"product_cat":[3093,2907,3087,3228,1768,1849,1769,1767],"product_tag":[],"class_list":{"0":"post-389239","1":"product","2":"type-product","3":"status-publish","4":"has-post-thumbnail","6":"product_cat-bases-para-bolos-2","7":"product_cat-festas","8":"product_cat-ordem-e-armazenamento","9":"product_cat-suportes-para-doces-e-bolos","10":"product_cat-bases","11":"product_cat-fiestas","12":"product_cat-soportes","13":"product_cat-utensilios","15":"first","16":"instock","17":"taxable","18":"shipping-taxable","19":"purchasable","20":"product-type-simple"},"acf":[],"df_price":49.95,"df_sale_price":"","df_regular_price":49.95,"df_image_link":"https:\/\/glotomania.com\/wp-content\/uploads\/2025\/09\/img_21602_f864ff25d15b0392517f7aeaefbbfd49_1-300x300.png","brands":[],"_links":{"self":[{"href":"https:\/\/glotomania.com\/pt-pt\/wp-json\/wp\/v2\/product\/389239","targetHints":{"allow":["GET"]}}],"collection":[{"href":"https:\/\/glotomania.com\/pt-pt\/wp-json\/wp\/v2\/product"}],"about":[{"href":"https:\/\/glotomania.com\/pt-pt\/wp-json\/wp\/v2\/types\/product"}],"replies":[{"embeddable":true,"href":"https:\/\/glotomania.com\/pt-pt\/wp-json\/wp\/v2\/comments?post=389239"}],"wp:featuredmedia":[{"embeddable":true,"href":"https:\/\/glotomania.com\/pt-pt\/wp-json\/wp\/v2\/media\/155433"}],"wp:attachment":[{"href":"https:\/\/glotomania.com\/pt-pt\/wp-json\/wp\/v2\/media?parent=389239"}],"wp:term":[{"taxonomy":"pwb-brand","embeddable":true,"href":"https:\/\/glotomania.com\/pt-pt\/wp-json\/wp\/v2\/pwb-brand?post=389239"},{"taxonomy":"product_brand","embeddable":true,"href":"https:\/\/glotomania.com\/pt-pt\/wp-json\/wp\/v2\/product_brand?post=389239"},{"taxonomy":"product_cat","embeddable":true,"href":"https:\/\/glotomania.com\/pt-pt\/wp-json\/wp\/v2\/product_cat?post=389239"},{"taxonomy":"product_tag","embeddable":true,"href":"https:\/\/glotomania.com\/pt-pt\/wp-json\/wp\/v2\/product_tag?post=389239"}],"curies":[{"name":"wp","href":"https:\/\/api.w.org\/{rel}","templated":true}]}}