{"id":389255,"date":"2025-09-02T10:44:18","date_gmt":"2025-09-02T10:44:18","guid":{"rendered":"https:\/\/glotomania.com\/p\/sprinkles-funcakes-mini-confeti-carnaval-60-g-2\/"},"modified":"2026-05-01T00:20:02","modified_gmt":"2026-05-01T00:20:02","slug":"sprinkles-funcakes-mini-confeti-carnaval-60-g-2","status":"publish","type":"product","link":"https:\/\/glotomania.com\/pt-pt\/p\/sprinkles-funcakes-mini-confeti-carnaval-60-g-2\/","title":{"rendered":"Sprinkles Funcakes &#8211; Mini Confetti Carnavalesco (60 G)"},"content":{"rendered":"<p>&nbsp;<\/p>\n<p><span style=\"font-size:14px\">Inclui fichas planas em 5 cores: amarelo, vermelho, azul, verde e laranja.<\/span><\/p>\n","protected":false},"excerpt":{"rendered":"<p>Decore as suas cria\u00e7\u00f5es de Carnaval com esta fant\u00e1stica mistura de granulados coloridos Funcakes.<\/p>\n","protected":false},"featured_media":345095,"comment_status":"open","ping_status":"closed","template":"","meta":{"_acf_changed":false},"pwb-brand":[],"product_brand":[],"product_cat":[1839,1840,2979,2982,1832,2907,1845,2996,1849,3001],"product_tag":[],"class_list":{"0":"post-389255","1":"product","2":"type-product","3":"status-publish","4":"has-post-thumbnail","6":"product_cat-decoracion-comestible","7":"product_cat-decoraciones-azucar-comestibles","8":"product_cat-decoracoes-comestiveis-2","9":"product_cat-decoracoes-de-acucar","10":"product_cat-diestas-especiales","11":"product_cat-festas","12":"product_cat-dieta-sin-e-171","13":"product_cat-produtos-vegetarianos","14":"product_cat-fiestas","15":"product_cat-sem-e-171-2","17":"first","18":"instock","19":"taxable","20":"shipping-taxable","21":"purchasable","22":"product-type-simple"},"acf":[],"df_price":3.46,"df_sale_price":"","df_regular_price":3.46,"df_image_link":"https:\/\/glotomania.com\/wp-content\/uploads\/2025\/11\/img_21702_c3e6c35504eeb0ff097f7c5459b69cb5_1-31-300x300.jpg","brands":[],"_links":{"self":[{"href":"https:\/\/glotomania.com\/pt-pt\/wp-json\/wp\/v2\/product\/389255","targetHints":{"allow":["GET"]}}],"collection":[{"href":"https:\/\/glotomania.com\/pt-pt\/wp-json\/wp\/v2\/product"}],"about":[{"href":"https:\/\/glotomania.com\/pt-pt\/wp-json\/wp\/v2\/types\/product"}],"replies":[{"embeddable":true,"href":"https:\/\/glotomania.com\/pt-pt\/wp-json\/wp\/v2\/comments?post=389255"}],"wp:featuredmedia":[{"embeddable":true,"href":"https:\/\/glotomania.com\/pt-pt\/wp-json\/wp\/v2\/media\/345095"}],"wp:attachment":[{"href":"https:\/\/glotomania.com\/pt-pt\/wp-json\/wp\/v2\/media?parent=389255"}],"wp:term":[{"taxonomy":"pwb-brand","embeddable":true,"href":"https:\/\/glotomania.com\/pt-pt\/wp-json\/wp\/v2\/pwb-brand?post=389255"},{"taxonomy":"product_brand","embeddable":true,"href":"https:\/\/glotomania.com\/pt-pt\/wp-json\/wp\/v2\/product_brand?post=389255"},{"taxonomy":"product_cat","embeddable":true,"href":"https:\/\/glotomania.com\/pt-pt\/wp-json\/wp\/v2\/product_cat?post=389255"},{"taxonomy":"product_tag","embeddable":true,"href":"https:\/\/glotomania.com\/pt-pt\/wp-json\/wp\/v2\/product_tag?post=389255"}],"curies":[{"name":"wp","href":"https:\/\/api.w.org\/{rel}","templated":true}]}}