{"id":389260,"date":"2025-09-02T10:44:21","date_gmt":"2025-09-02T10:44:21","guid":{"rendered":"https:\/\/glotomania.com\/p\/sprinkles-funcakes-princesas-180-g-2\/"},"modified":"2026-04-28T10:23:49","modified_gmt":"2026-04-28T10:23:49","slug":"sprinkles-funcakes-princesas-180-g-2","status":"publish","type":"product","link":"https:\/\/glotomania.com\/pt-pt\/p\/sprinkles-funcakes-princesas-180-g-2\/","title":{"rendered":"Sprinkles Funcakes &#8211; Princesas 180 G"},"content":{"rendered":"<p>&nbsp;<\/p>\n<p><span style=\"font-size:14px\">Inclui coroas cor-de-rosa, bolas com relevo cor-de-rosa e lil&aacute;s, cora&ccedil;&otilde;es cor-de-rosa, p&eacute;rolas lil&aacute;s, cor-de-rosa e prateadas.<\/span><\/p>\n","protected":false},"excerpt":{"rendered":"<p>Mistura de decora\u00e7\u00f5es comest\u00edveis Funcakes, ideal para decorar as nossas elabora\u00e7\u00f5es em tons de branco, rosa e lil\u00e1s.<\/p>\n","protected":false},"featured_media":345100,"comment_status":"open","ping_status":"closed","template":"","meta":{"_acf_changed":false},"pwb-brand":[],"product_brand":[],"product_cat":[2908,2911,1839,1840,2979,2982,1832,2907,1845,2996,1862,1885,1849,3001],"product_tag":[],"class_list":{"0":"post-389260","1":"product","2":"type-product","3":"status-publish","4":"has-post-thumbnail","6":"product_cat-batizados","7":"product_cat-comunhoes","8":"product_cat-decoracion-comestible","9":"product_cat-decoraciones-azucar-comestibles","10":"product_cat-decoracoes-comestiveis-2","11":"product_cat-decoracoes-de-acucar","12":"product_cat-diestas-especiales","13":"product_cat-festas","14":"product_cat-dieta-sin-e-171","15":"product_cat-produtos-vegetarianos","16":"product_cat-comuniones","17":"product_cat-bautizos","18":"product_cat-fiestas","19":"product_cat-sem-e-171-2","21":"first","22":"instock","23":"taxable","24":"shipping-taxable","25":"purchasable","26":"product-type-simple"},"acf":[],"df_price":7.1,"df_sale_price":"","df_regular_price":7.1,"df_image_link":"https:\/\/glotomania.com\/wp-content\/uploads\/2025\/11\/img_21714_67dffcda2bb8b1a6ec641d024351712a_1-37-300x300.jpg","brands":[],"_links":{"self":[{"href":"https:\/\/glotomania.com\/pt-pt\/wp-json\/wp\/v2\/product\/389260","targetHints":{"allow":["GET"]}}],"collection":[{"href":"https:\/\/glotomania.com\/pt-pt\/wp-json\/wp\/v2\/product"}],"about":[{"href":"https:\/\/glotomania.com\/pt-pt\/wp-json\/wp\/v2\/types\/product"}],"replies":[{"embeddable":true,"href":"https:\/\/glotomania.com\/pt-pt\/wp-json\/wp\/v2\/comments?post=389260"}],"wp:featuredmedia":[{"embeddable":true,"href":"https:\/\/glotomania.com\/pt-pt\/wp-json\/wp\/v2\/media\/345100"}],"wp:attachment":[{"href":"https:\/\/glotomania.com\/pt-pt\/wp-json\/wp\/v2\/media?parent=389260"}],"wp:term":[{"taxonomy":"pwb-brand","embeddable":true,"href":"https:\/\/glotomania.com\/pt-pt\/wp-json\/wp\/v2\/pwb-brand?post=389260"},{"taxonomy":"product_brand","embeddable":true,"href":"https:\/\/glotomania.com\/pt-pt\/wp-json\/wp\/v2\/product_brand?post=389260"},{"taxonomy":"product_cat","embeddable":true,"href":"https:\/\/glotomania.com\/pt-pt\/wp-json\/wp\/v2\/product_cat?post=389260"},{"taxonomy":"product_tag","embeddable":true,"href":"https:\/\/glotomania.com\/pt-pt\/wp-json\/wp\/v2\/product_tag?post=389260"}],"curies":[{"name":"wp","href":"https:\/\/api.w.org\/{rel}","templated":true}]}}