{"id":389261,"date":"2025-09-02T10:44:22","date_gmt":"2025-09-02T10:44:22","guid":{"rendered":"https:\/\/glotomania.com\/p\/decoraciones-de-azucar-funcakes-rosas-con-hojas-2\/"},"modified":"2026-04-15T11:16:29","modified_gmt":"2026-04-15T11:16:29","slug":"decoraciones-de-azucar-funcakes-rosas-con-hojas-2","status":"publish","type":"product","link":"https:\/\/glotomania.com\/pt-pt\/p\/decoraciones-de-azucar-funcakes-rosas-con-hojas-2\/","title":{"rendered":"Decora\u00c7\u00d5es Em A\u00c7\u00dacar Funcakes &#8211; Rosas Com Folhas"},"content":{"rendered":"<p>\n<span style=\"font-size: 14px\"><strong>Tamanho aproximado:&nbsp;<\/strong><\/span><span style=\"font-size: 14px\">1 x 1,5 cm&nbsp;&Oslash;<\/span><\/p>\n<p><span style=\"font-size:14px\">A caixa inclui 16 pe&ccedil;as: 8 brancas, 4 cor-de-rosa e 4 roxas.<\/span><\/p>\n","protected":false},"excerpt":{"rendered":"<p>16 decora\u00e7\u00f5es de a\u00e7\u00facar Funcakes em forma de rosas com folhas, nas cores: branco, rosa e violeta.<\/p>\n","protected":false},"featured_media":37741,"comment_status":"open","ping_status":"closed","template":"","meta":{"_acf_changed":false},"pwb-brand":[],"product_brand":[],"product_cat":[2910,1839,2979,1832,2907,2988,1999,1845,1833,2921,2996,1888,1849,1858,3001,3004],"product_tag":[],"class_list":{"0":"post-389261","1":"product","2":"type-product","3":"status-publish","4":"has-post-thumbnail","6":"product_cat-casamentos-2","7":"product_cat-decoracion-comestible","8":"product_cat-decoracoes-comestiveis-2","9":"product_cat-diestas-especiales","10":"product_cat-festas","11":"product_cat-figuras-de-acucar-comestiveis-2","12":"product_cat-figuras-de-azucar","13":"product_cat-dieta-sin-e-171","14":"product_cat-dieta-sin-gluten","15":"product_cat-pascoa","16":"product_cat-produtos-vegetarianos","17":"product_cat-bodas","18":"product_cat-fiestas","19":"product_cat-pascua","20":"product_cat-sem-e-171-2","21":"product_cat-sem-gluten-2","23":"first","24":"instock","25":"taxable","26":"shipping-taxable","27":"purchasable","28":"product-type-simple"},"acf":[],"df_price":3.53,"df_sale_price":"","df_regular_price":3.53,"df_image_link":"https:\/\/glotomania.com\/wp-content\/uploads\/2023\/07\/img_21715_36246be16ba2f5b4617a6f6b4dfd66b1_1-300x300.png","brands":[],"_links":{"self":[{"href":"https:\/\/glotomania.com\/pt-pt\/wp-json\/wp\/v2\/product\/389261","targetHints":{"allow":["GET"]}}],"collection":[{"href":"https:\/\/glotomania.com\/pt-pt\/wp-json\/wp\/v2\/product"}],"about":[{"href":"https:\/\/glotomania.com\/pt-pt\/wp-json\/wp\/v2\/types\/product"}],"replies":[{"embeddable":true,"href":"https:\/\/glotomania.com\/pt-pt\/wp-json\/wp\/v2\/comments?post=389261"}],"wp:featuredmedia":[{"embeddable":true,"href":"https:\/\/glotomania.com\/pt-pt\/wp-json\/wp\/v2\/media\/37741"}],"wp:attachment":[{"href":"https:\/\/glotomania.com\/pt-pt\/wp-json\/wp\/v2\/media?parent=389261"}],"wp:term":[{"taxonomy":"pwb-brand","embeddable":true,"href":"https:\/\/glotomania.com\/pt-pt\/wp-json\/wp\/v2\/pwb-brand?post=389261"},{"taxonomy":"product_brand","embeddable":true,"href":"https:\/\/glotomania.com\/pt-pt\/wp-json\/wp\/v2\/product_brand?post=389261"},{"taxonomy":"product_cat","embeddable":true,"href":"https:\/\/glotomania.com\/pt-pt\/wp-json\/wp\/v2\/product_cat?post=389261"},{"taxonomy":"product_tag","embeddable":true,"href":"https:\/\/glotomania.com\/pt-pt\/wp-json\/wp\/v2\/product_tag?post=389261"}],"curies":[{"name":"wp","href":"https:\/\/api.w.org\/{rel}","templated":true}]}}