{"id":389268,"date":"2025-09-02T10:44:26","date_gmt":"2025-09-02T10:44:26","guid":{"rendered":"https:\/\/glotomania.com\/p\/colorante-en-gel-pastkolor-extra-negro-50-g-2\/"},"modified":"2026-04-28T06:31:28","modified_gmt":"2026-04-28T06:31:28","slug":"colorante-en-gel-pastkolor-extra-negro-50-g-2","status":"publish","type":"product","link":"https:\/\/glotomania.com\/pt-pt\/p\/colorante-en-gel-pastkolor-extra-negro-50-g-2\/","title":{"rendered":"Corante De Gel Pastkolor &#8211; Extra Preto 50 G"},"content":{"rendered":"<p>&nbsp;<\/p>\n<p><span><span style=\"font-size: 14px\">Corante alimentar em gel ideal para utilizar em bolos, cupcakes, bolachas, pasta de goma, pasta de flores, fondant, cremes, coberturas, gelatinas,&#8230; e muito mais!&nbsp;&Eacute; feito para todos os tipos de usos, sendo ideal para<strong>&nbsp;tingir ou colorir&nbsp;<\/strong>qualquer massa.<\/span><\/span><\/p>\n<p><span><span style=\"font-size: 14px\">Possui a consist&ecirc;ncia adequada que permite uma colora&ccedil;&atilde;o r&aacute;pida e f&aacute;cil,<strong>&nbsp;sem desestabilizar a prepara&ccedil;&atilde;o<\/strong>. Possui pigmentos de qualidade, com&nbsp;<u>uma das maiores concentra&ccedil;&otilde;es do mercado<\/u>, para que possamos obter<strong>&nbsp;cores intensas<\/strong>.<\/span><\/span><\/p>\n<p><span><span style=\"font-size: 14px\">Com a aplica&ccedil;&atilde;o de pequenas quantidades, conseguimos colorir a prepara&ccedil;&atilde;o com o tom de cor desejado.<\/span><\/span><\/p>\n<p style=\"margin: 0px 0px 12px;font-size: 11px;line-height: normal\"><span><span style=\"font-size: 14px\"><strong>Dose m&aacute;xima recomendada:<\/strong>&nbsp;2&nbsp;g \/ kg.<\/span><\/span><\/p>\n","protected":false},"excerpt":{"rendered":"<p>Ideal para tingir ou colorir qualquer massa. Com uma pequena quantidade, permite-nos obter cores intensas gra\u00e7as \u00e0 sua alta concentra\u00e7\u00e3o.<\/p>\n","protected":false},"featured_media":350594,"comment_status":"open","ping_status":"closed","template":"","meta":{"_acf_changed":false},"pwb-brand":[],"product_brand":[],"product_cat":[2953,2957,2907,2917,2996,3001,3004,1835,1897,1832,1845,1833,1849,1863],"product_tag":[],"class_list":{"0":"post-389268","1":"product","2":"type-product","3":"status-publish","4":"has-post-thumbnail","6":"product_cat-corantes-e-pinturas","7":"product_cat-corantes-em-gel-2","8":"product_cat-festas","9":"product_cat-halloween","10":"product_cat-produtos-vegetarianos","11":"product_cat-sem-e-171-2","12":"product_cat-sem-gluten-2","13":"product_cat-colorantes","14":"product_cat-colorantes-gel","15":"product_cat-diestas-especiales","16":"product_cat-dieta-sin-e-171","17":"product_cat-dieta-sin-gluten","18":"product_cat-fiestas","21":"first","22":"instock","23":"taxable","24":"shipping-taxable","25":"purchasable","26":"product-type-simple"},"acf":[],"df_price":5.75,"df_sale_price":"","df_regular_price":5.75,"df_image_link":"https:\/\/glotomania.com\/wp-content\/uploads\/2025\/11\/img_21916_afeba9a3a3220521481e5a37f325095c_1-37-300x300.jpg","brands":[],"_links":{"self":[{"href":"https:\/\/glotomania.com\/pt-pt\/wp-json\/wp\/v2\/product\/389268","targetHints":{"allow":["GET"]}}],"collection":[{"href":"https:\/\/glotomania.com\/pt-pt\/wp-json\/wp\/v2\/product"}],"about":[{"href":"https:\/\/glotomania.com\/pt-pt\/wp-json\/wp\/v2\/types\/product"}],"replies":[{"embeddable":true,"href":"https:\/\/glotomania.com\/pt-pt\/wp-json\/wp\/v2\/comments?post=389268"}],"wp:featuredmedia":[{"embeddable":true,"href":"https:\/\/glotomania.com\/pt-pt\/wp-json\/wp\/v2\/media\/350594"}],"wp:attachment":[{"href":"https:\/\/glotomania.com\/pt-pt\/wp-json\/wp\/v2\/media?parent=389268"}],"wp:term":[{"taxonomy":"pwb-brand","embeddable":true,"href":"https:\/\/glotomania.com\/pt-pt\/wp-json\/wp\/v2\/pwb-brand?post=389268"},{"taxonomy":"product_brand","embeddable":true,"href":"https:\/\/glotomania.com\/pt-pt\/wp-json\/wp\/v2\/product_brand?post=389268"},{"taxonomy":"product_cat","embeddable":true,"href":"https:\/\/glotomania.com\/pt-pt\/wp-json\/wp\/v2\/product_cat?post=389268"},{"taxonomy":"product_tag","embeddable":true,"href":"https:\/\/glotomania.com\/pt-pt\/wp-json\/wp\/v2\/product_tag?post=389268"}],"curies":[{"name":"wp","href":"https:\/\/api.w.org\/{rel}","templated":true}]}}