{"id":389270,"date":"2025-09-02T10:44:28","date_gmt":"2025-09-02T10:44:28","guid":{"rendered":"https:\/\/glotomania.com\/p\/caja-para-12-cupcakes-o-24-mini-cupcakes-blanca-con-ventana-funcakes-25-u\/"},"modified":"2026-04-10T16:54:48","modified_gmt":"2026-04-10T16:54:48","slug":"caja-para-12-cupcakes-o-24-mini-cupcakes-blanca-con-ventana-funcakes-25-u","status":"publish","type":"product","link":"https:\/\/glotomania.com\/pt-pt\/p\/caja-para-12-cupcakes-o-24-mini-cupcakes-blanca-con-ventana-funcakes-25-u\/","title":{"rendered":"Caixa Para 12 Cupcakes [ou 24 Mini Cupcakes] Branca Com Janela &#8211; Funcakes (25 U)"},"content":{"rendered":"<p>&nbsp;<\/p>\n<p><span style=\"color:#000000\"><span style=\"font-size: 14px\">Caixa Funcakes para 12&nbsp;cupcakes ou 24 mini cupcakes, agora com uma dupla escolha de tabuleiros interiores para se adaptar &agrave;s suas necessidades. A caixa, em branco elegante com uma janela de acetato transparente, facilita a exposi&ccedil;&atilde;o dos seus cupcakes ou muffins criativos, al&eacute;m de garantir a sua prote&ccedil;&atilde;o durante o transporte.<\/span><\/span><\/p>\n<p><span style=\"color:#000000\"><span style=\"font-size: 14px\">Fabricada em cart&atilde;o dur&aacute;vel de qualidade alimentar, o seu design pr&aacute;tico e personaliz&aacute;vel torna-a a escolha perfeita para padarias, pastelarias e eventos.<\/span><\/span><\/p>\n<p><span style=\"color:#000000\"><span style=\"font-size: 14px\"><strong>Dimens&otilde;es aproximadas:<\/strong><\/span>&nbsp;<span style=\"font-size: 14px\">33 x 24 x 7,5 cm.<\/span><\/span><\/p>\n<p><span style=\"color:#000000\"><em><span style=\"font-size: 14px\">O conjunto inclui 25 caixas, 25 inser&ccedil;&otilde;es para 12&nbsp;cupcakes e 25 inser&ccedil;&otilde;es para 24 mini cupcakes.<\/span><\/em><\/span><\/p>\n","protected":false},"excerpt":{"rendered":"<p>Inclui dois tipos de tabuleiro interior: um com 12 orif\u00edcios para cupcakes normais e outro com 24 orif\u00edcios para mini cupcakes, permitindo-lhe escolher o que melhor se adapta \u00e0s suas necessidades.<\/p>\n","protected":false},"featured_media":345098,"comment_status":"open","ping_status":"closed","template":"","meta":{"_acf_changed":false},"pwb-brand":[],"product_brand":[],"product_cat":[3158,3166,1784,1782,3087,1767],"product_tag":[],"class_list":{"0":"post-389270","1":"product","2":"type-product","3":"status-publish","4":"has-post-thumbnail","6":"product_cat-caixas-de-pastelaria","7":"product_cat-caixas-para-cupcakes-2","8":"product_cat-cajas-cupcakes","9":"product_cat-cajas","10":"product_cat-ordem-e-armazenamento","11":"product_cat-utensilios","13":"first","14":"instock","15":"taxable","16":"shipping-taxable","17":"purchasable","18":"product-type-simple"},"acf":[],"df_price":50.95,"df_sale_price":"","df_regular_price":50.95,"df_image_link":"https:\/\/glotomania.com\/wp-content\/uploads\/2025\/11\/img_21737_64d115505cb8bf42170ec3dc419fbe23_1-30-300x300.jpg","brands":[],"_links":{"self":[{"href":"https:\/\/glotomania.com\/pt-pt\/wp-json\/wp\/v2\/product\/389270","targetHints":{"allow":["GET"]}}],"collection":[{"href":"https:\/\/glotomania.com\/pt-pt\/wp-json\/wp\/v2\/product"}],"about":[{"href":"https:\/\/glotomania.com\/pt-pt\/wp-json\/wp\/v2\/types\/product"}],"replies":[{"embeddable":true,"href":"https:\/\/glotomania.com\/pt-pt\/wp-json\/wp\/v2\/comments?post=389270"}],"wp:featuredmedia":[{"embeddable":true,"href":"https:\/\/glotomania.com\/pt-pt\/wp-json\/wp\/v2\/media\/345098"}],"wp:attachment":[{"href":"https:\/\/glotomania.com\/pt-pt\/wp-json\/wp\/v2\/media?parent=389270"}],"wp:term":[{"taxonomy":"pwb-brand","embeddable":true,"href":"https:\/\/glotomania.com\/pt-pt\/wp-json\/wp\/v2\/pwb-brand?post=389270"},{"taxonomy":"product_brand","embeddable":true,"href":"https:\/\/glotomania.com\/pt-pt\/wp-json\/wp\/v2\/product_brand?post=389270"},{"taxonomy":"product_cat","embeddable":true,"href":"https:\/\/glotomania.com\/pt-pt\/wp-json\/wp\/v2\/product_cat?post=389270"},{"taxonomy":"product_tag","embeddable":true,"href":"https:\/\/glotomania.com\/pt-pt\/wp-json\/wp\/v2\/product_tag?post=389270"}],"curies":[{"name":"wp","href":"https:\/\/api.w.org\/{rel}","templated":true}]}}