{"id":389278,"date":"2025-09-02T10:44:31","date_gmt":"2025-09-02T10:44:31","guid":{"rendered":"https:\/\/glotomania.com\/p\/laminas-papel-de-azucar-dekora-2\/"},"modified":"2026-03-13T07:20:17","modified_gmt":"2026-03-13T07:20:17","slug":"laminas-papel-de-azucar-dekora-2","status":"publish","type":"product","link":"https:\/\/glotomania.com\/pt-pt\/p\/laminas-papel-de-azucar-dekora-2\/","title":{"rendered":"Folhas De Papel De A\u00c7\u00dacar &#8211; Dekora"},"content":{"rendered":"<p>&nbsp;<\/p>\n<p><span style=\"font-size:14px\">Apresentado numa base de pl&aacute;stico, tamanho A4, para utiliza&ccedil;&atilde;o em impressoras de jato de tinta.<\/span><\/p>\n<p><span style=\"font-size:14px\">A base de pl&aacute;stico &eacute; utilizada para facilitar a entrada na impressora. <\/span><\/p>\n<p><span style=\"font-size:14px\">Uma vez terminada a impress&atilde;o, a folha &eacute; separada do pl&aacute;stico e colocada na nossa obra.<\/span><\/p>\n","protected":false},"excerpt":{"rendered":"<p>Inclui 25 folhas de papel de a\u00e7\u00facar comest\u00edvel tamanho A4, perfeito para fazer impress\u00f5es<\/p>\n","protected":false},"featured_media":155471,"comment_status":"open","ping_status":"closed","template":"","meta":{"_acf_changed":false},"pwb-brand":[],"product_brand":[],"product_cat":[1832,1841,2925,1845,1833,2929,1877,2927,1903,2996,3001,3004],"product_tag":[],"class_list":{"0":"post-389278","1":"product","2":"type-product","3":"status-publish","4":"has-post-thumbnail","6":"product_cat-diestas-especiales","7":"product_cat-impresiones","8":"product_cat-impressoes-comestiveis","9":"product_cat-dieta-sin-e-171","10":"product_cat-dieta-sin-gluten","11":"product_cat-papel-com-acucar-comestivel","12":"product_cat-papel-comestible","13":"product_cat-papel-comestivel","14":"product_cat-papel-azucar","15":"product_cat-produtos-vegetarianos","16":"product_cat-sem-e-171-2","17":"product_cat-sem-gluten-2","19":"first","20":"instock","21":"taxable","22":"shipping-taxable","23":"purchasable","24":"product-type-simple"},"acf":[],"df_price":32.5,"df_sale_price":"","df_regular_price":32.5,"df_image_link":"https:\/\/glotomania.com\/wp-content\/uploads\/2025\/09\/img_21767_eb3e8e64e5d97448e538ef6e5c393a9a_1-300x300.png","brands":[],"_links":{"self":[{"href":"https:\/\/glotomania.com\/pt-pt\/wp-json\/wp\/v2\/product\/389278","targetHints":{"allow":["GET"]}}],"collection":[{"href":"https:\/\/glotomania.com\/pt-pt\/wp-json\/wp\/v2\/product"}],"about":[{"href":"https:\/\/glotomania.com\/pt-pt\/wp-json\/wp\/v2\/types\/product"}],"replies":[{"embeddable":true,"href":"https:\/\/glotomania.com\/pt-pt\/wp-json\/wp\/v2\/comments?post=389278"}],"wp:featuredmedia":[{"embeddable":true,"href":"https:\/\/glotomania.com\/pt-pt\/wp-json\/wp\/v2\/media\/155471"}],"wp:attachment":[{"href":"https:\/\/glotomania.com\/pt-pt\/wp-json\/wp\/v2\/media?parent=389278"}],"wp:term":[{"taxonomy":"pwb-brand","embeddable":true,"href":"https:\/\/glotomania.com\/pt-pt\/wp-json\/wp\/v2\/pwb-brand?post=389278"},{"taxonomy":"product_brand","embeddable":true,"href":"https:\/\/glotomania.com\/pt-pt\/wp-json\/wp\/v2\/product_brand?post=389278"},{"taxonomy":"product_cat","embeddable":true,"href":"https:\/\/glotomania.com\/pt-pt\/wp-json\/wp\/v2\/product_cat?post=389278"},{"taxonomy":"product_tag","embeddable":true,"href":"https:\/\/glotomania.com\/pt-pt\/wp-json\/wp\/v2\/product_tag?post=389278"}],"curies":[{"name":"wp","href":"https:\/\/api.w.org\/{rel}","templated":true}]}}