{"id":389282,"date":"2025-09-02T10:44:33","date_gmt":"2025-09-02T10:44:33","guid":{"rendered":"https:\/\/glotomania.com\/p\/colorante-en-polvo-funcakes-azul-real-2\/"},"modified":"2026-03-10T20:09:54","modified_gmt":"2026-03-10T20:09:54","slug":"colorante-en-polvo-funcakes-azul-real-2","status":"publish","type":"product","link":"https:\/\/glotomania.com\/pt-pt\/p\/colorante-en-polvo-funcakes-azul-real-2\/","title":{"rendered":"Corante Em P\u00d3 Funcakes &#8211; Azul Royal"},"content":{"rendered":"<p>\n<span style=\"font-size: 14px\">Basta pincelar um pouco de corante alimentar em p&oacute; no bolo, flores de a&ccedil;&uacute;car ou decora&ccedil;&otilde;es para lhes dar cor ou textura.<\/span><\/p>\n<p><span style=\"font-size: 14px\">Tamb&eacute;m se pode misturar o corante alimentar em p&oacute; com um pouco de &aacute;lcool alimentar (rejuvenescedor) para criar uma tinta comest&iacute;vel e utiliz&aacute;-lo em qualquer decora&ccedil;&atilde;o comest&iacute;vel.<\/span><\/p>\n<p><span style=\"font-size: 14px\"><strong>Dosagem m&aacute;xima recomendada:<\/strong>&nbsp;1,1 g por 1 kg de massa.<\/span><\/p>\n","protected":false},"excerpt":{"rendered":"<p>Funcakes Corante em p\u00f3 100% comest\u00edvel, para conseguir cores e texturas incr\u00edveis nas nossas cria\u00e7\u00f5es.<\/p>\n","protected":false},"featured_media":337661,"comment_status":"open","ping_status":"closed","template":"","meta":{"_acf_changed":false},"pwb-brand":[],"product_brand":[],"product_cat":[2908,2953,2961,2911,2953,2961,2916,2996,2907,2997,2997,3001,2996,2911,2908,2916,2907,3001],"product_tag":[],"class_list":{"0":"post-389282","1":"product","2":"type-product","3":"status-publish","4":"has-post-thumbnail","6":"product_cat-batizados","7":"product_cat-corantes-e-pinturas","8":"product_cat-corantes-em-po-2","9":"product_cat-comunhoes","12":"product_cat-dia-dos-pais-2","13":"product_cat-produtos-vegetarianos","14":"product_cat-festas","15":"product_cat-halal","17":"product_cat-sem-e-171-2","25":"first","26":"instock","27":"taxable","28":"shipping-taxable","29":"purchasable","30":"product-type-simple"},"acf":[],"df_price":3.1,"df_sale_price":"","df_regular_price":3.1,"df_image_link":"https:\/\/glotomania.com\/wp-content\/uploads\/2025\/11\/img_21788_09ae16418029448d5874db2b42a4327c_1-32-300x300.jpg","brands":[],"_links":{"self":[{"href":"https:\/\/glotomania.com\/pt-pt\/wp-json\/wp\/v2\/product\/389282","targetHints":{"allow":["GET"]}}],"collection":[{"href":"https:\/\/glotomania.com\/pt-pt\/wp-json\/wp\/v2\/product"}],"about":[{"href":"https:\/\/glotomania.com\/pt-pt\/wp-json\/wp\/v2\/types\/product"}],"replies":[{"embeddable":true,"href":"https:\/\/glotomania.com\/pt-pt\/wp-json\/wp\/v2\/comments?post=389282"}],"wp:featuredmedia":[{"embeddable":true,"href":"https:\/\/glotomania.com\/pt-pt\/wp-json\/wp\/v2\/media\/337661"}],"wp:attachment":[{"href":"https:\/\/glotomania.com\/pt-pt\/wp-json\/wp\/v2\/media?parent=389282"}],"wp:term":[{"taxonomy":"pwb-brand","embeddable":true,"href":"https:\/\/glotomania.com\/pt-pt\/wp-json\/wp\/v2\/pwb-brand?post=389282"},{"taxonomy":"product_brand","embeddable":true,"href":"https:\/\/glotomania.com\/pt-pt\/wp-json\/wp\/v2\/product_brand?post=389282"},{"taxonomy":"product_cat","embeddable":true,"href":"https:\/\/glotomania.com\/pt-pt\/wp-json\/wp\/v2\/product_cat?post=389282"},{"taxonomy":"product_tag","embeddable":true,"href":"https:\/\/glotomania.com\/pt-pt\/wp-json\/wp\/v2\/product_tag?post=389282"}],"curies":[{"name":"wp","href":"https:\/\/api.w.org\/{rel}","templated":true}]}}