{"id":389284,"date":"2025-09-02T10:44:35","date_gmt":"2025-09-02T10:44:35","guid":{"rendered":"https:\/\/glotomania.com\/p\/sprinkles-funcakes-corazones-rosas-y-blancos-60-g-2\/"},"modified":"2026-03-10T20:09:58","modified_gmt":"2026-03-10T20:09:58","slug":"sprinkles-funcakes-corazones-rosas-y-blancos-60-g-2","status":"publish","type":"product","link":"https:\/\/glotomania.com\/pt-pt\/p\/sprinkles-funcakes-corazones-rosas-y-blancos-60-g-2\/","title":{"rendered":"Sprinkles Funcakes &#8211; Cora\u00c7\u00d5es Cor-de-rosa E Brancos (60 G)"},"content":{"rendered":"<p>.<\/p>\n","protected":false},"excerpt":{"rendered":"<p>Cora\u00e7\u00f5es de a\u00e7\u00facar Funcakes em branco e cor-de-rosa, ideais para o Dia dos Namorados.<\/p>\n","protected":false},"featured_media":37746,"comment_status":"open","ping_status":"closed","template":"","meta":{"_acf_changed":false},"pwb-brand":[],"product_brand":[],"product_cat":[2910,2979,2982,2907,2996,2924,3001,1852,1839,1840,1832,1845,1888,1849],"product_tag":[],"class_list":{"0":"post-389284","1":"product","2":"type-product","3":"status-publish","4":"has-post-thumbnail","6":"product_cat-casamentos-2","7":"product_cat-decoracoes-comestiveis-2","8":"product_cat-decoracoes-de-acucar","9":"product_cat-festas","10":"product_cat-produtos-vegetarianos","11":"product_cat-sao-valentim-2","12":"product_cat-sem-e-171-2","13":"product_cat-san-valentin","14":"product_cat-decoracion-comestible","15":"product_cat-decoraciones-azucar-comestibles","16":"product_cat-diestas-especiales","17":"product_cat-dieta-sin-e-171","18":"product_cat-bodas","19":"product_cat-fiestas","21":"first","22":"instock","23":"taxable","24":"shipping-taxable","25":"purchasable","26":"product-type-simple"},"acf":[],"df_price":3.48,"df_sale_price":"","df_regular_price":3.48,"df_image_link":"https:\/\/glotomania.com\/wp-content\/uploads\/2023\/07\/img_21793_bdbb95203ecfc0c5318ade77c5e6c7a2_1-300x300.png","brands":[],"_links":{"self":[{"href":"https:\/\/glotomania.com\/pt-pt\/wp-json\/wp\/v2\/product\/389284","targetHints":{"allow":["GET"]}}],"collection":[{"href":"https:\/\/glotomania.com\/pt-pt\/wp-json\/wp\/v2\/product"}],"about":[{"href":"https:\/\/glotomania.com\/pt-pt\/wp-json\/wp\/v2\/types\/product"}],"replies":[{"embeddable":true,"href":"https:\/\/glotomania.com\/pt-pt\/wp-json\/wp\/v2\/comments?post=389284"}],"wp:featuredmedia":[{"embeddable":true,"href":"https:\/\/glotomania.com\/pt-pt\/wp-json\/wp\/v2\/media\/37746"}],"wp:attachment":[{"href":"https:\/\/glotomania.com\/pt-pt\/wp-json\/wp\/v2\/media?parent=389284"}],"wp:term":[{"taxonomy":"pwb-brand","embeddable":true,"href":"https:\/\/glotomania.com\/pt-pt\/wp-json\/wp\/v2\/pwb-brand?post=389284"},{"taxonomy":"product_brand","embeddable":true,"href":"https:\/\/glotomania.com\/pt-pt\/wp-json\/wp\/v2\/product_brand?post=389284"},{"taxonomy":"product_cat","embeddable":true,"href":"https:\/\/glotomania.com\/pt-pt\/wp-json\/wp\/v2\/product_cat?post=389284"},{"taxonomy":"product_tag","embeddable":true,"href":"https:\/\/glotomania.com\/pt-pt\/wp-json\/wp\/v2\/product_tag?post=389284"}],"curies":[{"name":"wp","href":"https:\/\/api.w.org\/{rel}","templated":true}]}}