{"id":389286,"date":"2025-09-02T10:44:36","date_gmt":"2025-09-02T10:44:36","guid":{"rendered":"https:\/\/glotomania.com\/p\/decoraciones-de-fondant-funcakes-rosas\/"},"modified":"2026-04-14T14:43:58","modified_gmt":"2026-04-14T14:43:58","slug":"decoraciones-de-fondant-funcakes-rosas","status":"publish","type":"product","link":"https:\/\/glotomania.com\/pt-pt\/p\/decoraciones-de-fondant-funcakes-rosas\/","title":{"rendered":"Decora\u00c7\u00d5es De Pasta De A\u00c7\u00dacar Funcakes &#8211; Rosas"},"content":{"rendered":"<p>&nbsp;<\/p>\n<p><span style=\"color:#000000\"><span style=\"font-size: 14px\"><strong>Tamanho aproximado:<\/strong>&nbsp;2,5 cm.<\/span><\/span><\/p>\n<p><span style=\"color:#000000\"><span style=\"font-size: 14px\">A caixa cont&eacute;m 6 pe&ccedil;as.<\/span><\/span><\/p>\n<p>&nbsp;<\/p>\n","protected":false},"excerpt":{"rendered":"<p>6 decora\u00e7\u00f5es de pasta de a\u00e7\u00facar Funcakes em forma de rosa, com cor-de-rosa brilhante.<\/p>\n","protected":false},"featured_media":345131,"comment_status":"open","ping_status":"closed","template":"","meta":{"_acf_changed":false},"pwb-brand":[],"product_brand":[],"product_cat":[2979,2986,2907,2921,2996,2924,3001,3004,1852,1839,1909,1832,2766,2773,1845,1833,1849,1858],"product_tag":[],"class_list":{"0":"post-389286","1":"product","2":"type-product","3":"status-publish","4":"has-post-thumbnail","6":"product_cat-decoracoes-comestiveis-2","7":"product_cat-decoracoes-de-macapao-2","8":"product_cat-festas","9":"product_cat-pascoa","10":"product_cat-produtos-vegetarianos","11":"product_cat-sao-valentim-2","12":"product_cat-sem-e-171-2","13":"product_cat-sem-gluten-2","14":"product_cat-san-valentin","15":"product_cat-decoracion-comestible","16":"product_cat-decoraciones-mazapan","17":"product_cat-diestas-especiales","18":"product_cat-fondant-rosa","19":"product_cat-fondant-sin-gluten","20":"product_cat-dieta-sin-e-171","21":"product_cat-dieta-sin-gluten","22":"product_cat-fiestas","23":"product_cat-pascua","25":"first","26":"instock","27":"taxable","28":"shipping-taxable","29":"purchasable","30":"product-type-simple"},"acf":[],"df_price":3.18,"df_sale_price":"","df_regular_price":3.18,"df_image_link":"https:\/\/glotomania.com\/wp-content\/uploads\/2025\/11\/img_21798_928c6c75957c96656ba12d64226ce9ad_1-38-300x300.jpg","brands":[],"_links":{"self":[{"href":"https:\/\/glotomania.com\/pt-pt\/wp-json\/wp\/v2\/product\/389286","targetHints":{"allow":["GET"]}}],"collection":[{"href":"https:\/\/glotomania.com\/pt-pt\/wp-json\/wp\/v2\/product"}],"about":[{"href":"https:\/\/glotomania.com\/pt-pt\/wp-json\/wp\/v2\/types\/product"}],"replies":[{"embeddable":true,"href":"https:\/\/glotomania.com\/pt-pt\/wp-json\/wp\/v2\/comments?post=389286"}],"wp:featuredmedia":[{"embeddable":true,"href":"https:\/\/glotomania.com\/pt-pt\/wp-json\/wp\/v2\/media\/345131"}],"wp:attachment":[{"href":"https:\/\/glotomania.com\/pt-pt\/wp-json\/wp\/v2\/media?parent=389286"}],"wp:term":[{"taxonomy":"pwb-brand","embeddable":true,"href":"https:\/\/glotomania.com\/pt-pt\/wp-json\/wp\/v2\/pwb-brand?post=389286"},{"taxonomy":"product_brand","embeddable":true,"href":"https:\/\/glotomania.com\/pt-pt\/wp-json\/wp\/v2\/product_brand?post=389286"},{"taxonomy":"product_cat","embeddable":true,"href":"https:\/\/glotomania.com\/pt-pt\/wp-json\/wp\/v2\/product_cat?post=389286"},{"taxonomy":"product_tag","embeddable":true,"href":"https:\/\/glotomania.com\/pt-pt\/wp-json\/wp\/v2\/product_tag?post=389286"}],"curies":[{"name":"wp","href":"https:\/\/api.w.org\/{rel}","templated":true}]}}