{"id":389296,"date":"2025-09-02T10:44:42","date_gmt":"2025-09-02T10:44:42","guid":{"rendered":"https:\/\/glotomania.com\/p\/azucar-glas-icing-sugar-funcakes-4-kg-2\/"},"modified":"2026-03-30T09:45:08","modified_gmt":"2026-03-30T09:45:08","slug":"azucar-glas-icing-sugar-funcakes-4-kg-2","status":"publish","type":"product","link":"https:\/\/glotomania.com\/pt-pt\/p\/azucar-glas-icing-sugar-funcakes-4-kg-2\/","title":{"rendered":"A\u00c7\u00dacar Em P\u00d3 (icing Sugar) Funcakes &#8211; 4 Kg"},"content":{"rendered":"<p>&nbsp;<\/p>\n<p><span style=\"font-size: 14px\">Para resultados perfeitos, recomenda-se a peneira&ccedil;&atilde;o antes da utiliza&ccedil;&atilde;o.<\/span><\/p>\n<p><span style=\"font-size: 14px\">Adiciona do&ccedil;ura e real&ccedil;a o sabor de todos os seus produtos cozidos. Este produto cont&eacute;m<u>&nbsp;xarope de glucose seco para evitar grumos.<\/u><\/span><\/p>\n","protected":false},"excerpt":{"rendered":"<p>A\u00e7\u00facar em p\u00f3 refinado Funcakes de qualidade de pastelaria, perfeito para glac\u00e9, creme de manteiga, cobertura doce,&#8230; e para polvilhar na nossa mesa de trabalho.<\/p>\n","protected":false},"featured_media":350607,"comment_status":"open","ping_status":"closed","template":"","meta":{"_acf_changed":false},"pwb-brand":[],"product_brand":[],"product_cat":[3026,2997,3018,2996,3001,1958,1832,1901,1844,1845],"product_tag":[],"class_list":{"0":"post-389296","1":"product","2":"type-product","3":"status-publish","4":"has-post-thumbnail","6":"product_cat-acucar-de-confeiteiro-2","7":"product_cat-halal","8":"product_cat-ingredientes-de-pastelaria-2","9":"product_cat-produtos-vegetarianos","10":"product_cat-sem-e-171-2","11":"product_cat-azucar-glas","12":"product_cat-diestas-especiales","13":"product_cat-dieta-halal","14":"product_cat-ingredientes-reposteria","15":"product_cat-dieta-sin-e-171","17":"first","18":"instock","19":"taxable","20":"shipping-taxable","21":"purchasable","22":"product-type-simple"},"acf":[],"df_price":16.95,"df_sale_price":"","df_regular_price":16.95,"df_image_link":"https:\/\/glotomania.com\/wp-content\/uploads\/2025\/11\/img_21818_57b4bf1a7fcb5e4ceba1eb87a2bce051_1-46-300x300.jpg","brands":[],"_links":{"self":[{"href":"https:\/\/glotomania.com\/pt-pt\/wp-json\/wp\/v2\/product\/389296","targetHints":{"allow":["GET"]}}],"collection":[{"href":"https:\/\/glotomania.com\/pt-pt\/wp-json\/wp\/v2\/product"}],"about":[{"href":"https:\/\/glotomania.com\/pt-pt\/wp-json\/wp\/v2\/types\/product"}],"replies":[{"embeddable":true,"href":"https:\/\/glotomania.com\/pt-pt\/wp-json\/wp\/v2\/comments?post=389296"}],"wp:featuredmedia":[{"embeddable":true,"href":"https:\/\/glotomania.com\/pt-pt\/wp-json\/wp\/v2\/media\/350607"}],"wp:attachment":[{"href":"https:\/\/glotomania.com\/pt-pt\/wp-json\/wp\/v2\/media?parent=389296"}],"wp:term":[{"taxonomy":"pwb-brand","embeddable":true,"href":"https:\/\/glotomania.com\/pt-pt\/wp-json\/wp\/v2\/pwb-brand?post=389296"},{"taxonomy":"product_brand","embeddable":true,"href":"https:\/\/glotomania.com\/pt-pt\/wp-json\/wp\/v2\/product_brand?post=389296"},{"taxonomy":"product_cat","embeddable":true,"href":"https:\/\/glotomania.com\/pt-pt\/wp-json\/wp\/v2\/product_cat?post=389296"},{"taxonomy":"product_tag","embeddable":true,"href":"https:\/\/glotomania.com\/pt-pt\/wp-json\/wp\/v2\/product_tag?post=389296"}],"curies":[{"name":"wp","href":"https:\/\/api.w.org\/{rel}","templated":true}]}}