{"id":389302,"date":"2025-09-02T10:44:47","date_gmt":"2025-09-02T10:44:47","guid":{"rendered":"https:\/\/glotomania.com\/p\/preparado-funcakes-para-bizcocho-sin-gluten-500-g-2\/"},"modified":"2026-04-28T19:41:54","modified_gmt":"2026-04-28T19:41:54","slug":"preparado-funcakes-para-bizcocho-sin-gluten-500-g-2","status":"publish","type":"product","link":"https:\/\/glotomania.com\/pt-pt\/p\/preparado-funcakes-para-bizcocho-sin-gluten-500-g-2\/","title":{"rendered":"Prepara\u00c7\u00c3o Funcakes Para P\u00c3o-de-l\u00d3 (sem Gl\u00daten) 500 G"},"content":{"rendered":"<p>&nbsp;<\/p>\n<p><span style=\"font-size:14px\"><strong>Modo de prepara&ccedil;&atilde;o:<\/strong><br \/>\nPreparar todos os ingredientes &agrave; temperatura ambiente.&nbsp;<\/span><\/p>\n<p><span style=\"font-size:14px\">Pr&eacute;-aquecer o forno a 175&deg;C (forno de convec&ccedil;&atilde;o a 165&deg;C). Misturar o produto com os ovos e a &aacute;gua numa tigela. Bata a massa em velocidade m&eacute;dia durante 8-10 minutos.&nbsp;<\/span><\/p>\n<p><span style=\"font-size:14px\">Em seguida, bata durante 2-3 minutos a baixa velocidade. Verta a massa numa forma untada (metade ou dois ter&ccedil;os cheia) e coza o bolo no forno durante cerca de 35-40 minutos.<\/span><\/p>\n<p><span style=\"font-size:14px\">N&atilde;o abra o forno at&eacute; a cozedura estar conclu&iacute;da! O bolo est&aacute; pronto quando se sentir el&aacute;stico ao ser ligeiramente pressionado. Desenforme o bolo assim que estiver pronto e deixe-o arrefecer sobre uma grelha.<\/span><\/p>\n<p><strong><span style=\"font-size:14px\">As misturas para bolos sem gl&uacute;ten da FunCakes s&atilde;o produzidas numa instala&ccedil;&atilde;o sem gl&uacute;ten. A FunCakes pode garantir que as suas misturas cont&ecirc;m menos de 20 mg \/ 20 pmm de gl&uacute;ten por kg. A maioria das pessoas com doen&ccedil;a cel&iacute;aca ou intoler&acirc;ncia ao gl&uacute;ten n&atilde;o ter&aacute; quaisquer sintomas com uma quantidade t&atilde;o pequena. Por conseguinte, qualquer pessoa que siga uma dieta rigorosa sem gl&uacute;ten pode desfrutar em seguran&ccedil;a destas misturas FunCakes.<\/span><\/strong><\/p>\n","protected":false},"excerpt":{"rendered":"<p>Esta mistura d\u00e1-lhe um p\u00e3o de l\u00f3 (sem gl\u00faten) com um volume incr\u00edvel que lhe dar\u00e1 a base de bolo mais fofa que alguma vez fez.<\/p>\n","protected":false},"featured_media":350612,"comment_status":"open","ping_status":"closed","template":"","meta":{"_acf_changed":false},"pwb-brand":[],"product_brand":[],"product_cat":[1832,2997,1901,1845,1833,3054,1854,2996,3001,3004],"product_tag":[],"class_list":{"0":"post-389302","1":"product","2":"type-product","3":"status-publish","4":"has-post-thumbnail","6":"product_cat-diestas-especiales","7":"product_cat-halal","8":"product_cat-dieta-halal","9":"product_cat-dieta-sin-e-171","10":"product_cat-dieta-sin-gluten","11":"product_cat-preparados-de-pastelaria-2","12":"product_cat-preparados","13":"product_cat-produtos-vegetarianos","14":"product_cat-sem-e-171-2","15":"product_cat-sem-gluten-2","17":"first","18":"instock","19":"taxable","20":"shipping-taxable","21":"purchasable","22":"product-type-simple"},"acf":[],"df_price":4.81,"df_sale_price":"","df_regular_price":4.81,"df_image_link":"https:\/\/glotomania.com\/wp-content\/uploads\/2025\/11\/img_21837_841b69502607579a3d46a763e221244f_1-35-300x300.jpg","brands":[],"_links":{"self":[{"href":"https:\/\/glotomania.com\/pt-pt\/wp-json\/wp\/v2\/product\/389302","targetHints":{"allow":["GET"]}}],"collection":[{"href":"https:\/\/glotomania.com\/pt-pt\/wp-json\/wp\/v2\/product"}],"about":[{"href":"https:\/\/glotomania.com\/pt-pt\/wp-json\/wp\/v2\/types\/product"}],"replies":[{"embeddable":true,"href":"https:\/\/glotomania.com\/pt-pt\/wp-json\/wp\/v2\/comments?post=389302"}],"wp:featuredmedia":[{"embeddable":true,"href":"https:\/\/glotomania.com\/pt-pt\/wp-json\/wp\/v2\/media\/350612"}],"wp:attachment":[{"href":"https:\/\/glotomania.com\/pt-pt\/wp-json\/wp\/v2\/media?parent=389302"}],"wp:term":[{"taxonomy":"pwb-brand","embeddable":true,"href":"https:\/\/glotomania.com\/pt-pt\/wp-json\/wp\/v2\/pwb-brand?post=389302"},{"taxonomy":"product_brand","embeddable":true,"href":"https:\/\/glotomania.com\/pt-pt\/wp-json\/wp\/v2\/product_brand?post=389302"},{"taxonomy":"product_cat","embeddable":true,"href":"https:\/\/glotomania.com\/pt-pt\/wp-json\/wp\/v2\/product_cat?post=389302"},{"taxonomy":"product_tag","embeddable":true,"href":"https:\/\/glotomania.com\/pt-pt\/wp-json\/wp\/v2\/product_tag?post=389302"}],"curies":[{"name":"wp","href":"https:\/\/api.w.org\/{rel}","templated":true}]}}