{"id":389303,"date":"2025-09-02T10:44:47","date_gmt":"2025-09-02T10:44:47","guid":{"rendered":"https:\/\/glotomania.com\/p\/decoraciones-de-azucar-funcakes-animales-safari-2\/"},"modified":"2026-03-21T06:01:25","modified_gmt":"2026-03-21T06:01:25","slug":"decoraciones-de-azucar-funcakes-animales-safari-2","status":"publish","type":"product","link":"https:\/\/glotomania.com\/pt-pt\/p\/decoraciones-de-azucar-funcakes-animales-safari-2\/","title":{"rendered":"Decora\u00c7\u00d5es Em A\u00c7\u00dacar Funcakes &#8211; Animais Do Safari"},"content":{"rendered":"<p>\n<span style=\"font-size: 14px\"><strong>Tamanho aproximado:&nbsp;<\/strong><\/span><span style=\"font-size: 14px\">2,2 cm&nbsp;&Oslash;<\/span><\/p>\n<p><span style=\"font-size:14px\">O conjunto inclui 12 pe&ccedil;as com os seguintes desenhos de animais: tigre, le&atilde;o, elefante e zebra.<\/span><\/p>\n","protected":false},"excerpt":{"rendered":"<p>12 decora\u00e7\u00f5es em a\u00e7\u00facar Funcakes em forma de animais selvagens, perfeitas para dar um toque divertido e original \u00e0s nossas cria\u00e7\u00f5es.<\/p>\n","protected":false},"featured_media":348338,"comment_status":"open","ping_status":"closed","template":"","meta":{"_acf_changed":false},"pwb-brand":[],"product_brand":[],"product_cat":[1839,2979,1832,2907,2988,1999,1845,1833,2996,1849,3001,3004],"product_tag":[],"class_list":{"0":"post-389303","1":"product","2":"type-product","3":"status-publish","4":"has-post-thumbnail","6":"product_cat-decoracion-comestible","7":"product_cat-decoracoes-comestiveis-2","8":"product_cat-diestas-especiales","9":"product_cat-festas","10":"product_cat-figuras-de-acucar-comestiveis-2","11":"product_cat-figuras-de-azucar","12":"product_cat-dieta-sin-e-171","13":"product_cat-dieta-sin-gluten","14":"product_cat-produtos-vegetarianos","15":"product_cat-fiestas","16":"product_cat-sem-e-171-2","17":"product_cat-sem-gluten-2","19":"first","20":"instock","21":"taxable","22":"shipping-taxable","23":"purchasable","24":"product-type-simple"},"acf":[],"df_price":4.43,"df_sale_price":"","df_regular_price":4.43,"df_image_link":"https:\/\/glotomania.com\/wp-content\/uploads\/2025\/11\/img_21839_97ac499b4c07441d2488407708a4843f_1-34-300x300.jpg","brands":[],"_links":{"self":[{"href":"https:\/\/glotomania.com\/pt-pt\/wp-json\/wp\/v2\/product\/389303","targetHints":{"allow":["GET"]}}],"collection":[{"href":"https:\/\/glotomania.com\/pt-pt\/wp-json\/wp\/v2\/product"}],"about":[{"href":"https:\/\/glotomania.com\/pt-pt\/wp-json\/wp\/v2\/types\/product"}],"replies":[{"embeddable":true,"href":"https:\/\/glotomania.com\/pt-pt\/wp-json\/wp\/v2\/comments?post=389303"}],"wp:featuredmedia":[{"embeddable":true,"href":"https:\/\/glotomania.com\/pt-pt\/wp-json\/wp\/v2\/media\/348338"}],"wp:attachment":[{"href":"https:\/\/glotomania.com\/pt-pt\/wp-json\/wp\/v2\/media?parent=389303"}],"wp:term":[{"taxonomy":"pwb-brand","embeddable":true,"href":"https:\/\/glotomania.com\/pt-pt\/wp-json\/wp\/v2\/pwb-brand?post=389303"},{"taxonomy":"product_brand","embeddable":true,"href":"https:\/\/glotomania.com\/pt-pt\/wp-json\/wp\/v2\/product_brand?post=389303"},{"taxonomy":"product_cat","embeddable":true,"href":"https:\/\/glotomania.com\/pt-pt\/wp-json\/wp\/v2\/product_cat?post=389303"},{"taxonomy":"product_tag","embeddable":true,"href":"https:\/\/glotomania.com\/pt-pt\/wp-json\/wp\/v2\/product_tag?post=389303"}],"curies":[{"name":"wp","href":"https:\/\/api.w.org\/{rel}","templated":true}]}}