{"id":389304,"date":"2025-09-02T10:44:48","date_gmt":"2025-09-02T10:44:48","guid":{"rendered":"https:\/\/glotomania.com\/p\/decoraciones-de-azucar-funcakes-rosas-colores-2\/"},"modified":"2026-04-14T10:47:47","modified_gmt":"2026-04-14T10:47:47","slug":"decoraciones-de-azucar-funcakes-rosas-colores-2","status":"publish","type":"product","link":"https:\/\/glotomania.com\/pt-pt\/p\/decoraciones-de-azucar-funcakes-rosas-colores-2\/","title":{"rendered":"Decora\u00c7\u00d5es Em A\u00c7\u00dacar Funcakes &#8211; Cores Rosas"},"content":{"rendered":"<p>\n<span style=\"font-size:14px\"><span style=\"color:#000000\"><strong>Tamanho aproximado:&nbsp;<\/strong>2,5 cm&nbsp;&Oslash;<\/span><\/span><\/p>\n<p><span style=\"font-size:14px\"><span style=\"color:#000000\">A caixa inclui 8 pe&ccedil;as: 2 cor-de-rosa, 2 amarelas, 2 vermelhas e 2 brancas.<\/span><\/span><\/p>\n","protected":false},"excerpt":{"rendered":"<p>8 decora\u00e7\u00f5es em a\u00e7\u00facar Funcakes em forma de rosas de diferentes cores.<\/p>\n","protected":false},"featured_media":350614,"comment_status":"open","ping_status":"closed","template":"","meta":{"_acf_changed":false},"pwb-brand":[],"product_brand":[],"product_cat":[2979,2907,2988,2921,2996,3001,3004,1839,1832,1999,1845,1833,1849,1858],"product_tag":[],"class_list":{"0":"post-389304","1":"product","2":"type-product","3":"status-publish","4":"has-post-thumbnail","6":"product_cat-decoracoes-comestiveis-2","7":"product_cat-festas","8":"product_cat-figuras-de-acucar-comestiveis-2","9":"product_cat-pascoa","10":"product_cat-produtos-vegetarianos","11":"product_cat-sem-e-171-2","12":"product_cat-sem-gluten-2","13":"product_cat-decoracion-comestible","14":"product_cat-diestas-especiales","15":"product_cat-figuras-de-azucar","16":"product_cat-dieta-sin-e-171","17":"product_cat-dieta-sin-gluten","18":"product_cat-fiestas","19":"product_cat-pascua","21":"first","22":"instock","23":"taxable","24":"shipping-taxable","25":"purchasable","26":"product-type-simple"},"acf":[],"df_price":3.19,"df_sale_price":"","df_regular_price":3.19,"df_image_link":"https:\/\/glotomania.com\/wp-content\/uploads\/2025\/11\/img_21843_25208765bc93f44f6d1f5962b65c160e_1-38-300x300.jpg","brands":[],"_links":{"self":[{"href":"https:\/\/glotomania.com\/pt-pt\/wp-json\/wp\/v2\/product\/389304","targetHints":{"allow":["GET"]}}],"collection":[{"href":"https:\/\/glotomania.com\/pt-pt\/wp-json\/wp\/v2\/product"}],"about":[{"href":"https:\/\/glotomania.com\/pt-pt\/wp-json\/wp\/v2\/types\/product"}],"replies":[{"embeddable":true,"href":"https:\/\/glotomania.com\/pt-pt\/wp-json\/wp\/v2\/comments?post=389304"}],"wp:featuredmedia":[{"embeddable":true,"href":"https:\/\/glotomania.com\/pt-pt\/wp-json\/wp\/v2\/media\/350614"}],"wp:attachment":[{"href":"https:\/\/glotomania.com\/pt-pt\/wp-json\/wp\/v2\/media?parent=389304"}],"wp:term":[{"taxonomy":"pwb-brand","embeddable":true,"href":"https:\/\/glotomania.com\/pt-pt\/wp-json\/wp\/v2\/pwb-brand?post=389304"},{"taxonomy":"product_brand","embeddable":true,"href":"https:\/\/glotomania.com\/pt-pt\/wp-json\/wp\/v2\/product_brand?post=389304"},{"taxonomy":"product_cat","embeddable":true,"href":"https:\/\/glotomania.com\/pt-pt\/wp-json\/wp\/v2\/product_cat?post=389304"},{"taxonomy":"product_tag","embeddable":true,"href":"https:\/\/glotomania.com\/pt-pt\/wp-json\/wp\/v2\/product_tag?post=389304"}],"curies":[{"name":"wp","href":"https:\/\/api.w.org\/{rel}","templated":true}]}}