{"id":389305,"date":"2025-09-02T10:44:49","date_gmt":"2025-09-02T10:44:49","guid":{"rendered":"https:\/\/glotomania.com\/p\/trocitos-de-avellanas-crujientes-funcakes-200-g-2\/"},"modified":"2026-03-10T20:10:44","modified_gmt":"2026-03-10T20:10:44","slug":"trocitos-de-avellanas-crujientes-funcakes-200-g-2","status":"publish","type":"product","link":"https:\/\/glotomania.com\/pt-pt\/p\/trocitos-de-avellanas-crujientes-funcakes-200-g-2\/","title":{"rendered":"Pedacinhos De Aveel\u00c3 Crocantes Funcakes &#8211; 200 G"},"content":{"rendered":"<p>.<\/p>\n","protected":false},"excerpt":{"rendered":"<p>Tamb\u00e9m conhecido como &#8220;Nougatine&#8221;, \u00e9 normalmente utilizado para decorar bolos com creme, creme ou merengue de avel\u00e3, bolos de moca,&#8230; e muito mais!<\/p>\n","protected":false},"featured_media":37820,"comment_status":"open","ping_status":"closed","template":"","meta":{"_acf_changed":false,"_joinchat":[]},"pwb-brand":[],"product_brand":[],"product_cat":[3030,2999,2996,3001,1832,1895,1902,1845],"product_tag":[],"class_list":{"0":"post-389305","1":"product","2":"type-product","3":"status-publish","4":"has-post-thumbnail","6":"product_cat-frutos-secos-2","7":"product_cat-kosher-2","8":"product_cat-produtos-vegetarianos","9":"product_cat-sem-e-171-2","10":"product_cat-diestas-especiales","11":"product_cat-frutos-secos","12":"product_cat-dieta-kosher","13":"product_cat-dieta-sin-e-171","15":"first","16":"instock","17":"taxable","18":"shipping-taxable","19":"purchasable","20":"product-type-simple"},"acf":[],"df_price":6.25,"df_sale_price":"","df_regular_price":6.25,"df_image_link":"https:\/\/e622tfk5wxd.exactdn.com\/wp-content\/uploads\/2023\/07\/img_21845_3d184ba79705c93ceaac97b789640346_1-300x300.png?strip=all","brands":[],"_links":{"self":[{"href":"https:\/\/glotomania.com\/pt-pt\/wp-json\/wp\/v2\/product\/389305","targetHints":{"allow":["GET"]}}],"collection":[{"href":"https:\/\/glotomania.com\/pt-pt\/wp-json\/wp\/v2\/product"}],"about":[{"href":"https:\/\/glotomania.com\/pt-pt\/wp-json\/wp\/v2\/types\/product"}],"replies":[{"embeddable":true,"href":"https:\/\/glotomania.com\/pt-pt\/wp-json\/wp\/v2\/comments?post=389305"}],"wp:featuredmedia":[{"embeddable":true,"href":"https:\/\/glotomania.com\/pt-pt\/wp-json\/wp\/v2\/media\/37820"}],"wp:attachment":[{"href":"https:\/\/glotomania.com\/pt-pt\/wp-json\/wp\/v2\/media?parent=389305"}],"wp:term":[{"taxonomy":"pwb-brand","embeddable":true,"href":"https:\/\/glotomania.com\/pt-pt\/wp-json\/wp\/v2\/pwb-brand?post=389305"},{"taxonomy":"product_brand","embeddable":true,"href":"https:\/\/glotomania.com\/pt-pt\/wp-json\/wp\/v2\/product_brand?post=389305"},{"taxonomy":"product_cat","embeddable":true,"href":"https:\/\/glotomania.com\/pt-pt\/wp-json\/wp\/v2\/product_cat?post=389305"},{"taxonomy":"product_tag","embeddable":true,"href":"https:\/\/glotomania.com\/pt-pt\/wp-json\/wp\/v2\/product_tag?post=389305"}],"curies":[{"name":"wp","href":"https:\/\/api.w.org\/{rel}","templated":true}]}}