{"id":389312,"date":"2025-09-02T10:44:52","date_gmt":"2025-09-02T10:44:52","guid":{"rendered":"https:\/\/glotomania.com\/p\/boquilla-22-wilton-estrella-abierta-2\/"},"modified":"2026-04-24T12:44:32","modified_gmt":"2026-04-24T12:44:32","slug":"boquilla-22-wilton-estrella-abierta-2","status":"publish","type":"product","link":"https:\/\/glotomania.com\/pt-pt\/p\/boquilla-22-wilton-estrella-abierta-2\/","title":{"rendered":"Bico #22 Wilton &#8211; Estrela Aberta"},"content":{"rendered":"<p>&nbsp;<\/p>\n<p><span style=\"font-size:14px\"><strong>Tamanho aprox.: <\/strong>&Oslash; 0,8 cm.<\/span><\/p>\n<p><span style=\"font-size:14px\">Pode ser lavado na m&aacute;quina de lavar lou&ccedil;a.<\/span><\/p>\n<p><em><span style=\"font-size:14px\">Para ser utilizado em combina&ccedil;&atilde;o com um adaptador de tamanho normal.<\/span><\/em><\/p>\n","protected":false},"excerpt":{"rendered":"<p>Bico met\u00e1lico Wilton para a produ\u00e7\u00e3o de t\u00e9cnicas em estrela, gotas de flores, bordos recortados.<\/p>\n","protected":false},"featured_media":345177,"comment_status":"open","ping_status":"closed","template":"","meta":{"_acf_changed":false},"pwb-brand":[],"product_brand":[],"product_cat":[1770,3087,3157,1767],"product_tag":[],"class_list":{"0":"post-389312","1":"product","2":"type-product","3":"status-publish","4":"has-post-thumbnail","6":"product_cat-boquilas","7":"product_cat-ordem-e-armazenamento","8":"product_cat-sets-de-bicos","9":"product_cat-utensilios","11":"first","12":"instock","13":"taxable","14":"shipping-taxable","15":"purchasable","16":"product-type-simple"},"acf":[],"df_price":1.52,"df_sale_price":"","df_regular_price":1.52,"df_image_link":"https:\/\/glotomania.com\/wp-content\/uploads\/2025\/11\/img_21855_3064975d37271561ba77a8789875ec22_1-34-300x300.jpg","brands":[],"_links":{"self":[{"href":"https:\/\/glotomania.com\/pt-pt\/wp-json\/wp\/v2\/product\/389312","targetHints":{"allow":["GET"]}}],"collection":[{"href":"https:\/\/glotomania.com\/pt-pt\/wp-json\/wp\/v2\/product"}],"about":[{"href":"https:\/\/glotomania.com\/pt-pt\/wp-json\/wp\/v2\/types\/product"}],"replies":[{"embeddable":true,"href":"https:\/\/glotomania.com\/pt-pt\/wp-json\/wp\/v2\/comments?post=389312"}],"wp:featuredmedia":[{"embeddable":true,"href":"https:\/\/glotomania.com\/pt-pt\/wp-json\/wp\/v2\/media\/345177"}],"wp:attachment":[{"href":"https:\/\/glotomania.com\/pt-pt\/wp-json\/wp\/v2\/media?parent=389312"}],"wp:term":[{"taxonomy":"pwb-brand","embeddable":true,"href":"https:\/\/glotomania.com\/pt-pt\/wp-json\/wp\/v2\/pwb-brand?post=389312"},{"taxonomy":"product_brand","embeddable":true,"href":"https:\/\/glotomania.com\/pt-pt\/wp-json\/wp\/v2\/product_brand?post=389312"},{"taxonomy":"product_cat","embeddable":true,"href":"https:\/\/glotomania.com\/pt-pt\/wp-json\/wp\/v2\/product_cat?post=389312"},{"taxonomy":"product_tag","embeddable":true,"href":"https:\/\/glotomania.com\/pt-pt\/wp-json\/wp\/v2\/product_tag?post=389312"}],"curies":[{"name":"wp","href":"https:\/\/api.w.org\/{rel}","templated":true}]}}