{"id":389315,"date":"2025-09-02T10:44:56","date_gmt":"2025-09-02T10:44:56","guid":{"rendered":"https:\/\/glotomania.com\/p\/molde-cuadrado-recipe-right-wilton-20-cm-2\/"},"modified":"2026-03-10T20:11:03","modified_gmt":"2026-03-10T20:11:03","slug":"molde-cuadrado-recipe-right-wilton-20-cm-2","status":"publish","type":"product","link":"https:\/\/glotomania.com\/pt-pt\/p\/molde-cuadrado-recipe-right-wilton-20-cm-2\/","title":{"rendered":"Forma Quadrada Wilton &#8220;receita Certa&#8221; &#8211; 20 Cm"},"content":{"rendered":"<p>&nbsp;<\/p>\n<p><span style=\"font-size:14px\">Feito de alum&iacute;nio s&oacute;lido numa s&oacute; pe&ccedil;a, adequado para uso alimentar. Com revestimento anti-aderente para desenformar e limpar facilmente.<\/span><\/p>\n<p><span style=\"font-size:14px\"><strong>Dimens&otilde;es aproximadas: <\/strong>20 x 20 x 5 cm.<\/span><\/p>\n<p><em><span style=\"font-size:14px\">N&atilde;o pode ser lavado na m&aacute;quina de lavar loi&ccedil;a.<\/span><\/em><\/p>\n","protected":false},"excerpt":{"rendered":"<p>Molde feito de alum\u00ednio Wilton numa s\u00f3 pe\u00e7a, que garante uma cozedura perfeita.<\/p>\n","protected":false},"featured_media":345182,"comment_status":"open","ping_status":"closed","template":"","meta":{"_acf_changed":false},"pwb-brand":[],"product_brand":[],"product_cat":[3217,3214,3218,3087,1803,1802,1801,1767],"product_tag":[],"class_list":{"0":"post-389315","1":"product","2":"type-product","3":"status-publish","4":"has-post-thumbnail","6":"product_cat-moldes-de-formas-especiais","7":"product_cat-moldes-de-pastelaria","8":"product_cat-moldes-quadrados","9":"product_cat-ordem-e-armazenamento","10":"product_cat-moldes-cuadrados","11":"product_cat-moldes-metal","12":"product_cat-moldes","13":"product_cat-utensilios","15":"first","16":"instock","17":"taxable","18":"shipping-taxable","19":"purchasable","20":"product-type-simple"},"acf":[],"df_price":6.5,"df_sale_price":"","df_regular_price":6.5,"df_image_link":"https:\/\/glotomania.com\/wp-content\/uploads\/2025\/11\/img_21864_cb99df794999067dbd5d1fbec36e51a3_1-38-300x300.jpg","brands":[],"_links":{"self":[{"href":"https:\/\/glotomania.com\/pt-pt\/wp-json\/wp\/v2\/product\/389315","targetHints":{"allow":["GET"]}}],"collection":[{"href":"https:\/\/glotomania.com\/pt-pt\/wp-json\/wp\/v2\/product"}],"about":[{"href":"https:\/\/glotomania.com\/pt-pt\/wp-json\/wp\/v2\/types\/product"}],"replies":[{"embeddable":true,"href":"https:\/\/glotomania.com\/pt-pt\/wp-json\/wp\/v2\/comments?post=389315"}],"wp:featuredmedia":[{"embeddable":true,"href":"https:\/\/glotomania.com\/pt-pt\/wp-json\/wp\/v2\/media\/345182"}],"wp:attachment":[{"href":"https:\/\/glotomania.com\/pt-pt\/wp-json\/wp\/v2\/media?parent=389315"}],"wp:term":[{"taxonomy":"pwb-brand","embeddable":true,"href":"https:\/\/glotomania.com\/pt-pt\/wp-json\/wp\/v2\/pwb-brand?post=389315"},{"taxonomy":"product_brand","embeddable":true,"href":"https:\/\/glotomania.com\/pt-pt\/wp-json\/wp\/v2\/product_brand?post=389315"},{"taxonomy":"product_cat","embeddable":true,"href":"https:\/\/glotomania.com\/pt-pt\/wp-json\/wp\/v2\/product_cat?post=389315"},{"taxonomy":"product_tag","embeddable":true,"href":"https:\/\/glotomania.com\/pt-pt\/wp-json\/wp\/v2\/product_tag?post=389315"}],"curies":[{"name":"wp","href":"https:\/\/api.w.org\/{rel}","templated":true}]}}