{"id":389317,"date":"2025-09-02T10:44:57","date_gmt":"2025-09-02T10:44:57","guid":{"rendered":"https:\/\/glotomania.com\/p\/molde-para-24-mini-muffins-recipe-right-wilton-2\/"},"modified":"2026-03-25T16:36:04","modified_gmt":"2026-03-25T16:36:04","slug":"molde-para-24-mini-muffins-recipe-right-wilton-2","status":"publish","type":"product","link":"https:\/\/glotomania.com\/pt-pt\/p\/molde-para-24-mini-muffins-recipe-right-wilton-2\/","title":{"rendered":"Molde Para 24 Mini Muffins &#8220;recipe Right&#8221; &#8211; Wilton"},"content":{"rendered":"<p>&nbsp;<\/p>\n<p><span style=\"font-size:14px\">Feito de alum&iacute;nio s&oacute;lido numa s&oacute; pe&ccedil;a, adequado para uso alimentar. Com revestimento anti-aderente para desenformar e limpar facilmente.<\/span><\/p>\n<p><span style=\"font-size:14px\"><strong>Dimens&otilde;es aproximadas: <\/strong>Molde 40 x 26 cm &#8211; Cavidade &Oslash; 3,5 cm.&nbsp;<\/span><\/p>\n<p><em><span style=\"font-size:14px\">N&atilde;o pode ser lavado na m&aacute;quina de lavar lou&ccedil;a.<\/span><\/em><\/p>\n","protected":false},"excerpt":{"rendered":"<p>Forma feita de alum\u00ednio Wilton numa s\u00f3 pe\u00e7a, o que garante uma cozedura perfeita.<\/p>\n","protected":false},"featured_media":345184,"comment_status":"open","ping_status":"closed","template":"","meta":{"_acf_changed":false},"pwb-brand":[],"product_brand":[],"product_cat":[3217,3214,3219,3087,1802,1801,1807,1805,1767],"product_tag":[],"class_list":{"0":"post-389317","1":"product","2":"type-product","3":"status-publish","4":"has-post-thumbnail","6":"product_cat-moldes-de-formas-especiais","7":"product_cat-moldes-de-pastelaria","8":"product_cat-moldes-multi-porcoes","9":"product_cat-ordem-e-armazenamento","10":"product_cat-moldes-metal","11":"product_cat-moldes","12":"product_cat-moldes-multiporciones","13":"product_cat-moldes-rectangulares","14":"product_cat-utensilios","16":"first","17":"instock","18":"taxable","19":"shipping-taxable","20":"purchasable","21":"product-type-simple"},"acf":[],"df_price":10.99,"df_sale_price":"","df_regular_price":10.99,"df_image_link":"https:\/\/glotomania.com\/wp-content\/uploads\/2025\/11\/img_21866_887c2bc0f2ff8c2e4e3f6c8959724b48_1-33-300x300.jpg","brands":[],"_links":{"self":[{"href":"https:\/\/glotomania.com\/pt-pt\/wp-json\/wp\/v2\/product\/389317","targetHints":{"allow":["GET"]}}],"collection":[{"href":"https:\/\/glotomania.com\/pt-pt\/wp-json\/wp\/v2\/product"}],"about":[{"href":"https:\/\/glotomania.com\/pt-pt\/wp-json\/wp\/v2\/types\/product"}],"replies":[{"embeddable":true,"href":"https:\/\/glotomania.com\/pt-pt\/wp-json\/wp\/v2\/comments?post=389317"}],"wp:featuredmedia":[{"embeddable":true,"href":"https:\/\/glotomania.com\/pt-pt\/wp-json\/wp\/v2\/media\/345184"}],"wp:attachment":[{"href":"https:\/\/glotomania.com\/pt-pt\/wp-json\/wp\/v2\/media?parent=389317"}],"wp:term":[{"taxonomy":"pwb-brand","embeddable":true,"href":"https:\/\/glotomania.com\/pt-pt\/wp-json\/wp\/v2\/pwb-brand?post=389317"},{"taxonomy":"product_brand","embeddable":true,"href":"https:\/\/glotomania.com\/pt-pt\/wp-json\/wp\/v2\/product_brand?post=389317"},{"taxonomy":"product_cat","embeddable":true,"href":"https:\/\/glotomania.com\/pt-pt\/wp-json\/wp\/v2\/product_cat?post=389317"},{"taxonomy":"product_tag","embeddable":true,"href":"https:\/\/glotomania.com\/pt-pt\/wp-json\/wp\/v2\/product_tag?post=389317"}],"curies":[{"name":"wp","href":"https:\/\/api.w.org\/{rel}","templated":true}]}}