{"id":389318,"date":"2025-09-02T10:44:58","date_gmt":"2025-09-02T10:44:58","guid":{"rendered":"https:\/\/glotomania.com\/p\/molde-para-6-muffins-recipe-right-wilton-2\/"},"modified":"2026-03-10T20:11:13","modified_gmt":"2026-03-10T20:11:13","slug":"molde-para-6-muffins-recipe-right-wilton-2","status":"publish","type":"product","link":"https:\/\/glotomania.com\/pt-pt\/p\/molde-para-6-muffins-recipe-right-wilton-2\/","title":{"rendered":"Molde Para 6 Muffins &#8220;recipe Right&#8221; &#8211; Wilton"},"content":{"rendered":"<p>&nbsp;<\/p>\n<p><span style=\"font-size:14px\">Feito de <strong>alum&iacute;nio s&oacute;lido numa s&oacute; pe&ccedil;a<\/strong>, adequado para uso alimentar. Com revestimento <strong>anti-aderente<\/strong> para desenformar e limpar facilmente.<\/span><\/p>\n<p><span style=\"font-size:14px\"><strong>Dimens&otilde;es aproximadas: <\/strong>Molde 34 x 23 cm &#8211; <u>Profundidade <\/u>4,5 cm &#8211; <u>Cavidade <\/u>(superior) &Oslash; 8,5 cm &#8211; <u>Cavidade <\/u>(inferior) &Oslash; 6,5 cm.<\/span><\/p>\n<p><em><span style=\"font-size:14px\">N&atilde;o pode ser lavado na m&aacute;quina de lavar lou&ccedil;a.<\/span><\/em><\/p>\n","protected":false},"excerpt":{"rendered":"<p>Forma de alum\u00ednio Wilton de uma s\u00f3 pe\u00e7a para 6 muffins grandes, que garante uma cozedura perfeita.<\/p>\n","protected":false},"featured_media":350619,"comment_status":"open","ping_status":"closed","template":"","meta":{"_acf_changed":false},"pwb-brand":[],"product_brand":[],"product_cat":[3217,3217,3214,3214,3219,3219,1805,3087,3087],"product_tag":[],"class_list":{"0":"post-389318","1":"product","2":"type-product","3":"status-publish","4":"has-post-thumbnail","6":"product_cat-moldes-de-formas-especiais","8":"product_cat-moldes-de-pastelaria","10":"product_cat-moldes-multi-porcoes","12":"product_cat-moldes-rectangulares","13":"product_cat-ordem-e-armazenamento","16":"first","17":"instock","18":"taxable","19":"shipping-taxable","20":"purchasable","21":"product-type-simple"},"acf":[],"df_price":10.13,"df_sale_price":"","df_regular_price":10.13,"df_image_link":"https:\/\/glotomania.com\/wp-content\/uploads\/2025\/11\/img_21867_6d005f9ddf7f7434d5b47fe0714e9fdc_1-44-300x300.jpg","brands":[],"_links":{"self":[{"href":"https:\/\/glotomania.com\/pt-pt\/wp-json\/wp\/v2\/product\/389318","targetHints":{"allow":["GET"]}}],"collection":[{"href":"https:\/\/glotomania.com\/pt-pt\/wp-json\/wp\/v2\/product"}],"about":[{"href":"https:\/\/glotomania.com\/pt-pt\/wp-json\/wp\/v2\/types\/product"}],"replies":[{"embeddable":true,"href":"https:\/\/glotomania.com\/pt-pt\/wp-json\/wp\/v2\/comments?post=389318"}],"wp:featuredmedia":[{"embeddable":true,"href":"https:\/\/glotomania.com\/pt-pt\/wp-json\/wp\/v2\/media\/350619"}],"wp:attachment":[{"href":"https:\/\/glotomania.com\/pt-pt\/wp-json\/wp\/v2\/media?parent=389318"}],"wp:term":[{"taxonomy":"pwb-brand","embeddable":true,"href":"https:\/\/glotomania.com\/pt-pt\/wp-json\/wp\/v2\/pwb-brand?post=389318"},{"taxonomy":"product_brand","embeddable":true,"href":"https:\/\/glotomania.com\/pt-pt\/wp-json\/wp\/v2\/product_brand?post=389318"},{"taxonomy":"product_cat","embeddable":true,"href":"https:\/\/glotomania.com\/pt-pt\/wp-json\/wp\/v2\/product_cat?post=389318"},{"taxonomy":"product_tag","embeddable":true,"href":"https:\/\/glotomania.com\/pt-pt\/wp-json\/wp\/v2\/product_tag?post=389318"}],"curies":[{"name":"wp","href":"https:\/\/api.w.org\/{rel}","templated":true}]}}