{"id":389338,"date":"2025-09-02T10:45:07","date_gmt":"2025-09-02T10:45:07","guid":{"rendered":"https:\/\/glotomania.com\/p\/colorante-en-polvo-sugarflair-superwhite-blanco-intenso-150-g-2\/"},"modified":"2026-04-12T08:06:07","modified_gmt":"2026-04-12T08:06:07","slug":"colorante-en-polvo-sugarflair-superwhite-blanco-intenso-150-g-2","status":"publish","type":"product","link":"https:\/\/glotomania.com\/pt-pt\/p\/colorante-en-polvo-sugarflair-superwhite-blanco-intenso-150-g-2\/","title":{"rendered":"Corante Em P\u00d3 Sugarflair &#8211; Superwhite \/ Branco Intenso 150 G"},"content":{"rendered":"<p>&nbsp;<\/p>\n<p><strong><span style=\"font-size: 14px\">M&eacute;todo de utiliza&ccedil;&atilde;o:<\/span><\/strong><\/p>\n<p><span style=\"font-size: 14px\">&Eacute; recomendada a aplica&ccedil;&atilde;o de uma pequena quantidade de corante em p&oacute; com um pincel macio.&nbsp;<\/span><\/p>\n<p><span style=\"font-size: 14px\">Tamb&eacute;m pode ser utilizado como tinta misturando um pouco do p&oacute; com &aacute;lcool ou &aacute;gua.<\/span><\/p>\n","protected":false},"excerpt":{"rendered":"<p>Corante em p\u00f3 branco sugarflair ideal para branquear gelados, ma\u00e7ap\u00e3o,&#8230; tamb\u00e9m para criar a nossa pr\u00f3pria tinta comest\u00edvel, misturando-a com \u00e1lcool ou \u00e1gua.<\/p>\n","protected":false},"featured_media":350624,"comment_status":"open","ping_status":"closed","template":"","meta":{"_acf_changed":false},"pwb-brand":[],"product_brand":[],"product_cat":[1835,1894,2953,2961,1832,1845,2996,3001],"product_tag":[],"class_list":{"0":"post-389338","1":"product","2":"type-product","3":"status-publish","4":"has-post-thumbnail","6":"product_cat-colorantes","7":"product_cat-colorantes-polvo","8":"product_cat-corantes-e-pinturas","9":"product_cat-corantes-em-po-2","10":"product_cat-diestas-especiales","11":"product_cat-dieta-sin-e-171","12":"product_cat-produtos-vegetarianos","13":"product_cat-sem-e-171-2","15":"first","16":"instock","17":"taxable","18":"shipping-taxable","19":"purchasable","20":"product-type-simple"},"acf":[],"df_price":28.75,"df_sale_price":"","df_regular_price":28.75,"df_image_link":"https:\/\/glotomania.com\/wp-content\/uploads\/2025\/11\/img_21895_a973bc8f9b54fd67a2d2ceeed95b8048_1-41-300x300.jpg","brands":[],"_links":{"self":[{"href":"https:\/\/glotomania.com\/pt-pt\/wp-json\/wp\/v2\/product\/389338","targetHints":{"allow":["GET"]}}],"collection":[{"href":"https:\/\/glotomania.com\/pt-pt\/wp-json\/wp\/v2\/product"}],"about":[{"href":"https:\/\/glotomania.com\/pt-pt\/wp-json\/wp\/v2\/types\/product"}],"replies":[{"embeddable":true,"href":"https:\/\/glotomania.com\/pt-pt\/wp-json\/wp\/v2\/comments?post=389338"}],"wp:featuredmedia":[{"embeddable":true,"href":"https:\/\/glotomania.com\/pt-pt\/wp-json\/wp\/v2\/media\/350624"}],"wp:attachment":[{"href":"https:\/\/glotomania.com\/pt-pt\/wp-json\/wp\/v2\/media?parent=389338"}],"wp:term":[{"taxonomy":"pwb-brand","embeddable":true,"href":"https:\/\/glotomania.com\/pt-pt\/wp-json\/wp\/v2\/pwb-brand?post=389338"},{"taxonomy":"product_brand","embeddable":true,"href":"https:\/\/glotomania.com\/pt-pt\/wp-json\/wp\/v2\/product_brand?post=389338"},{"taxonomy":"product_cat","embeddable":true,"href":"https:\/\/glotomania.com\/pt-pt\/wp-json\/wp\/v2\/product_cat?post=389338"},{"taxonomy":"product_tag","embeddable":true,"href":"https:\/\/glotomania.com\/pt-pt\/wp-json\/wp\/v2\/product_tag?post=389338"}],"curies":[{"name":"wp","href":"https:\/\/api.w.org\/{rel}","templated":true}]}}