{"id":389344,"date":"2025-09-02T10:45:09","date_gmt":"2025-09-02T10:45:09","guid":{"rendered":"https:\/\/glotomania.com\/p\/flores-secas-comestibles-funcakes-acianos-5-g-2\/"},"modified":"2026-03-10T20:12:00","modified_gmt":"2026-03-10T20:12:00","slug":"flores-secas-comestibles-funcakes-acianos-5-g-2","status":"publish","type":"product","link":"https:\/\/glotomania.com\/pt-pt\/p\/flores-secas-comestibles-funcakes-acianos-5-g-2\/","title":{"rendered":"Flores Secas Comest\u00cdveis Funcakes &#8211; Cent\u00c1urea (5 G)"},"content":{"rendered":"<p>.<\/p>\n","protected":false},"excerpt":{"rendered":"<p>Flores secas 100% naturais da Funcakes, ideais para dar um toque elegante \u00e0s nossas cria\u00e7\u00f5es.<\/p>\n","protected":false},"featured_media":345188,"comment_status":"open","ping_status":"closed","template":"","meta":{"_acf_changed":false,"_joinchat":[]},"pwb-brand":[],"product_brand":[],"product_cat":[2910,2979,2907,2990,2994,2921,2996,1839,1832,1996,1998,1888,1849,1858],"product_tag":[],"class_list":{"0":"post-389344","1":"product","2":"type-product","3":"status-publish","4":"has-post-thumbnail","6":"product_cat-casamentos-2","7":"product_cat-decoracoes-comestiveis-2","8":"product_cat-festas","9":"product_cat-flores-comestiveis-para-bolos-2","10":"product_cat-flores-secas","11":"product_cat-pascoa","12":"product_cat-produtos-vegetarianos","13":"product_cat-decoracion-comestible","14":"product_cat-diestas-especiales","15":"product_cat-flores","17":"product_cat-bodas","18":"product_cat-fiestas","19":"product_cat-pascua","21":"first","22":"instock","23":"taxable","24":"shipping-taxable","25":"purchasable","26":"product-type-simple"},"acf":[],"df_price":3.02,"df_sale_price":"","df_regular_price":3.02,"df_image_link":"https:\/\/e622tfk5wxd.exactdn.com\/wp-content\/uploads\/2025\/11\/img_21930_4c50ac1219caf6051fc2b1d55fa2004f_1-43-300x300.jpg?strip=all","brands":[],"_links":{"self":[{"href":"https:\/\/glotomania.com\/pt-pt\/wp-json\/wp\/v2\/product\/389344","targetHints":{"allow":["GET"]}}],"collection":[{"href":"https:\/\/glotomania.com\/pt-pt\/wp-json\/wp\/v2\/product"}],"about":[{"href":"https:\/\/glotomania.com\/pt-pt\/wp-json\/wp\/v2\/types\/product"}],"replies":[{"embeddable":true,"href":"https:\/\/glotomania.com\/pt-pt\/wp-json\/wp\/v2\/comments?post=389344"}],"wp:featuredmedia":[{"embeddable":true,"href":"https:\/\/glotomania.com\/pt-pt\/wp-json\/wp\/v2\/media\/345188"}],"wp:attachment":[{"href":"https:\/\/glotomania.com\/pt-pt\/wp-json\/wp\/v2\/media?parent=389344"}],"wp:term":[{"taxonomy":"pwb-brand","embeddable":true,"href":"https:\/\/glotomania.com\/pt-pt\/wp-json\/wp\/v2\/pwb-brand?post=389344"},{"taxonomy":"product_brand","embeddable":true,"href":"https:\/\/glotomania.com\/pt-pt\/wp-json\/wp\/v2\/product_brand?post=389344"},{"taxonomy":"product_cat","embeddable":true,"href":"https:\/\/glotomania.com\/pt-pt\/wp-json\/wp\/v2\/product_cat?post=389344"},{"taxonomy":"product_tag","embeddable":true,"href":"https:\/\/glotomania.com\/pt-pt\/wp-json\/wp\/v2\/product_tag?post=389344"}],"curies":[{"name":"wp","href":"https:\/\/api.w.org\/{rel}","templated":true}]}}