{"id":389346,"date":"2025-09-02T10:45:11","date_gmt":"2025-09-02T10:45:11","guid":{"rendered":"https:\/\/glotomania.com\/p\/flores-secas-comestibles-funcakes-calendulas-5-g-2\/"},"modified":"2026-03-10T20:12:04","modified_gmt":"2026-03-10T20:12:04","slug":"flores-secas-comestibles-funcakes-calendulas-5-g-2","status":"publish","type":"product","link":"https:\/\/glotomania.com\/pt-pt\/p\/flores-secas-comestibles-funcakes-calendulas-5-g-2\/","title":{"rendered":"Flores Secas Comest\u00cdveis Funcakes &#8211; Cal\u00candulas (5 G)"},"content":{"rendered":"<p>.<\/p>\n","protected":false},"excerpt":{"rendered":"<p>Flores secas 100% naturais da Funcakes, ideais para dar um toque elegante \u00e0s nossas cria\u00e7\u00f5es.<\/p>\n","protected":false},"featured_media":345217,"comment_status":"open","ping_status":"closed","template":"","meta":{"_acf_changed":false,"_joinchat":[]},"pwb-brand":[],"product_brand":[],"product_cat":[2910,2979,2979,2996,2907,2990,2990,2994,2994,2917,2921,2996,2910,2907,2917,2921],"product_tag":[],"class_list":{"0":"post-389346","1":"product","2":"type-product","3":"status-publish","4":"has-post-thumbnail","6":"product_cat-casamentos-2","7":"product_cat-decoracoes-comestiveis-2","9":"product_cat-produtos-vegetarianos","10":"product_cat-festas","11":"product_cat-flores-comestiveis-para-bolos-2","13":"product_cat-flores-secas","15":"product_cat-halloween","16":"product_cat-pascoa","23":"first","24":"instock","25":"taxable","26":"shipping-taxable","27":"purchasable","28":"product-type-simple"},"acf":[],"df_price":2.95,"df_sale_price":"","df_regular_price":2.95,"df_image_link":"https:\/\/e622tfk5wxd.exactdn.com\/wp-content\/uploads\/2025\/11\/img_21934_cf77f0283afa0208604c6f9aea4a4523_1-38-300x300.jpg?strip=all","brands":[],"_links":{"self":[{"href":"https:\/\/glotomania.com\/pt-pt\/wp-json\/wp\/v2\/product\/389346","targetHints":{"allow":["GET"]}}],"collection":[{"href":"https:\/\/glotomania.com\/pt-pt\/wp-json\/wp\/v2\/product"}],"about":[{"href":"https:\/\/glotomania.com\/pt-pt\/wp-json\/wp\/v2\/types\/product"}],"replies":[{"embeddable":true,"href":"https:\/\/glotomania.com\/pt-pt\/wp-json\/wp\/v2\/comments?post=389346"}],"wp:featuredmedia":[{"embeddable":true,"href":"https:\/\/glotomania.com\/pt-pt\/wp-json\/wp\/v2\/media\/345217"}],"wp:attachment":[{"href":"https:\/\/glotomania.com\/pt-pt\/wp-json\/wp\/v2\/media?parent=389346"}],"wp:term":[{"taxonomy":"pwb-brand","embeddable":true,"href":"https:\/\/glotomania.com\/pt-pt\/wp-json\/wp\/v2\/pwb-brand?post=389346"},{"taxonomy":"product_brand","embeddable":true,"href":"https:\/\/glotomania.com\/pt-pt\/wp-json\/wp\/v2\/product_brand?post=389346"},{"taxonomy":"product_cat","embeddable":true,"href":"https:\/\/glotomania.com\/pt-pt\/wp-json\/wp\/v2\/product_cat?post=389346"},{"taxonomy":"product_tag","embeddable":true,"href":"https:\/\/glotomania.com\/pt-pt\/wp-json\/wp\/v2\/product_tag?post=389346"}],"curies":[{"name":"wp","href":"https:\/\/api.w.org\/{rel}","templated":true}]}}