{"id":389348,"date":"2025-09-02T10:45:12","date_gmt":"2025-09-02T10:45:12","guid":{"rendered":"https:\/\/glotomania.com\/p\/flores-secas-comestibles-funcakes-cartamos-5-g-2\/"},"modified":"2026-03-10T20:12:08","modified_gmt":"2026-03-10T20:12:08","slug":"flores-secas-comestibles-funcakes-cartamos-5-g-2","status":"publish","type":"product","link":"https:\/\/glotomania.com\/pt-pt\/p\/flores-secas-comestibles-funcakes-cartamos-5-g-2\/","title":{"rendered":"Flores Secas Comest\u00cdveis Funcakes &#8211; C\u00c1rtamo (5 G)"},"content":{"rendered":"<p>.<\/p>\n","protected":false},"excerpt":{"rendered":"<p>Flores secas 100% naturais da Funcakes, ideais para dar um toque elegante \u00e0s nossas cria\u00e7\u00f5es.<\/p>\n","protected":false},"featured_media":38355,"comment_status":"open","ping_status":"closed","template":"","meta":{"_acf_changed":false},"pwb-brand":[],"product_brand":[],"product_cat":[1839,2979,1832,2907,1996,2990,2994,1998,2921,2996,1849,1858],"product_tag":[],"class_list":{"0":"post-389348","1":"product","2":"type-product","3":"status-publish","4":"has-post-thumbnail","6":"product_cat-decoracion-comestible","7":"product_cat-decoracoes-comestiveis-2","8":"product_cat-diestas-especiales","9":"product_cat-festas","10":"product_cat-flores","11":"product_cat-flores-comestiveis-para-bolos-2","12":"product_cat-flores-secas","14":"product_cat-pascoa","15":"product_cat-produtos-vegetarianos","16":"product_cat-fiestas","17":"product_cat-pascua","19":"first","20":"instock","21":"taxable","22":"shipping-taxable","23":"purchasable","24":"product-type-simple"},"acf":[],"df_price":4.34,"df_sale_price":"","df_regular_price":4.34,"df_image_link":"https:\/\/glotomania.com\/wp-content\/uploads\/2023\/07\/img_21937_8a24179a0b18d76b2216739daae69463_1-300x300.png","brands":[],"_links":{"self":[{"href":"https:\/\/glotomania.com\/pt-pt\/wp-json\/wp\/v2\/product\/389348","targetHints":{"allow":["GET"]}}],"collection":[{"href":"https:\/\/glotomania.com\/pt-pt\/wp-json\/wp\/v2\/product"}],"about":[{"href":"https:\/\/glotomania.com\/pt-pt\/wp-json\/wp\/v2\/types\/product"}],"replies":[{"embeddable":true,"href":"https:\/\/glotomania.com\/pt-pt\/wp-json\/wp\/v2\/comments?post=389348"}],"wp:featuredmedia":[{"embeddable":true,"href":"https:\/\/glotomania.com\/pt-pt\/wp-json\/wp\/v2\/media\/38355"}],"wp:attachment":[{"href":"https:\/\/glotomania.com\/pt-pt\/wp-json\/wp\/v2\/media?parent=389348"}],"wp:term":[{"taxonomy":"pwb-brand","embeddable":true,"href":"https:\/\/glotomania.com\/pt-pt\/wp-json\/wp\/v2\/pwb-brand?post=389348"},{"taxonomy":"product_brand","embeddable":true,"href":"https:\/\/glotomania.com\/pt-pt\/wp-json\/wp\/v2\/product_brand?post=389348"},{"taxonomy":"product_cat","embeddable":true,"href":"https:\/\/glotomania.com\/pt-pt\/wp-json\/wp\/v2\/product_cat?post=389348"},{"taxonomy":"product_tag","embeddable":true,"href":"https:\/\/glotomania.com\/pt-pt\/wp-json\/wp\/v2\/product_tag?post=389348"}],"curies":[{"name":"wp","href":"https:\/\/api.w.org\/{rel}","templated":true}]}}